{"id":6155,"date":"2025-09-10T14:03:32","date_gmt":"2025-09-10T12:03:32","guid":{"rendered":"https:\/\/www.euromat.be\/product\/elektrische-airless-pistonpomp-tritech-t7\/"},"modified":"2025-10-29T10:59:19","modified_gmt":"2025-10-29T09:59:19","slug":"airless-pompe-a-pistonnes-airless-electrique-tritech-t7","status":"publish","type":"product","link":"https:\/\/www.euromat.be\/fr\/produit\/airless-pompe-a-pistonnes-airless-electrique-tritech-t7\/","title":{"rendered":"Airless pompe a pistonnes airless \u00e9lectrique Tritech T7"},"content":{"rendered":"<section class=\"l-section wpb_row height_auto\"><div class=\"l-section-h i-cf\"><div class=\"g-cols vc_row via_flex valign_top type_default stacking_default\"><div class=\"vc_col-sm-12 wpb_column vc_column_container\"><div class=\"vc_column-inner\"><div class=\"wpb_wrapper\"><div class=\"wpb_text_column\"><div class=\"wpb_wrapper\"><p><strong>Pompe \u00e9lectrique \u00e0 piston airless Tritech T7<\/strong><\/p>\n<p>Pour ceux pour qui chaque couche compte : performance constante et finition impeccable \u00e0 chaque application.<\/p>\n<p>La Tritech T7, disponible chez Euromat, est la pompe \u00e0 piston \u00e9lectrique airless puissante et durable pour le peintre professionnel. Avec une capacit\u00e9 \u00e9lev\u00e9e, une qualit\u00e9 de fabrication exceptionnelle et une technologie avanc\u00e9e, cette unit\u00e9 de pulv\u00e9risation est id\u00e9ale pour les grands projets de pulv\u00e9risation dans la construction et l&rsquo;industrie.<\/p>\n<p>Avec une pression de fonctionnement allant jusqu&rsquo;\u00e0 226 bars et un d\u00e9bit de 2,93 litres par minute, la Tritech T7 est con\u00e7ue pour traiter sans effort les rev\u00eatements \u00e9pais, les appr\u00eats, les laques et le latex. La buse de pulv\u00e9risation maximale de 0,027&Prime;\u00a0\u00bb garantit une couverture parfaite et une pulv\u00e9risation uniforme, m\u00eame en cas de viscosit\u00e9 \u00e9lev\u00e9e.<\/p>\n<p><strong>DES PULV\u00c9RISATEURS AIRLESS DE PR\u00c9CISION QUI DURENT PLUS LONGTEMPS QUE N&rsquo;IMPORTE QUEL AUTRE APPAREIL DE LEUR CAT\u00c9GORIE !<\/strong><br \/>\n1. En tant que distributeur officiel de Tritech en Belgique, Euromat propose une gamme de pompes \u00e0 piston airless de haute qualit\u00e9 qui se distinguent par leur durabilit\u00e9 et leur pr\u00e9cision. Les avantages de la Tritech T7 sont \u00e9vidents :<br \/>\n2. Une pulv\u00e9risation r\u00e9guli\u00e8re sans pulsations<br \/>\n3. Le moteur Precision Motor Control (PMC) s&rsquo;adapte automatiquement \u00e0 la buse utilis\u00e9e.<br \/>\n4. Pas de cylindre d&rsquo;usure, d&rsquo;o\u00f9 une dur\u00e9e de vie plus longue<br \/>\n5. Pompe enti\u00e8rement en acier inoxydable<br \/>\n6. Conception compacte : facile \u00e0 manipuler et \u00e0 transporter<br \/>\n7. Traite sans probl\u00e8me les rev\u00eatements \u00e0 base de solvant et \u00e0 base d&rsquo;eau<\/p>\n<p>Nos unit\u00e9s de location sont entretenues par des professionnels et peuvent \u00eatre utilis\u00e9es imm\u00e9diatement sur votre site. De plus, nos sp\u00e9cialistes peuvent vous conseiller parfaitement sur la bonne solution de pulv\u00e9risation sans air. Pour un r\u00e9sultat optimal, nous recommandons toujours de demander \u00e0 votre fournisseur de peinture la fiche technique de votre produit.<\/p>\n<p><strong>Caract\u00e9ristiques principales :<\/strong><br \/>\n&#8211; Marque : Tritech<br \/>\n&#8211; Mod\u00e8le : T7<br \/>\n&#8211; Pression de travail : 0-226 bar<br \/>\n&#8211; D\u00e9bit : 2,93 litres par minute<br \/>\n&#8211; Buse de pulv\u00e9risation maximale : 0,027&Prime;\u00a0\u00bb.<br \/>\n&#8211; Poids : 35 kg<br \/>\n&#8211; Entra\u00eenement : \u00e9lectrique &#8211; silencieux, n\u00e9cessitant peu d&rsquo;entretien et ne produisant pas d&rsquo;\u00e9missions<\/p>\n<p><strong>Applications :<\/strong><br \/>\nLa Tritech T7 convient parfaitement aux grands projets de r\u00e9novation et de construction, aux rev\u00eatements industriels, aux travaux de fa\u00e7ade et \u00e0 la finition int\u00e9rieure. Cette pompe \u00e0 piston est compatible avec une large gamme de rev\u00eatements tels que les laques, les appr\u00eats, le latex, l&rsquo;\u00e9poxy et les rev\u00eatements de protection.<\/p>\n<p><strong>Pourquoi choisir Euromat ?<\/strong><\/p>\n<p>\u2714\ufe0f Distributeur exclusif de Tritech en Belgique<br \/>\n\u2714\ufe0f Location professionnelle et conseils sur mesure<br \/>\n\u2714\ufe0f Support technique et explications sur place<br \/>\n\u2714\ufe0f Machines imm\u00e9diatement disponibles et parfaitement entretenues<\/p>\n<\/div><\/div><\/div><\/div><\/div><\/div><\/div><\/section>\n","protected":false},"excerpt":{"rendered":"<p>Location d&rsquo;une pompe \u00e0 piston airless Tritech T7 ? Machine \u00e9lectrique haut de gamme jusqu&rsquo;\u00e0 226 bars et 2,93 l\/min, adapt\u00e9e aux rev\u00eatements \u00e9pais, aux appr\u00eats, \u00e0 la laque et au latex. Durable, sans pulsation et id\u00e9ale pour les grands projets de construction et de pulv\u00e9risation industrielle.<\/p>\n","protected":false},"featured_media":2186,"template":"","meta":{"_acf_changed":false},"product_brand":[1429],"product_cat":[1369,2981,1365],"product_tag":[],"class_list":{"0":"post-6155","1":"product","2":"type-product","3":"status-publish","4":"has-post-thumbnail","6":"product_brand-tritech","7":"product_cat-materiels-de-peinture","8":"product_cat-pompe-a-piston-airless-electrique","9":"product_cat-traitement-de-surface","10":"pa_doorloopcapaciteit-293-l-min","11":"pa_gewicht-35-kg-fr","12":"pa_max-spuittip-0027-fr","13":"pa_werkdruk-0-226-bar-fr","15":"first","16":"instock","17":"purchasable","18":"product-type-simple"},"acf":[],"_links":{"self":[{"href":"https:\/\/www.euromat.be\/fr\/wp-json\/wp\/v2\/product\/6155","targetHints":{"allow":["GET"]}}],"collection":[{"href":"https:\/\/www.euromat.be\/fr\/wp-json\/wp\/v2\/product"}],"about":[{"href":"https:\/\/www.euromat.be\/fr\/wp-json\/wp\/v2\/types\/product"}],"wp:featuredmedia":[{"embeddable":true,"href":"https:\/\/www.euromat.be\/fr\/wp-json\/wp\/v2\/media\/2186"}],"wp:attachment":[{"href":"https:\/\/www.euromat.be\/fr\/wp-json\/wp\/v2\/media?parent=6155"}],"wp:term":[{"taxonomy":"product_brand","embeddable":true,"href":"https:\/\/www.euromat.be\/fr\/wp-json\/wp\/v2\/product_brand?post=6155"},{"taxonomy":"product_cat","embeddable":true,"href":"https:\/\/www.euromat.be\/fr\/wp-json\/wp\/v2\/product_cat?post=6155"},{"taxonomy":"product_tag","embeddable":true,"href":"https:\/\/www.euromat.be\/fr\/wp-json\/wp\/v2\/product_tag?post=6155"}],"curies":[{"name":"wp","href":"https:\/\/api.w.org\/{rel}","templated":true}]}}