{"id":6164,"date":"2025-09-10T14:03:32","date_gmt":"2025-09-10T12:03:32","guid":{"rendered":"https:\/\/www.euromat.be\/product\/wiwa-duomix-230-mini\/"},"modified":"2025-09-11T11:35:43","modified_gmt":"2025-09-11T09:35:43","slug":"wiwa-duomix-230-mini","status":"publish","type":"product","link":"https:\/\/www.euromat.be\/fr\/produit\/wiwa-duomix-230-mini\/","title":{"rendered":"Wiwa Duomix 230 mini"},"content":{"rendered":"<section class=\"l-section wpb_row height_auto\"><div class=\"l-section-h i-cf\"><div class=\"g-cols vc_row via_flex valign_top type_default stacking_default\"><div class=\"vc_col-sm-12 wpb_column vc_column_container\"><div class=\"vc_column-inner\"><div class=\"wpb_wrapper\"><div class=\"wpb_text_column\"><div class=\"wpb_wrapper\"><p><strong>WIWA DUOMIX 230 MINI &#8211; Pompe de m\u00e9lange pneumatique professionnelle \u00e0 double piston<\/strong><\/p>\n<p>Solution de m\u00e9lange puissante et compacte pour les applications exigeantes<\/p>\n<p>La WIWA DUOMIX 230 MINI est une pompe m\u00e9langeuse pneumatique robuste, id\u00e9ale pour le dosage et le m\u00e9lange pr\u00e9cis de mat\u00e9riaux \u00e0 deux composants. Avec un rapport de m\u00e9lange fixe de 4:1 et une pression de travail maximale de 384 bars, cette pompe Wiwa offre d&rsquo;excellentes performances lors de l&rsquo;application de rev\u00eatements, de colles et d&rsquo;autres r\u00e9sines de haute qualit\u00e9. Gr\u00e2ce \u00e0 ses dimensions compactes et \u00e0 sa facilit\u00e9 d&rsquo;utilisation, la WIWA DUOMIX 230 MINI est id\u00e9ale pour une utilisation professionnelle dans diverses applications industrielles et de construction. D&rsquo;autres rapports de m\u00e9lange sont disponibles sur demande, ce qui permet une personnalisation.<\/p>\n<p><strong>Caract\u00e9ristiques principales :<\/strong><br \/>\n&#8211; Rapport de m\u00e9lange : rapport fixe de 4:1 (autres rapports possibles sur demande)<br \/>\n&#8211; Pression de service maximale : 384 bar &#8211; convient aux applications lourdes<br \/>\n&#8211; D\u00e9bit par double course : 120 cc &#8211; consommation efficace de mat\u00e9riaux<br \/>\n&#8211; Compact et robuste : facile \u00e0 transporter et adapt\u00e9 \u00e0 un usage intensif<br \/>\n&#8211; Marque Wiwa : qualit\u00e9 et long\u00e9vit\u00e9 \u00e9prouv\u00e9es dans les pompes de m\u00e9lange pneumatiques<\/p>\n<p><strong>Applications :<\/strong><br \/>\nExcellent pour le traitement des r\u00e9sines \u00e0 deux composants, des rev\u00eatements, des adh\u00e9sifs et des produits d&rsquo;\u00e9tanch\u00e9it\u00e9 dans la production industrielle, la maintenance et les r\u00e9parations.<\/p>\n<p><strong>Pourquoi choisir Euromat et Wiwa ?<\/strong><br \/>\nAvec Euromat, vous ne louez pas seulement la WIWA DUOMIX 230 MINI, mais vous b\u00e9n\u00e9ficiez \u00e9galement de notre expertise, de nos conditions flexibles et de notre support technique. Nous veillons \u00e0 ce que votre projet se d\u00e9roule sans probl\u00e8me et efficacement avec les meilleures machines et le meilleur service.<\/p>\n<p>\u2714\ufe0f Disponibilit\u00e9 rapide des \u00e9quipements Wiwa<br \/>\n\u2714\ufe0f Conditions de location flexibles adapt\u00e9es \u00e0 votre projet<br \/>\n\u2714\ufe0f Soutien et conseils d&rsquo;experts par les professionnels d&rsquo;Euromat<\/p>\n<\/div><\/div><\/div><\/div><\/div><\/div><\/div><\/section>\n","protected":false},"excerpt":{"rendered":"<p>Louer WIWA DUOMIX 230 MINI ? Pompe m\u00e9langeuse 2K compacte et pneumatique avec un rapport de m\u00e9lange fixe de 4:1 (autres rapports sur demande), une pression de travail maximale de 384 bars et 120 cc par double course. Id\u00e9ale pour le dosage pr\u00e9cis et le traitement de r\u00e9sines \u00e0 deux composants, de rev\u00eatements, de colles et de produits d&rsquo;\u00e9tanch\u00e9it\u00e9 dans l&rsquo;industrie et le b\u00e2timent.<\/p>\n","protected":false},"featured_media":2154,"template":"","meta":{"_acf_changed":false},"product_brand":[1433],"product_cat":[1369,2982,1365],"product_tag":[],"class_list":{"0":"post-6164","1":"product","2":"type-product","3":"status-publish","4":"has-post-thumbnail","6":"product_brand-wiwa","7":"product_cat-materiels-de-peinture","8":"product_cat-pompe-a-piston-airless-pneumatique","9":"product_cat-traitement-de-surface","10":"pa_debiet-dubbelslag-120-cc-fr","11":"pa_mengverhouding-41-andere-mengverhouding-op-aanvraag-fr","12":"pa_werkdruk-384-bar-fr","14":"first","15":"instock","16":"purchasable","17":"product-type-simple"},"acf":[],"_links":{"self":[{"href":"https:\/\/www.euromat.be\/fr\/wp-json\/wp\/v2\/product\/6164","targetHints":{"allow":["GET"]}}],"collection":[{"href":"https:\/\/www.euromat.be\/fr\/wp-json\/wp\/v2\/product"}],"about":[{"href":"https:\/\/www.euromat.be\/fr\/wp-json\/wp\/v2\/types\/product"}],"wp:featuredmedia":[{"embeddable":true,"href":"https:\/\/www.euromat.be\/fr\/wp-json\/wp\/v2\/media\/2154"}],"wp:attachment":[{"href":"https:\/\/www.euromat.be\/fr\/wp-json\/wp\/v2\/media?parent=6164"}],"wp:term":[{"taxonomy":"product_brand","embeddable":true,"href":"https:\/\/www.euromat.be\/fr\/wp-json\/wp\/v2\/product_brand?post=6164"},{"taxonomy":"product_cat","embeddable":true,"href":"https:\/\/www.euromat.be\/fr\/wp-json\/wp\/v2\/product_cat?post=6164"},{"taxonomy":"product_tag","embeddable":true,"href":"https:\/\/www.euromat.be\/fr\/wp-json\/wp\/v2\/product_tag?post=6164"}],"curies":[{"name":"wp","href":"https:\/\/api.w.org\/{rel}","templated":true}]}}