{"id":6166,"date":"2025-09-10T14:03:32","date_gmt":"2025-09-10T12:03:32","guid":{"rendered":"https:\/\/www.euromat.be\/product\/wiwa-duomix-333-gx-pfp\/"},"modified":"2025-09-11T11:35:44","modified_gmt":"2025-09-11T09:35:44","slug":"wiwa-duomix-333-gx-pfp","status":"publish","type":"product","link":"https:\/\/www.euromat.be\/fr\/produit\/wiwa-duomix-333-gx-pfp\/","title":{"rendered":"Wiwa Duomix 333 GX PFP"},"content":{"rendered":"<section class=\"l-section wpb_row height_auto\"><div class=\"l-section-h i-cf\"><div class=\"g-cols vc_row via_flex valign_top type_default stacking_default\"><div class=\"vc_col-sm-12 wpb_column vc_column_container\"><div class=\"vc_column-inner\"><div class=\"wpb_wrapper\"><div class=\"wpb_text_column\"><div class=\"wpb_wrapper\"><p><strong>WIWA DUOMIX 333 GX PFP &#8211; Pompe de m\u00e9lange pneumatique puissante de Wiwa pour des performances \u00e9lev\u00e9es<\/strong><\/p>\n<p>Pr\u00e9cision et flexibilit\u00e9 avec des d\u00e9bits plus \u00e9lev\u00e9s pour les applications exigeantes<\/p>\n<p>La WIWA DUOMIX 333 GX PFP est une pompe m\u00e9langeuse pneumatique avanc\u00e9e de Wiwa, con\u00e7ue pour m\u00e9langer et distribuer des mat\u00e9riaux \u00e0 deux composants avec un rapport de m\u00e9lange variable de 1:1 \u00e0 2,33:1. Avec une pression de travail maximale de 429 bars et un d\u00e9bit par double course de 230 \u00e0 329 cc, cette pompe Wiwa offre d&rsquo;excellentes performances et une grande efficacit\u00e9, id\u00e9ale pour les applications plus importantes o\u00f9 un d\u00e9bit plus \u00e9lev\u00e9 est n\u00e9cessaire. Gr\u00e2ce \u00e0 sa construction robuste et \u00e0 son dosage pr\u00e9cis, la WIWA DUOMIX 333 GX PFP est parfaite pour les processus professionnels de rev\u00eatement, de collage et d&rsquo;\u00e9tanch\u00e9it\u00e9. D&rsquo;autres rapports de m\u00e9lange sont disponibles sur demande.<\/p>\n<p><strong>Caract\u00e9ristiques principales :<\/strong><br \/>\n&#8211; Rapport de m\u00e9lange variable : r\u00e9glable de 1:1 \u00e0 2,33:1 (autres rapports de m\u00e9lange possibles sur demande)<br \/>\n&#8211; Pression de service maximale : 429 bar &#8211; convient aux applications exigeantes<br \/>\n&#8211; D\u00e9bit par double course : 230-329 cc &#8211; capacit\u00e9 plus \u00e9lev\u00e9e pour les projets plus importants<br \/>\n&#8211; Robuste et fiable : con\u00e7u pour une utilisation professionnelle intensive<br \/>\n&#8211; Qualit\u00e9 Wiwa : technologie de m\u00e9lange durable et pr\u00e9cise<\/p>\n<p><strong>Applications :<\/strong><br \/>\nExcellent pour le traitement des r\u00e9sines \u00e0 deux composants, des rev\u00eatements, des adh\u00e9sifs et des produits d&rsquo;\u00e9tanch\u00e9it\u00e9 dans les projets industriels et de maintenance \u00e0 grande \u00e9chelle.<\/p>\n<p><strong>Pourquoi choisir Euromat et Wiwa ?<\/strong><\/p>\n<p>\u2714\ufe0f Disponibilit\u00e9 rapide des \u00e9quipements Wiwa<br \/>\n\u2714\ufe0f Des conditions de location flexibles, adapt\u00e9es \u00e0 votre projet<br \/>\n\u2714\ufe0f Assistance experte par les sp\u00e9cialistes d&rsquo;Euromat<\/p>\n<\/div><\/div><\/div><\/div><\/div><\/div><\/div><\/section>\n","protected":false},"excerpt":{"rendered":"<p>Louer WIWA DUOMIX 333 GX PFP ? Pompe m\u00e9langeuse pneumatique 2K avec rapport de m\u00e9lange variable de 1:1 \u00e0 2,33:1, pression de travail max. 429 bars et 230-329 cc par double course. Id\u00e9ale pour les applications \u00e0 grande \u00e9chelle et \u00e0 d\u00e9bit \u00e9lev\u00e9 telles que le m\u00e9lange et la pulv\u00e9risation pr\u00e9cis de rev\u00eatements PFP ignifuges \u00e0 deux composants tels que Pittchar, Jotachar, Humidur Char, les rev\u00eatements Chartek, les rev\u00eatements ignifuges passifs Hempafire dans les projets industriels et d&rsquo;entretien.<\/p>\n","protected":false},"featured_media":7170,"template":"","meta":{"_acf_changed":false},"product_brand":[1433],"product_cat":[1369,2982,1365],"product_tag":[],"class_list":{"0":"post-6166","1":"product","2":"type-product","3":"status-publish","4":"has-post-thumbnail","6":"product_brand-wiwa","7":"product_cat-materiels-de-peinture","8":"product_cat-pompe-a-piston-airless-pneumatique","9":"product_cat-traitement-de-surface","10":"pa_debiet-dubbelslag-230-329-cc-fr","11":"pa_max-output-184-207-l-min-fr","12":"pa_mengverhouding-11-tot-2331-andere-mengverhouding-op-aanvraag-fr","13":"pa_werkdruk-429-bar-fr","15":"first","16":"instock","17":"purchasable","18":"product-type-simple"},"acf":[],"_links":{"self":[{"href":"https:\/\/www.euromat.be\/fr\/wp-json\/wp\/v2\/product\/6166","targetHints":{"allow":["GET"]}}],"collection":[{"href":"https:\/\/www.euromat.be\/fr\/wp-json\/wp\/v2\/product"}],"about":[{"href":"https:\/\/www.euromat.be\/fr\/wp-json\/wp\/v2\/types\/product"}],"wp:featuredmedia":[{"embeddable":true,"href":"https:\/\/www.euromat.be\/fr\/wp-json\/wp\/v2\/media\/7170"}],"wp:attachment":[{"href":"https:\/\/www.euromat.be\/fr\/wp-json\/wp\/v2\/media?parent=6166"}],"wp:term":[{"taxonomy":"product_brand","embeddable":true,"href":"https:\/\/www.euromat.be\/fr\/wp-json\/wp\/v2\/product_brand?post=6166"},{"taxonomy":"product_cat","embeddable":true,"href":"https:\/\/www.euromat.be\/fr\/wp-json\/wp\/v2\/product_cat?post=6166"},{"taxonomy":"product_tag","embeddable":true,"href":"https:\/\/www.euromat.be\/fr\/wp-json\/wp\/v2\/product_tag?post=6166"}],"curies":[{"name":"wp","href":"https:\/\/api.w.org\/{rel}","templated":true}]}}