{"id":6170,"date":"2025-09-10T14:03:32","date_gmt":"2025-09-10T12:03:32","guid":{"rendered":"https:\/\/www.euromat.be\/product\/titan-powrtwin-6900xlt-di-hydraulische-airless-pistonpomp\/"},"modified":"2025-09-11T11:35:43","modified_gmt":"2025-09-11T09:35:43","slug":"titan-powrtwin-6900xlt-di-pompe-airless-hydraulique-a-pistonnes","status":"publish","type":"product","link":"https:\/\/www.euromat.be\/fr\/produit\/titan-powrtwin-6900xlt-di-pompe-airless-hydraulique-a-pistonnes\/","title":{"rendered":"Titan Powrtwin 6900XLT DI pompe airless hydraulique \u00e0 pistonnes"},"content":{"rendered":"<section class=\"l-section wpb_row height_auto\"><div class=\"l-section-h i-cf\"><div class=\"g-cols vc_row via_flex valign_top type_default stacking_default\"><div class=\"vc_col-sm-12 wpb_column vc_column_container\"><div class=\"vc_column-inner\"><div class=\"wpb_wrapper\"><div class=\"wpb_text_column\"><div class=\"wpb_wrapper\"><p><strong>TITAN PowrTwin 6900XLT DI &#8211; Pompe \u00e0 piston hydraulique airless Titan pour la pulv\u00e9risation professionnelle<\/strong><\/p>\n<p>R\u00e9sistance industrielle pour les applications de peinture et de rev\u00eatement<\/p>\n<p>La TITAN PowrTwin 6900XLT DI est une pompe \u00e0 piston \u00e9lectrique hydraulique airless de qualit\u00e9 sup\u00e9rieure con\u00e7ue pour les applications de pulv\u00e9risation exigeantes dans la construction et l&rsquo;industrie. Cette puissante pompe de Titan d\u00e9livre une pression de travail constante allant jusqu&rsquo;\u00e0 230 bars et un d\u00e9bit de 5,7 litres par minute, assurant un r\u00e9sultat de pulv\u00e9risation serr\u00e9 et efficace, m\u00eame avec des rev\u00eatements plus \u00e9pais. Gr\u00e2ce \u00e0 sa conception robuste et \u00e0 sa capacit\u00e9 \u00e0 fonctionner avec un ou deux pistolets, cette unit\u00e9 est id\u00e9ale pour les grandes surfaces et les utilisations intensives.<\/p>\n<p><strong>Caract\u00e9ristiques principales :<\/strong><br \/>\n&#8211; Moteur : entra\u00eenement \u00e9lectrique puissant &#8211; peu bruyant et adapt\u00e9 \u00e0 une utilisation en int\u00e9rieur<br \/>\n&#8211; Pression de travail : jusqu&rsquo;\u00e0 230 bars &#8211; manipulation coh\u00e9rente et contr\u00f4l\u00e9e des mat\u00e9riaux<br \/>\n&#8211; D\u00e9bit : 5,7 l\/min &#8211; convient aux projets de pulv\u00e9risation de moyenne \u00e0 grande envergure<br \/>\n&#8211; Capacit\u00e9 des buses : max 0.036&Prime;\u00a0\u00bb (1 pistolet) \/ 0.038&Prime;\u00a0\u00bb (2 pistolets)<br \/>\n&#8211; Poids : 68 kg &#8211; solide mais maniable<br \/>\n&#8211; Qualit\u00e9 Titan : durabilit\u00e9 et performances \u00e9prouv\u00e9es<\/p>\n<p><strong>Applications :<\/strong><br \/>\nId\u00e9al pour la pulv\u00e9risation de laques, d&rsquo;appr\u00eats, de latex, de rev\u00eatements et d&rsquo;autres mat\u00e9riaux sensibles \u00e0 la viscosit\u00e9 dans les projets r\u00e9sidentiels, commerciaux et industriels.<\/p>\n<p><strong>Pourquoi choisir Euromat et Titan ?<\/strong><\/p>\n<p>\u2714\ufe0f Des machines Titan disponibles pour toutes les applications<br \/>\n\u2714\ufe0f Des conditions de location flexibles adapt\u00e9es \u00e0 votre chantier<br \/>\n\u2714\ufe0f Support technique et expertise des professionnels d&rsquo;Euromat<\/p>\n<\/div><\/div><\/div><\/div><\/div><\/div><\/div><\/section>\n","protected":false},"excerpt":{"rendered":"<p>Louer TITAN PowrTwin 6900XLT DI ? Pompe \u00e0 piston \u00e9lectrique hydraulique airless avec une pression de travail de 230 bars et un d\u00e9bit de 5,7 l\/min. Convient pour 1 ou 2 pistolets et id\u00e9ale pour les projets de peinture et de rev\u00eatement de moyenne \u00e0 grande envergure dans la construction et l&rsquo;industrie.<\/p>\n","protected":false},"featured_media":2176,"template":"","meta":{"_acf_changed":false},"product_brand":[1427],"product_cat":[1369,2985,1365],"product_tag":[],"class_list":{"0":"post-6170","1":"product","2":"type-product","3":"status-publish","4":"has-post-thumbnail","6":"product_brand-titan","7":"product_cat-materiels-de-peinture","8":"product_cat-pompe-airless-hydraulique-a-piston","9":"product_cat-traitement-de-surface","10":"pa_doorloopcapaciteit-57-l-min","11":"pa_gewicht-68-kg-fr","12":"pa_max-spuittip-1-pistool-0036-fr","13":"pa_max-spuittip-2-pistolen-0038-fr","14":"pa_type-motor-elektrisch-fr","15":"pa_werkdruk-0-230-bar-fr","17":"first","18":"instock","19":"purchasable","20":"product-type-simple"},"acf":[],"_links":{"self":[{"href":"https:\/\/www.euromat.be\/fr\/wp-json\/wp\/v2\/product\/6170","targetHints":{"allow":["GET"]}}],"collection":[{"href":"https:\/\/www.euromat.be\/fr\/wp-json\/wp\/v2\/product"}],"about":[{"href":"https:\/\/www.euromat.be\/fr\/wp-json\/wp\/v2\/types\/product"}],"wp:featuredmedia":[{"embeddable":true,"href":"https:\/\/www.euromat.be\/fr\/wp-json\/wp\/v2\/media\/2176"}],"wp:attachment":[{"href":"https:\/\/www.euromat.be\/fr\/wp-json\/wp\/v2\/media?parent=6170"}],"wp:term":[{"taxonomy":"product_brand","embeddable":true,"href":"https:\/\/www.euromat.be\/fr\/wp-json\/wp\/v2\/product_brand?post=6170"},{"taxonomy":"product_cat","embeddable":true,"href":"https:\/\/www.euromat.be\/fr\/wp-json\/wp\/v2\/product_cat?post=6170"},{"taxonomy":"product_tag","embeddable":true,"href":"https:\/\/www.euromat.be\/fr\/wp-json\/wp\/v2\/product_tag?post=6170"}],"curies":[{"name":"wp","href":"https:\/\/api.w.org\/{rel}","templated":true}]}}