{"id":6171,"date":"2025-09-10T14:03:09","date_gmt":"2025-09-10T12:03:09","guid":{"rendered":"https:\/\/www.euromat.be\/product\/straalpijp-nlw-6-8-10-12\/"},"modified":"2025-09-11T11:35:47","modified_gmt":"2025-09-11T09:35:47","slug":"buse-de-sablage-nlw-6-8-10-12","status":"publish","type":"product","link":"https:\/\/www.euromat.be\/fr\/produit\/buse-de-sablage-nlw-6-8-10-12\/","title":{"rendered":"Buse de sablage NLW 6-8-10-12"},"content":{"rendered":"<section class=\"l-section wpb_row height_auto\"><div class=\"l-section-h i-cf\"><div class=\"g-cols vc_row via_flex valign_top type_default stacking_default\"><div class=\"vc_col-sm-12 wpb_column vc_column_container\"><div class=\"vc_column-inner\"><div class=\"wpb_wrapper\"><div class=\"wpb_text_column\"><div class=\"wpb_wrapper\"><p>Nos buses sont con\u00e7ues pour offrir une combinaison optimale de puissance, de pr\u00e9cision et de facilit\u00e9 d&rsquo;utilisation dans les op\u00e9rations de grenaillage. Elles sont fabriqu\u00e9es dans des mat\u00e9riaux r\u00e9sistants \u00e0 l&rsquo;usure et sont disponibles en diff\u00e9rentes longueurs et diam\u00e8tres, de sorte qu&rsquo;il existe toujours une solution adapt\u00e9e \u00e0 l&rsquo;application. Gr\u00e2ce \u00e0 leur construction robuste et \u00e0 leur conception ergonomique, ces tuyaux offrent des performances de sablage constantes et une longue dur\u00e9e de vie, m\u00eame en cas d&rsquo;utilisation intensive. Ils sont id\u00e9aux pour toute une s\u00e9rie de travaux de nettoyage, d&rsquo;entretien et de traitement de surface, dans le cadre de projets industriels ou sp\u00e9cialis\u00e9s.<\/p>\n<\/div><\/div><\/div><\/div><\/div><\/div><\/div><\/section>\n","protected":false},"excerpt":{"rendered":"<p>Buses durables pour un grenaillage pr\u00e9cis et puissant, disponibles en diff\u00e9rents mod\u00e8les et diam\u00e8tres.<\/p>\n","protected":false},"featured_media":2318,"template":"","meta":{"_acf_changed":false},"product_brand":[],"product_cat":[1368,3058,1365],"product_tag":[],"class_list":{"0":"post-6171","1":"product","2":"type-product","3":"status-publish","4":"has-post-thumbnail","6":"product_cat-accessoires-traitement-de-surface","7":"product_cat-buses-de-sablage","8":"product_cat-traitement-de-surface","9":"pa_model-nlw-6-nlw-8-nlw-10-nlw-12-fr","11":"first","12":"instock","13":"purchasable","14":"product-type-simple"},"acf":[],"_links":{"self":[{"href":"https:\/\/www.euromat.be\/fr\/wp-json\/wp\/v2\/product\/6171","targetHints":{"allow":["GET"]}}],"collection":[{"href":"https:\/\/www.euromat.be\/fr\/wp-json\/wp\/v2\/product"}],"about":[{"href":"https:\/\/www.euromat.be\/fr\/wp-json\/wp\/v2\/types\/product"}],"wp:featuredmedia":[{"embeddable":true,"href":"https:\/\/www.euromat.be\/fr\/wp-json\/wp\/v2\/media\/2318"}],"wp:attachment":[{"href":"https:\/\/www.euromat.be\/fr\/wp-json\/wp\/v2\/media?parent=6171"}],"wp:term":[{"taxonomy":"product_brand","embeddable":true,"href":"https:\/\/www.euromat.be\/fr\/wp-json\/wp\/v2\/product_brand?post=6171"},{"taxonomy":"product_cat","embeddable":true,"href":"https:\/\/www.euromat.be\/fr\/wp-json\/wp\/v2\/product_cat?post=6171"},{"taxonomy":"product_tag","embeddable":true,"href":"https:\/\/www.euromat.be\/fr\/wp-json\/wp\/v2\/product_tag?post=6171"}],"curies":[{"name":"wp","href":"https:\/\/api.w.org\/{rel}","templated":true}]}}