{"id":6180,"date":"2025-09-10T14:03:09","date_gmt":"2025-09-10T12:03:09","guid":{"rendered":"https:\/\/www.euromat.be\/product\/stoffilterkast-9000m%c2%b3-u-pf9-zandstralen\/"},"modified":"2025-09-11T11:35:49","modified_gmt":"2025-09-11T09:35:49","slug":"armoire-de-filtration-9000m%c2%b3-u-pf9-sablage","status":"publish","type":"product","link":"https:\/\/www.euromat.be\/fr\/produit\/armoire-de-filtration-9000m%c2%b3-u-pf9-sablage\/","title":{"rendered":"Armoire de filtration 9000m\u00b3\/u pf9 sablage"},"content":{"rendered":"<section class=\"l-section wpb_row height_auto\"><div class=\"l-section-h i-cf\"><div class=\"g-cols vc_row via_flex valign_top type_default stacking_default\"><div class=\"vc_col-sm-12 wpb_column vc_column_container\"><div class=\"vc_column-inner\"><div class=\"wpb_wrapper\"><div class=\"wpb_text_column\"><div class=\"wpb_wrapper\"><p><strong>Caisson filtre \u00e0 poussi\u00e8re Sybrandy PF9 &#8211; 9000 m\u00b3\/h pour le sablage<\/strong><\/p>\n<p>Extraction maximale des poussi\u00e8res pour un lieu de travail propre et s\u00fbr, m\u00eame dans les applications de sablage lourdes et \u00e0 grande \u00e9chelle.<\/p>\n<p>L&rsquo;armoire filtrante PF9 de Sybrandy, disponible chez Euromat, est une solution d&rsquo;extraction puissante pour les op\u00e9rations de sablage intensives o\u00f9 il est essentiel de travailler sans poussi\u00e8re. Avec une capacit\u00e9 d&rsquo;extraction impressionnante de 9000 m\u00b3\/h et une construction industrielle robuste, cette unit\u00e9 de filtration est parfaite pour les environnements de travail exigeants et \u00e9tendus.<\/p>\n<p>En standard, cette armoire filtrante de Sybrandy est \u00e9quip\u00e9e d&rsquo;un filtre \u00e0 cartouche d&rsquo;une surface filtrante g\u00e9n\u00e9reuse de 144 m\u00b2. Le filtre est int\u00e9gr\u00e9 dans une construction en acier solide qui peut r\u00e9sister \u00e0 un usage intensif. En cours de fonctionnement, les cartouches filtrantes sont nettoy\u00e9es automatiquement et en continu \u00e0 l&rsquo;aide d&rsquo;air comprim\u00e9, ce qui garantit un fonctionnement optimal et une filtration maximale.<\/p>\n<p>La poussi\u00e8re est collect\u00e9e efficacement par des entonnoirs \u00e0 poussi\u00e8re qui se d\u00e9versent dans des tambours de collecte d&rsquo;environ 30 litres chacun. Le d\u00e9poussi\u00e9rage est ainsi propre, s\u00fbr et facile. Ces caract\u00e9ristiques font du PF9 un choix fiable pour les applications industrielles n\u00e9cessitant un d\u00e9poussi\u00e9rage important.<\/p>\n<p><strong>Caract\u00e9ristiques principales :<\/strong><br \/>\n&#8211; Capacit\u00e9 d&rsquo;aspiration : 9000 m\u00b3\/h<br \/>\n&#8211; Raccord d&rsquo;aspiration : 2 x \u00d8 300 mm<br \/>\n&#8211; Surface du filtre : 144 m\u00b2<br \/>\n&#8211; Alimentation \u00e9lectrique : CEE 5P 32A &#8211; 400 volts<br \/>\n&#8211; Dimensions (l x l x h) : 2900 x 1460 x 2405 mm<br \/>\n&#8211; Poids : \u00b1 1160 kg<\/p>\n<p><strong>Applications :<\/strong><br \/>\nL&rsquo;unit\u00e9 de filtration des poussi\u00e8res Sybrandy PF9 est id\u00e9ale pour le sablage lourd, le nettoyage industriel, les projets de r\u00e9novation et toutes les situations o\u00f9 une grande capacit\u00e9 d&rsquo;extraction des poussi\u00e8res est n\u00e9cessaire. La combinaison d&rsquo;un volume d&rsquo;air \u00e9lev\u00e9, de filtres nettoy\u00e9s automatiquement et d&rsquo;une construction robuste rend cette unit\u00e9 de filtration adapt\u00e9e \u00e0 une utilisation \u00e0 long terme et temporaire.<\/p>\n<p><strong>\u00c9galement requis :<\/strong><br \/>\nC\u00e2ble \u00e9lectrique CEE 5P 32A ou 63A 400V &amp; tuyau d&rsquo;air comprim\u00e9 SLU 19-light x 20 m et tuyaux d&rsquo;\u00e9vacuation dia 300 mm x 5 m avec pi\u00e8ce de serrage assortie.<\/p>\n<p><strong>Pourquoi choisir Euromat ?<\/strong><\/p>\n<p>\u2714\ufe0f Toujours de grandes marques telles que Sybrandy en stock<br \/>\n\u2714\ufe0f Location flexible \u00e0 court ou \u00e0 long terme<br \/>\n\u2714\ufe0f Assistance technique et livraison sur site<br \/>\n\u2714\ufe0f Des solutions de filtration fiables et robustes pour des op\u00e9rations s\u00fbres<\/p>\n<\/div><\/div><\/div><\/div><\/div><\/div><\/div><\/section>\n","protected":false},"excerpt":{"rendered":"<p>Location d&rsquo;une armoire filtrante Sybrandy PF9 ? Unit\u00e9 d&rsquo;extraction industrielle de 9000 m\u00b3\/h avec filtre \u00e0 cartouche de 144 m\u00b2 et nettoyage automatique de l&rsquo;air comprim\u00e9. Parfait pour le sablage \u00e0 grande \u00e9chelle sans poussi\u00e8re et le nettoyage industriel lourd.<\/p>\n","protected":false},"featured_media":2893,"template":"","meta":{"_acf_changed":false},"product_brand":[1426],"product_cat":[2969,1367,1365],"product_tag":[],"class_list":{"0":"post-6180","1":"product","2":"type-product","3":"status-publish","4":"has-post-thumbnail","6":"product_brand-sybrandy","7":"product_cat-armoires-de-filtration","8":"product_cat-materiels-de-sablage","9":"product_cat-traitement-de-surface","10":"pa_aanzuigaansluiting-2x300-mm-fr","11":"pa_afmetingen-lxbxh-2900x1460x2405-mm-fr","12":"pa_afzuigcapaciteit-9000-m-h-fr","13":"pa_filteroppervlak-144-m-fr","14":"pa_gewicht--1160-kg-fr","16":"first","17":"instock","18":"purchasable","19":"product-type-simple"},"acf":[],"_links":{"self":[{"href":"https:\/\/www.euromat.be\/fr\/wp-json\/wp\/v2\/product\/6180","targetHints":{"allow":["GET"]}}],"collection":[{"href":"https:\/\/www.euromat.be\/fr\/wp-json\/wp\/v2\/product"}],"about":[{"href":"https:\/\/www.euromat.be\/fr\/wp-json\/wp\/v2\/types\/product"}],"wp:featuredmedia":[{"embeddable":true,"href":"https:\/\/www.euromat.be\/fr\/wp-json\/wp\/v2\/media\/2893"}],"wp:attachment":[{"href":"https:\/\/www.euromat.be\/fr\/wp-json\/wp\/v2\/media?parent=6180"}],"wp:term":[{"taxonomy":"product_brand","embeddable":true,"href":"https:\/\/www.euromat.be\/fr\/wp-json\/wp\/v2\/product_brand?post=6180"},{"taxonomy":"product_cat","embeddable":true,"href":"https:\/\/www.euromat.be\/fr\/wp-json\/wp\/v2\/product_cat?post=6180"},{"taxonomy":"product_tag","embeddable":true,"href":"https:\/\/www.euromat.be\/fr\/wp-json\/wp\/v2\/product_tag?post=6180"}],"curies":[{"name":"wp","href":"https:\/\/api.w.org\/{rel}","templated":true}]}}