{"id":6181,"date":"2025-09-10T14:03:09","date_gmt":"2025-09-10T12:03:09","guid":{"rendered":"https:\/\/www.euromat.be\/product\/stoffilterkast-12000m%c2%b3-u-pf12-zandstralen\/"},"modified":"2025-09-11T11:35:49","modified_gmt":"2025-09-11T09:35:49","slug":"armoire-de-filtration-12000m%c2%b3-u-pf12-sablage","status":"publish","type":"product","link":"https:\/\/www.euromat.be\/fr\/produit\/armoire-de-filtration-12000m%c2%b3-u-pf12-sablage\/","title":{"rendered":"Armoire de filtration 12000m\u00b3\/u pf12 sablage"},"content":{"rendered":"<section class=\"l-section wpb_row height_auto\"><div class=\"l-section-h i-cf\"><div class=\"g-cols vc_row via_flex valign_top type_default stacking_default\"><div class=\"vc_col-sm-12 wpb_column vc_column_container\"><div class=\"vc_column-inner\"><div class=\"wpb_wrapper\"><div class=\"wpb_text_column\"><div class=\"wpb_wrapper\"><p><strong>Caisson-filtre \u00e0 poussi\u00e8re Sybrandy PF12 &#8211; 12 000 m\u00b3\/h pour le sablage<\/strong><\/p>\n<p>Extraction puissante des poussi\u00e8res pour les applications de sablage les plus exigeantes et un lieu de travail d&rsquo;une propret\u00e9 optimale.<\/p>\n<p>L&rsquo;armoire filtrante PF12 de Sybrandy, disponible chez Euromat, offre une capacit\u00e9 d&rsquo;extraction impressionnante de 12 000 m\u00b3\/h et est sp\u00e9cialement con\u00e7ue pour les op\u00e9rations de sablage lourdes et \u00e0 grande \u00e9chelle, o\u00f9 il est essentiel de travailler sans poussi\u00e8re et en toute s\u00e9curit\u00e9. Gr\u00e2ce \u00e0 sa construction robuste en acier et \u00e0 sa technologie de filtrage avanc\u00e9e, cette unit\u00e9 est parfaitement adapt\u00e9e aux applications industrielles n\u00e9cessitant une forte extraction de poussi\u00e8re.<\/p>\n<p>Cette armoire filtrante de Sybrandy est \u00e9quip\u00e9e d&rsquo;un grand filtre \u00e0 cartouches d&rsquo;une surface filtrante de 187,2 m\u00b2. Les cartouches filtrantes sont int\u00e9gr\u00e9es dans une construction robuste et durable. Pendant le fonctionnement, les filtres sont continuellement et automatiquement nettoy\u00e9s \u00e0 l&rsquo;air comprim\u00e9, ce qui garantit des performances optimales et une dur\u00e9e de vie plus longue. La poussi\u00e8re captur\u00e9e est recueillie efficacement par des entonnoirs \u00e0 poussi\u00e8re et tombe dans des tambours de collecte d&rsquo;environ 30 litres, ce qui rend le d\u00e9poussi\u00e9rage s\u00fbr, propre et facile. Pour une protection et une filtration accrues, un filtre \u00e0 cartouche HEPA est disponible en option (r\u00e9f. n\u00b0 148.04), qui filtre efficacement les particules de poussi\u00e8re les plus fines.<\/p>\n<p><strong>Caract\u00e9ristiques principales :<\/strong><br \/>\n&#8211; Capacit\u00e9 d&rsquo;aspiration : 12 000 m\u00b3\/h<br \/>\n&#8211; Raccord d&rsquo;aspiration : 2 x \u00d8 300 mm<br \/>\n&#8211; Surface du filtre : 187,2 m\u00b2<br \/>\n&#8211; Alimentation \u00e9lectrique : CEE 5P 63A &#8211; 400 volts<br \/>\n&#8211; Dimensions (l x l x h) : 3350 x 2050 x 2350 mm<br \/>\n&#8211; Poids : \u00b1 1260 kg<br \/>\n&#8211; En option : filtre \u00e0 cartouche HEPA pour le d\u00e9poussi\u00e9rage ultrafin<\/p>\n<p><strong>Applications :<\/strong><br \/>\nL&rsquo;armoire \u00e0 filtres \u00e0 poussi\u00e8res Sybrandy PF12 est le choix id\u00e9al pour le sablage lourd, le nettoyage industriel et les projets n\u00e9cessitant une extraction maximale des poussi\u00e8res. Gr\u00e2ce \u00e0 sa grande capacit\u00e9, au nettoyage automatique du filtre \u00e0 air comprim\u00e9 et \u00e0 sa construction robuste, cette unit\u00e9 est adapt\u00e9e \u00e0 une utilisation intensive et \u00e0 long terme dans les environnements les plus difficiles.<\/p>\n<p><strong>\u00c9galement requis :<\/strong><br \/>\nC\u00e2ble \u00e9lectrique CEE 5P 32A ou 63A 400V &amp; tuyau d&rsquo;air comprim\u00e9 SLU 19-light x 20 m et tuyaux d&rsquo;\u00e9vacuation dia 300 mm x 5 m avec pi\u00e8ce de serrage assortie.<\/p>\n<p><strong>Pourquoi choisir Euromat ?<\/strong><\/p>\n<p>\u2714\ufe0f Solutions de d\u00e9poussi\u00e9rage Sybrandy de haute qualit\u00e9 toujours en stock<br \/>\n\u2714\ufe0f Options flexibles de location \u00e0 court et \u00e0 long terme<br \/>\n\u2714\ufe0f Assistance technique experte et livraison sur site<br \/>\n\u2714\ufe0f Filtres HEPA en option pour un contr\u00f4le suppl\u00e9mentaire de la poussi\u00e8re<\/p>\n<\/div><\/div><\/div><\/div><\/div><\/div><\/div><\/section>\n","protected":false},"excerpt":{"rendered":"<p>Location d&rsquo;une armoire filtrante Sybrandy PF12 ? Unit\u00e9 d&rsquo;extraction tr\u00e8s puissante de 12 000 m\u00b3\/h avec filtre \u00e0 cartouche de 187,2 m\u00b2 et nettoyage automatique de l&rsquo;air comprim\u00e9. Id\u00e9al pour le sablage et le nettoyage industriel \u00e0 grande \u00e9chelle sans poussi\u00e8re, avec en option un filtre HEPA pour l&rsquo;\u00e9limination des poussi\u00e8res ultrafines.<\/p>\n","protected":false},"featured_media":2879,"template":"","meta":{"_acf_changed":false},"product_brand":[1426],"product_cat":[2969,1367,1365],"product_tag":[],"class_list":{"0":"post-6181","1":"product","2":"type-product","3":"status-publish","4":"has-post-thumbnail","6":"product_brand-sybrandy","7":"product_cat-armoires-de-filtration","8":"product_cat-materiels-de-sablage","9":"product_cat-traitement-de-surface","10":"pa_aanzuigaansluiting-2x300-mm-fr","11":"pa_afmetingen-lxbxh-3350x2050x2350-mm-fr","12":"pa_afzuigcapaciteit-12000-m-h-fr","13":"pa_filteroppervlak-1872-m-fr","14":"pa_gewicht--1260-kg-fr","16":"first","17":"instock","18":"purchasable","19":"product-type-simple"},"acf":[],"_links":{"self":[{"href":"https:\/\/www.euromat.be\/fr\/wp-json\/wp\/v2\/product\/6181","targetHints":{"allow":["GET"]}}],"collection":[{"href":"https:\/\/www.euromat.be\/fr\/wp-json\/wp\/v2\/product"}],"about":[{"href":"https:\/\/www.euromat.be\/fr\/wp-json\/wp\/v2\/types\/product"}],"wp:featuredmedia":[{"embeddable":true,"href":"https:\/\/www.euromat.be\/fr\/wp-json\/wp\/v2\/media\/2879"}],"wp:attachment":[{"href":"https:\/\/www.euromat.be\/fr\/wp-json\/wp\/v2\/media?parent=6181"}],"wp:term":[{"taxonomy":"product_brand","embeddable":true,"href":"https:\/\/www.euromat.be\/fr\/wp-json\/wp\/v2\/product_brand?post=6181"},{"taxonomy":"product_cat","embeddable":true,"href":"https:\/\/www.euromat.be\/fr\/wp-json\/wp\/v2\/product_cat?post=6181"},{"taxonomy":"product_tag","embeddable":true,"href":"https:\/\/www.euromat.be\/fr\/wp-json\/wp\/v2\/product_tag?post=6181"}],"curies":[{"name":"wp","href":"https:\/\/api.w.org\/{rel}","templated":true}]}}