{"id":6182,"date":"2025-09-10T14:03:09","date_gmt":"2025-09-10T12:03:09","guid":{"rendered":"https:\/\/www.euromat.be\/product\/stoffilterkast-12000m%c2%b3-u-pf12-zandstralen-2\/"},"modified":"2025-09-11T11:35:49","modified_gmt":"2025-09-11T09:35:49","slug":"armoire-de-filtration-12000m%c2%b3-u-pf12-sablage-2","status":"publish","type":"product","link":"https:\/\/www.euromat.be\/fr\/produit\/armoire-de-filtration-12000m%c2%b3-u-pf12-sablage-2\/","title":{"rendered":"Armoire de filtration 12000m\u00b3\/u pf12 sablage"},"content":{"rendered":"<section class=\"l-section wpb_row height_auto\"><div class=\"l-section-h i-cf\"><div class=\"g-cols vc_row via_flex valign_top type_default stacking_default\"><div class=\"vc_col-sm-12 wpb_column vc_column_container\"><div class=\"vc_column-inner\"><div class=\"wpb_wrapper\"><div class=\"wpb_text_column\"><div class=\"wpb_wrapper\"><p><strong>Caisson filtrant Atex PF12 &#8211; 12 000 m\u00b3\/h<\/strong><\/p>\n<p>Travailler en toute s\u00e9curit\u00e9 sans poussi\u00e8re dans des environnements explosifs gr\u00e2ce \u00e0 l&rsquo;extraction des poussi\u00e8res certifi\u00e9e Atex.<\/p>\n<p>L&rsquo;armoire filtrante Atex PF12, disponible chez Euromat, a \u00e9t\u00e9 sp\u00e9cialement con\u00e7ue pour les applications lourdes de sablage et d&rsquo;extraction de poussi\u00e8res dans les environnements Ex o\u00f9 des atmosph\u00e8res explosives peuvent se pr\u00e9senter. Avec une capacit\u00e9 d&rsquo;extraction puissante de 12 000 m\u00b3\/h et une construction robuste en acier, cette armoire filtrante r\u00e9pond aux exigences de s\u00e9curit\u00e9 les plus \u00e9lev\u00e9es des normes ATEX.<\/p>\n<p>Cette armoire filtrante Atex est \u00e9quip\u00e9e d&rsquo;un grand filtre \u00e0 cartouche d&rsquo;une surface filtrante de 187,2 m\u00b2. Le filtre \u00e0 cartouche est int\u00e9gr\u00e9 dans une construction robuste qui peut r\u00e9sister \u00e0 un usage intensif. Pendant le fonctionnement, les cartouches filtrantes sont nettoy\u00e9es automatiquement et en continu \u00e0 l&rsquo;aide d&rsquo;air comprim\u00e9, ce qui garantit un fonctionnement optimal et une dur\u00e9e de vie prolong\u00e9e du filtre.<\/p>\n<p>La poussi\u00e8re est collect\u00e9e efficacement par des entonnoirs \u00e0 poussi\u00e8re et tombe dans des tambours de collecte d&rsquo;environ 30 litres chacun. Le d\u00e9poussi\u00e9rage est ainsi s\u00fbr, propre et facile, m\u00eame dans les environnements les plus critiques.<\/p>\n<p><strong>Caract\u00e9ristiques principales :<\/strong><br \/>\n&#8211; Capacit\u00e9 d&rsquo;aspiration : 12 000 m\u00b3\/h<br \/>\n&#8211; Raccord d&rsquo;aspiration : 2 x \u00d8 300 mm<br \/>\n&#8211; Surface du filtre : 187,2 m\u00b2<br \/>\n&#8211; Alimentation \u00e9lectrique : CEE 5P 63A &#8211; 400 volts<br \/>\n&#8211; Dimensions (l x l x h) : 3350 x 2050 x 2350 mm<br \/>\n&#8211; Poids : \u00b1 1260 kg<br \/>\n&#8211; Enti\u00e8rement certifi\u00e9 ATEX pour les environnements de travail explosifs<\/p>\n<p><strong>\u00c9galement requis :<\/strong><br \/>\n&#8211; C\u00e2ble \u00e9lectrique CEE 5P 32A ou 63A 400V<br \/>\n&#8211; Tuyau d&rsquo;air comprim\u00e9 SLU 19-light x 20 m<br \/>\n&#8211; Tuyaux d&rsquo;\u00e9vacuation \u00d8 300 mm x 5 m avec collier de serrage assorti<\/p>\n<p><strong>Applications :<\/strong><br \/>\nL&rsquo;armoire filtrante Atex PF12 est id\u00e9ale pour l&rsquo;extraction des poussi\u00e8res lors du sablage et d&rsquo;autres processus industriels dans les zones dangereuses. Avec sa grande capacit\u00e9, son nettoyage automatique du filtre \u00e0 air comprim\u00e9 et sa construction robuste certifi\u00e9e ATEX, cette unit\u00e9 de filtration est parfaite pour travailler en toute s\u00e9curit\u00e9 et sans poussi\u00e8re dans les environnements Ex les plus exigeants.<\/p>\n<p><strong>\u00c9galement requis :<\/strong><br \/>\nC\u00e2ble \u00e9lectrique CEE 5P 32A ou 63A 400V &amp; tuyau d&rsquo;air comprim\u00e9 SLU 19-light x 20 m et tuyaux d&rsquo;\u00e9vacuation dia 300 mm x 5 m avec pi\u00e8ce de serrage assortie.<\/p>\n<p><strong>Pourquoi choisir Euromat ?<\/strong><br \/>\nL&rsquo;armoire filtrante Atex PF12 est id\u00e9ale pour l&rsquo;extraction des poussi\u00e8res lors du sablage et d&rsquo;autres processus industriels dans les zones dangereuses. Avec sa grande capacit\u00e9, son nettoyage automatique du filtre \u00e0 air comprim\u00e9 et sa construction robuste certifi\u00e9e ATEX, cette unit\u00e9 de filtration est parfaite pour travailler en toute s\u00e9curit\u00e9 et sans poussi\u00e8re dans les environnements Ex les plus exigeants.<\/p>\n<p>\u2714\ufe0f Toujours des solutions de d\u00e9poussi\u00e9rage Sybrandy certifi\u00e9es Atex en stock<br \/>\n\u2714\ufe0f Location flexible \u00e0 court et \u00e0 long terme<br \/>\n\u2714\ufe0f Assistance technique et livraison sur site<br \/>\n\u2714\ufe0f \u00c9quipement fiable et s\u00fbr pour les zones dangereuses<\/p>\n<\/div><\/div><\/div><\/div><\/div><\/div><\/div><\/section>\n","protected":false},"excerpt":{"rendered":"<p>Location d&rsquo;une armoire filtrante ATEX PF12 ? Puissante unit\u00e9 de d\u00e9poussi\u00e9rage de 12 000 m\u00b3\/h avec filtre \u00e0 cartouche de 187,2 m\u00b2 et nettoyage automatique de l&rsquo;air comprim\u00e9, enti\u00e8rement certifi\u00e9e ATEX pour les zones dangereuses. Id\u00e9ale pour les travaux de m\u00e9tallisation de fils de zinc et de sablage, ainsi que pour les applications industrielles dans certaines zones Ex.<\/p>\n","protected":false},"featured_media":2883,"template":"","meta":{"_acf_changed":false},"product_brand":[1391],"product_cat":[2969,1367,1365],"product_tag":[],"class_list":{"0":"post-6182","1":"product","2":"type-product","3":"status-publish","4":"has-post-thumbnail","6":"product_brand-atex","7":"product_cat-armoires-de-filtration","8":"product_cat-materiels-de-sablage","9":"product_cat-traitement-de-surface","10":"pa_aanzuigaansluiting-2x300-mm-fr","11":"pa_afmetingen-lxbxh-3350x2050x2350-mm-fr","12":"pa_afzuigcapaciteit-12000-m-h-fr","13":"pa_filteroppervlak-1872-m-fr","14":"pa_gewicht--1260-kg-fr","16":"first","17":"instock","18":"purchasable","19":"product-type-simple"},"acf":[],"_links":{"self":[{"href":"https:\/\/www.euromat.be\/fr\/wp-json\/wp\/v2\/product\/6182","targetHints":{"allow":["GET"]}}],"collection":[{"href":"https:\/\/www.euromat.be\/fr\/wp-json\/wp\/v2\/product"}],"about":[{"href":"https:\/\/www.euromat.be\/fr\/wp-json\/wp\/v2\/types\/product"}],"wp:featuredmedia":[{"embeddable":true,"href":"https:\/\/www.euromat.be\/fr\/wp-json\/wp\/v2\/media\/2883"}],"wp:attachment":[{"href":"https:\/\/www.euromat.be\/fr\/wp-json\/wp\/v2\/media?parent=6182"}],"wp:term":[{"taxonomy":"product_brand","embeddable":true,"href":"https:\/\/www.euromat.be\/fr\/wp-json\/wp\/v2\/product_brand?post=6182"},{"taxonomy":"product_cat","embeddable":true,"href":"https:\/\/www.euromat.be\/fr\/wp-json\/wp\/v2\/product_cat?post=6182"},{"taxonomy":"product_tag","embeddable":true,"href":"https:\/\/www.euromat.be\/fr\/wp-json\/wp\/v2\/product_tag?post=6182"}],"curies":[{"name":"wp","href":"https:\/\/api.w.org\/{rel}","templated":true}]}}