{"id":6183,"date":"2025-09-10T14:03:09","date_gmt":"2025-09-10T12:03:09","guid":{"rendered":"https:\/\/www.euromat.be\/product\/afvoerluchtslang-dia-300-mm\/"},"modified":"2025-09-11T11:35:47","modified_gmt":"2025-09-11T09:35:47","slug":"gaine-devacuation-dia-300-mm","status":"publish","type":"product","link":"https:\/\/www.euromat.be\/fr\/produit\/gaine-devacuation-dia-300-mm\/","title":{"rendered":"Gaine d&rsquo;\u00e9vacuation dia 300 mm"},"content":{"rendered":"<section class=\"l-section wpb_row height_auto\"><div class=\"l-section-h i-cf\"><div class=\"g-cols vc_row via_flex valign_top type_default stacking_default\"><div class=\"vc_col-sm-12 wpb_column vc_column_container\"><div class=\"vc_column-inner\"><div class=\"wpb_wrapper\"><div class=\"wpb_text_column\"><div class=\"wpb_wrapper\"><p>Le tuyau d&rsquo;\u00e9vacuation d&rsquo;air de 300 mm de diam\u00e8tre est une solution compacte et flexible pour la reprise d&rsquo;air et la ventilation. Gr\u00e2ce \u00e0 son mat\u00e9riau durable, le tuyau r\u00e9siste \u00e0 une utilisation intensive et est facile \u00e0 manipuler. Cette taille est id\u00e9ale pour les petites installations ou les applications o\u00f9 l&rsquo;espace est limit\u00e9. Le tuyau peut \u00e9galement \u00eatre fourni comme tuyau de chauffage (vert\/noir), tuyau de ventilateur (jaune\/noir), tuyau de bo\u00eete de filtre \u00e0 poussi\u00e8re (noir) ou tuyau de dessiccateur d&rsquo;air (noir), ce qui le rend polyvalent.<\/p>\n<\/div><\/div><\/div><\/div><\/div><\/div><\/div><\/section>\n","protected":false},"excerpt":{"rendered":"<p>Tuyau flexible d&rsquo;\u00e9vacuation d&rsquo;air d&rsquo;un diam\u00e8tre de 300 mm, adapt\u00e9 \u00e0 la reprise d&rsquo;air et \u00e0 la ventilation dans les applications industrielles.<\/p>\n","protected":false},"featured_media":2885,"template":"","meta":{"_acf_changed":false},"product_brand":[],"product_cat":[1368,2973,1365],"product_tag":[],"class_list":{"0":"post-6183","1":"product","2":"type-product","3":"status-publish","4":"has-post-thumbnail","6":"product_cat-accessoires-traitement-de-surface","7":"product_cat-gaines-devacuation","8":"product_cat-traitement-de-surface","10":"first","11":"instock","12":"purchasable","13":"product-type-simple"},"acf":[],"_links":{"self":[{"href":"https:\/\/www.euromat.be\/fr\/wp-json\/wp\/v2\/product\/6183","targetHints":{"allow":["GET"]}}],"collection":[{"href":"https:\/\/www.euromat.be\/fr\/wp-json\/wp\/v2\/product"}],"about":[{"href":"https:\/\/www.euromat.be\/fr\/wp-json\/wp\/v2\/types\/product"}],"wp:featuredmedia":[{"embeddable":true,"href":"https:\/\/www.euromat.be\/fr\/wp-json\/wp\/v2\/media\/2885"}],"wp:attachment":[{"href":"https:\/\/www.euromat.be\/fr\/wp-json\/wp\/v2\/media?parent=6183"}],"wp:term":[{"taxonomy":"product_brand","embeddable":true,"href":"https:\/\/www.euromat.be\/fr\/wp-json\/wp\/v2\/product_brand?post=6183"},{"taxonomy":"product_cat","embeddable":true,"href":"https:\/\/www.euromat.be\/fr\/wp-json\/wp\/v2\/product_cat?post=6183"},{"taxonomy":"product_tag","embeddable":true,"href":"https:\/\/www.euromat.be\/fr\/wp-json\/wp\/v2\/product_tag?post=6183"}],"curies":[{"name":"wp","href":"https:\/\/api.w.org\/{rel}","templated":true}]}}