{"id":6185,"date":"2025-09-10T14:03:09","date_gmt":"2025-09-10T12:03:09","guid":{"rendered":"https:\/\/www.euromat.be\/product\/afvoerluchtslang-dia-450-mm\/"},"modified":"2025-09-11T11:35:47","modified_gmt":"2025-09-11T09:35:47","slug":"gaine-devacuation-dia-450-mm","status":"publish","type":"product","link":"https:\/\/www.euromat.be\/fr\/produit\/gaine-devacuation-dia-450-mm\/","title":{"rendered":"Gaine d&rsquo;\u00e9vacuation dia 450 mm"},"content":{"rendered":"<section class=\"l-section wpb_row height_auto\"><div class=\"l-section-h i-cf\"><div class=\"g-cols vc_row via_flex valign_top type_default stacking_default\"><div class=\"vc_col-sm-12 wpb_column vc_column_container\"><div class=\"vc_column-inner\"><div class=\"wpb_wrapper\"><div class=\"wpb_text_column\"><div class=\"wpb_wrapper\"><p>Le tuyau d&rsquo;\u00e9vacuation d&rsquo;air de 450 mm est sp\u00e9cialement con\u00e7u pour les applications n\u00e9cessitant un d\u00e9bit d&rsquo;air plus important. Gr\u00e2ce \u00e0 son diam\u00e8tre g\u00e9n\u00e9reux et \u00e0 sa construction robuste, ce tuyau peut facilement \u00eatre utilis\u00e9 dans des syst\u00e8mes de ventilation et de reprise d&rsquo;air plus importants. Malgr\u00e9 sa robustesse, le tuyau reste flexible et facile \u00e0 installer. Cette version est \u00e9galement disponible comme tuyau de chauffage, de ventilateur, de bo\u00eete de filtre \u00e0 poussi\u00e8re ou de s\u00e9cheur d&rsquo;air, en fonction de l&rsquo;application.<\/p>\n<\/div><\/div><\/div><\/div><\/div><\/div><\/div><\/section>\n","protected":false},"excerpt":{"rendered":"<p>Tuyau d&rsquo;\u00e9vacuation d&rsquo;air de 450 mm de diam\u00e8tre, id\u00e9al pour les flux d&rsquo;air plus puissants et la ventilation industrielle.<\/p>\n","protected":false},"featured_media":2887,"template":"","meta":{"_acf_changed":false},"product_brand":[],"product_cat":[1368,2973,1365],"product_tag":[],"class_list":{"0":"post-6185","1":"product","2":"type-product","3":"status-publish","4":"has-post-thumbnail","6":"product_cat-accessoires-traitement-de-surface","7":"product_cat-gaines-devacuation","8":"product_cat-traitement-de-surface","10":"first","11":"instock","12":"purchasable","13":"product-type-simple"},"acf":[],"_links":{"self":[{"href":"https:\/\/www.euromat.be\/fr\/wp-json\/wp\/v2\/product\/6185","targetHints":{"allow":["GET"]}}],"collection":[{"href":"https:\/\/www.euromat.be\/fr\/wp-json\/wp\/v2\/product"}],"about":[{"href":"https:\/\/www.euromat.be\/fr\/wp-json\/wp\/v2\/types\/product"}],"wp:featuredmedia":[{"embeddable":true,"href":"https:\/\/www.euromat.be\/fr\/wp-json\/wp\/v2\/media\/2887"}],"wp:attachment":[{"href":"https:\/\/www.euromat.be\/fr\/wp-json\/wp\/v2\/media?parent=6185"}],"wp:term":[{"taxonomy":"product_brand","embeddable":true,"href":"https:\/\/www.euromat.be\/fr\/wp-json\/wp\/v2\/product_brand?post=6185"},{"taxonomy":"product_cat","embeddable":true,"href":"https:\/\/www.euromat.be\/fr\/wp-json\/wp\/v2\/product_cat?post=6185"},{"taxonomy":"product_tag","embeddable":true,"href":"https:\/\/www.euromat.be\/fr\/wp-json\/wp\/v2\/product_tag?post=6185"}],"curies":[{"name":"wp","href":"https:\/\/api.w.org\/{rel}","templated":true}]}}