{"id":6187,"date":"2025-09-10T14:03:09","date_gmt":"2025-09-10T12:03:09","guid":{"rendered":"https:\/\/www.euromat.be\/product\/paint-stop-green-mb-10-000dp\/"},"modified":"2025-09-11T11:35:48","modified_gmt":"2025-09-11T09:35:48","slug":"paint-stop-green-mb-10-000dp","status":"publish","type":"product","link":"https:\/\/www.euromat.be\/fr\/produit\/paint-stop-green-mb-10-000dp\/","title":{"rendered":"Paint stop green MB-10.000DP"},"content":{"rendered":"<section class=\"l-section wpb_row height_auto\"><div class=\"l-section-h i-cf\"><div class=\"g-cols vc_row via_flex valign_top type_default stacking_default\"><div class=\"vc_col-sm-12 wpb_column vc_column_container\"><div class=\"vc_column-inner\"><div class=\"wpb_wrapper\"><div class=\"wpb_text_column\"><div class=\"wpb_wrapper\"><p><strong>Paint Stop Green MB-10.000DP &#8211; Aspirateur de brouillard de peinture mobile 10.000 m\u00b3\/h<\/strong><\/p>\n<p>Extraction puissante pour un lieu de travail propre et s\u00fbr pendant les applications de pulv\u00e9risation et de peinture.<\/p>\n<p>Le Paint Stop Green MB-10.000DP, disponible chez Euromat, est une unit\u00e9 d&rsquo;extraction industrielle con\u00e7ue pour \u00e9liminer efficacement le brouillard de peinture, les vapeurs de solvants et les poussi\u00e8res fines de l&rsquo;air. Avec un volume d&rsquo;air de 10 000 m\u00b3 par heure, cette unit\u00e9 convient parfaitement aux applications intensives de pulv\u00e9risation et de peinture industrielle, o\u00f9 la purification de l&rsquo;air est cruciale.<\/p>\n<p>Cette unit\u00e9 d&rsquo;extraction est \u00e9quip\u00e9e de filtres paint-stop de haute qualit\u00e9, r\u00e9partis sur une surface filtrante jusqu&rsquo;\u00e0ale de 4 m\u00b2 (2 x 2 m\u00b2). Les filtres assurent une excellente filtration des particules de peinture et sont id\u00e9aux pour les cabines de peinture ou les applications mobiles, garantissant un fonctionnement constant et une qualit\u00e9 d&rsquo;air optimale. Gr\u00e2ce \u00e0 la double entr\u00e9e d&rsquo;air (2 x \u00d8 300 mm), le flux d&rsquo;air est efficacement aspir\u00e9 et distribu\u00e9. Gr\u00e2ce \u00e0 sa construction robuste en acier et \u00e0 ses dimensions industrielles, cette unit\u00e9 d&rsquo;extraction convient aussi bien \u00e0 une utilisation temporaire qu&rsquo;\u00e0 une utilisation \u00e0 long terme dans des environnements exigeants.<\/p>\n<p><strong>Caract\u00e9ristiques principales :<\/strong><br \/>\n&#8211; Volume d&rsquo;air : 10 000 m\u00b3\/heure<br \/>\n&#8211; Type de filtre : tampons filtrants Lakstop<br \/>\n&#8211; Surface jusqu&rsquo;\u00e0ale du filtre : 2 x 2 m\u00b2<br \/>\n&#8211; Entr\u00e9es d&rsquo;air : 2 x \u00d8 300 mm<br \/>\n&#8211; Dimensions (lxlxh) : 2920 x 1700 x 2365 mm<br \/>\n&#8211; Poids : \u00b1 1100 kg<br \/>\n&#8211; Filtres : toujours disponibles \u00e0 l&rsquo;achat<\/p>\n<p><strong>Applications :<\/strong><br \/>\nLe Paint Stop Green MB-10.000DP est id\u00e9al pour les cabines de peinture, les projets de r\u00e9novation, les ateliers de peinture industrielle et les ateliers o\u00f9 l&rsquo;on traite de la peinture, du vernis ou des solvants. Le puissant d\u00e9placement d&rsquo;air et la filtration de haute qualit\u00e9 font de cet appareil un environnement de travail s\u00fbr et sans poussi\u00e8re.<\/p>\n<p><strong>Pourquoi choisir Euromat ?<\/strong><\/p>\n<p>\u2714\ufe0f Filtres toujours disponibles \u00e0 l&rsquo;achat<br \/>\n\u2714\ufe0f D\u00e9ploiement flexible \u00e0 court ou \u00e0 long terme<br \/>\n\u2714\ufe0f Support technique et livraison rapide sur site<\/p>\n<\/div><\/div><\/div><\/div><\/div><\/div><\/div><\/section>\n","protected":false},"excerpt":{"rendered":"<p>Louer Paint Stop Green MB-10.000DP ? Extracteur de brouillard de peinture mobile avec une capacit\u00e9 de 10 000 m\u00b3\/h et un filtre d&rsquo;arr\u00eat de peinture de 4 m\u00b2. Id\u00e9al pour les cabines de peinture et les projets de peinture industrielle pour un air propre et s\u00fbr et une extraction efficace du brouillard de peinture.<\/p>\n","protected":false},"featured_media":2895,"template":"","meta":{"_acf_changed":false},"product_brand":[],"product_cat":[1367,2970,1365],"product_tag":[],"class_list":{"0":"post-6187","1":"product","2":"type-product","3":"status-publish","4":"has-post-thumbnail","6":"product_cat-materiels-de-sablage","7":"product_cat-paint-stop","8":"product_cat-traitement-de-surface","9":"pa_afmetingen-lxbxh-2920x1700x2365-mm-fr","10":"pa_filtertype-lakstop-filterkussens-fr","11":"pa_gewicht-1100-kg-fr","12":"pa_luchtinlaten-2x-o300-mm-fr","13":"pa_luchtvolume-10000-m-uur-fr","15":"first","16":"instock","17":"purchasable","18":"product-type-simple"},"acf":[],"_links":{"self":[{"href":"https:\/\/www.euromat.be\/fr\/wp-json\/wp\/v2\/product\/6187","targetHints":{"allow":["GET"]}}],"collection":[{"href":"https:\/\/www.euromat.be\/fr\/wp-json\/wp\/v2\/product"}],"about":[{"href":"https:\/\/www.euromat.be\/fr\/wp-json\/wp\/v2\/types\/product"}],"wp:featuredmedia":[{"embeddable":true,"href":"https:\/\/www.euromat.be\/fr\/wp-json\/wp\/v2\/media\/2895"}],"wp:attachment":[{"href":"https:\/\/www.euromat.be\/fr\/wp-json\/wp\/v2\/media?parent=6187"}],"wp:term":[{"taxonomy":"product_brand","embeddable":true,"href":"https:\/\/www.euromat.be\/fr\/wp-json\/wp\/v2\/product_brand?post=6187"},{"taxonomy":"product_cat","embeddable":true,"href":"https:\/\/www.euromat.be\/fr\/wp-json\/wp\/v2\/product_cat?post=6187"},{"taxonomy":"product_tag","embeddable":true,"href":"https:\/\/www.euromat.be\/fr\/wp-json\/wp\/v2\/product_tag?post=6187"}],"curies":[{"name":"wp","href":"https:\/\/api.w.org\/{rel}","templated":true}]}}