{"id":6191,"date":"2025-09-10T14:02:43","date_gmt":"2025-09-10T12:02:43","guid":{"rendered":"https:\/\/www.euromat.be\/product\/blaaspistool-coilhose-pneumatisch-met-veiligheids-nozzle\/"},"modified":"2025-09-11T11:35:52","modified_gmt":"2025-09-11T09:35:52","slug":"souflette-a-air-pneumatique-coilhose-avec-buse-de-securite","status":"publish","type":"product","link":"https:\/\/www.euromat.be\/fr\/produit\/souflette-a-air-pneumatique-coilhose-avec-buse-de-securite\/","title":{"rendered":"Souflette \u00e0 air pneumatique \u201ccoilhose\u201d avec buse de s\u00e9curit\u00e9"},"content":{"rendered":"<section class=\"l-section wpb_row height_auto\"><div class=\"l-section-h i-cf\"><div class=\"g-cols vc_row via_flex valign_top type_default stacking_default\"><div class=\"vc_col-sm-12 wpb_column vc_column_container\"><div class=\"vc_column-inner\"><div class=\"wpb_wrapper\"><div class=\"wpb_text_column\"><div class=\"wpb_wrapper\"><p>\u00c9quip\u00e9 d&rsquo;une buse de s\u00e9curit\u00e9, le pistolet souffleur 9000sp allie puissance et s\u00e9curit\u00e9 pour les t\u00e2ches de nettoyage intensives. Avec une consommation d&rsquo;air de 4 m\u00b3\/min \u00e0 7 bars et une consommation d&rsquo;air comprim\u00e9 de 3850 l\/min, ce pistolet d\u00e9livre un flux d&rsquo;air puissant pour \u00e9liminer rapidement la poussi\u00e8re, la salet\u00e9 et les copeaux. Gr\u00e2ce \u00e0 la buse de s\u00e9curit\u00e9, la pression d&rsquo;air est mieux r\u00e9gul\u00e9e, ce qui rend l&rsquo;utilisation plus s\u00fbre dans les environnements industriels et les ateliers. Disponible en longueurs de 5 cm \u00e0 120 cm, pour les travaux fins et difficiles d&rsquo;acc\u00e8s.<\/p>\n<\/div><\/div><\/div><\/div><\/div><\/div><\/div><\/section>\n","protected":false},"excerpt":{"rendered":"<p>Pistolet pneumatique puissant avec buse de s\u00e9curit\u00e9 pour un soufflage s\u00fbr et efficace.<\/p>\n","protected":false},"featured_media":2711,"template":"","meta":{"_acf_changed":false},"product_brand":[],"product_cat":[1359,1355,2927],"product_tag":[],"class_list":{"0":"post-6191","1":"product","2":"type-product","3":"status-publish","4":"has-post-thumbnail","6":"product_cat-accessoires-compresseurs","7":"product_cat-compresseurs","8":"product_cat-souflettes-a-air","9":"pa_beschikbare-lengtes-cm-5-60-120-cm-fr","10":"pa_luchtverbruik-m-min-4-m-min-bij-7-bar-fr","11":"pa_model-modellen-met-1-mondstuk-9000sp-met-veiligheids-nozzle-fr","12":"pa_persluchtverbruik-l-min-3850-l-min","14":"first","15":"instock","16":"purchasable","17":"product-type-simple"},"acf":[],"_links":{"self":[{"href":"https:\/\/www.euromat.be\/fr\/wp-json\/wp\/v2\/product\/6191","targetHints":{"allow":["GET"]}}],"collection":[{"href":"https:\/\/www.euromat.be\/fr\/wp-json\/wp\/v2\/product"}],"about":[{"href":"https:\/\/www.euromat.be\/fr\/wp-json\/wp\/v2\/types\/product"}],"wp:featuredmedia":[{"embeddable":true,"href":"https:\/\/www.euromat.be\/fr\/wp-json\/wp\/v2\/media\/2711"}],"wp:attachment":[{"href":"https:\/\/www.euromat.be\/fr\/wp-json\/wp\/v2\/media?parent=6191"}],"wp:term":[{"taxonomy":"product_brand","embeddable":true,"href":"https:\/\/www.euromat.be\/fr\/wp-json\/wp\/v2\/product_brand?post=6191"},{"taxonomy":"product_cat","embeddable":true,"href":"https:\/\/www.euromat.be\/fr\/wp-json\/wp\/v2\/product_cat?post=6191"},{"taxonomy":"product_tag","embeddable":true,"href":"https:\/\/www.euromat.be\/fr\/wp-json\/wp\/v2\/product_tag?post=6191"}],"curies":[{"name":"wp","href":"https:\/\/api.w.org\/{rel}","templated":true}]}}