{"id":6192,"date":"2025-09-10T14:02:43","date_gmt":"2025-09-10T12:02:43","guid":{"rendered":"https:\/\/www.euromat.be\/product\/blaaspistool-coilhose-pneumatisch-met-multijet-nozzle\/"},"modified":"2025-09-11T11:35:54","modified_gmt":"2025-09-11T09:35:54","slug":"souflette-a-air-pneumatique-coilhose-avec-buse-multi-jet","status":"publish","type":"product","link":"https:\/\/www.euromat.be\/fr\/produit\/souflette-a-air-pneumatique-coilhose-avec-buse-multi-jet\/","title":{"rendered":"Souflette \u00e0 air pneumatique \u201ccoilhose\u201d avec buse multi-jet"},"content":{"rendered":"<section class=\"l-section wpb_row height_auto\"><div class=\"l-section-h i-cf\"><div class=\"g-cols vc_row via_flex valign_top type_default stacking_default\"><div class=\"vc_col-sm-12 wpb_column vc_column_container\"><div class=\"vc_column-inner\"><div class=\"wpb_wrapper\"><div class=\"wpb_text_column\"><div class=\"wpb_wrapper\"><p>Le pistolet \u00e0 air 9000mjp est \u00e9quip\u00e9 d&rsquo;une buse multijet, id\u00e9ale pour les applications n\u00e9cessitant un d\u00e9bit d&rsquo;air important. Avec une consommation d&rsquo;air de 4 m\u00b3\/min \u00e0 7 bar et une consommation d&rsquo;air comprim\u00e9 de 3400 l\/min, ce mod\u00e8le offre un fonctionnement puissant et efficace, tandis que la buse multijet assure une distribution uniforme de l&rsquo;air sur une plus grande surface. Il convient parfaitement au nettoyage de grandes surfaces, de machines et d&rsquo;installations. Ce mod\u00e8le est \u00e9galement disponible dans des longueurs allant de 5 cm \u00e0 120 cm, ce qui permet de s&rsquo;attaquer facilement aux travaux de d\u00e9tail et aux zones difficiles d&rsquo;acc\u00e8s.<\/p>\n<\/div><\/div><\/div><\/div><\/div><\/div><\/div><\/section>\n","protected":false},"excerpt":{"rendered":"<p>Pistolet pneumatique avec buse multijet pour une distribution large et r\u00e9guli\u00e8re de l&rsquo;air.<\/p>\n","protected":false},"featured_media":2707,"template":"","meta":{"_acf_changed":false},"product_brand":[],"product_cat":[1359,1355,2927],"product_tag":[],"class_list":{"0":"post-6192","1":"product","2":"type-product","3":"status-publish","4":"has-post-thumbnail","6":"product_cat-accessoires-compresseurs","7":"product_cat-compresseurs","8":"product_cat-souflettes-a-air","9":"pa_beschikbare-lengtes-cm-5-60-120-cm-fr","10":"pa_luchtverbruik-m-min-4-m-min-bij-7-bar-fr","11":"pa_model-multi-jet-modellen-9000mjp-met-multijet-nozzle-fr","12":"pa_persluchtverbruik-l-min-3400-l-min","14":"first","15":"instock","16":"purchasable","17":"product-type-simple"},"acf":[],"_links":{"self":[{"href":"https:\/\/www.euromat.be\/fr\/wp-json\/wp\/v2\/product\/6192","targetHints":{"allow":["GET"]}}],"collection":[{"href":"https:\/\/www.euromat.be\/fr\/wp-json\/wp\/v2\/product"}],"about":[{"href":"https:\/\/www.euromat.be\/fr\/wp-json\/wp\/v2\/types\/product"}],"wp:featuredmedia":[{"embeddable":true,"href":"https:\/\/www.euromat.be\/fr\/wp-json\/wp\/v2\/media\/2707"}],"wp:attachment":[{"href":"https:\/\/www.euromat.be\/fr\/wp-json\/wp\/v2\/media?parent=6192"}],"wp:term":[{"taxonomy":"product_brand","embeddable":true,"href":"https:\/\/www.euromat.be\/fr\/wp-json\/wp\/v2\/product_brand?post=6192"},{"taxonomy":"product_cat","embeddable":true,"href":"https:\/\/www.euromat.be\/fr\/wp-json\/wp\/v2\/product_cat?post=6192"},{"taxonomy":"product_tag","embeddable":true,"href":"https:\/\/www.euromat.be\/fr\/wp-json\/wp\/v2\/product_tag?post=6192"}],"curies":[{"name":"wp","href":"https:\/\/api.w.org\/{rel}","templated":true}]}}