{"id":6196,"date":"2025-09-10T14:02:43","date_gmt":"2025-09-10T12:02:43","guid":{"rendered":"https:\/\/www.euromat.be\/product\/straalketel-accu-blast-25-l\/"},"modified":"2025-09-11T11:35:55","modified_gmt":"2025-09-11T09:35:55","slug":"sableuse-accu-blast-25-l","status":"publish","type":"product","link":"https:\/\/www.euromat.be\/fr\/produit\/sableuse-accu-blast-25-l\/","title":{"rendered":"Sableuse accu-blast 25 l"},"content":{"rendered":"<section class=\"l-section wpb_row height_auto\"><div class=\"l-section-h i-cf\"><div class=\"g-cols vc_row via_flex valign_top type_default stacking_default\"><div class=\"vc_col-sm-12 wpb_column vc_column_container\"><div class=\"vc_column-inner\"><div class=\"wpb_wrapper\"><div class=\"wpb_text_column\"><div class=\"wpb_wrapper\"><p><strong>Airblast pot de soufflage Accu-Blast 25 l<\/strong><\/p>\n<p>Pot de sablage compact pour un sablage pr\u00e9cis et mobile<\/p>\n<p>Le pot de sablage Airblast Accu-Blast de 25 litres, disponible chez Euromat, est la solution pour ceux qui recherchent un pot de sablage compact, efficace et facilement transportable pour des op\u00e9rations de nettoyage et de sablage pr\u00e9cises. Gr\u00e2ce \u00e0 sa taille r\u00e9duite et \u00e0 sa conception conviviale, cette unit\u00e9 est id\u00e9ale pour les applications de sablage de petite et moyenne taille, tant en atelier que sur site.<\/p>\n<p>Avec les pots de sablage Airblast Accu-Blast de 25 litres, vous pouvez contr\u00f4ler avec pr\u00e9cision la quantit\u00e9 d&rsquo;abrasif. L&rsquo;abrasif peut \u00eatre utilis\u00e9 avec une granulom\u00e9trie de 38 \u03bcm \u00e0 un maximum de 1 mm ; les abrasifs secs peuvent \u00eatre utilis\u00e9s avec diff\u00e9rents poids sp\u00e9cifiques.<\/p>\n<p>Con\u00e7ue pour un usage professionnel, cette bouilloire de sablage offre des performances constantes pour \u00e9liminer la peinture, la rouille, la calamine et d&rsquo;autres contaminants sur divers substrats. Gr\u00e2ce \u00e0 sa technologie Airblast fiable, l&rsquo;Accu-Blast 25 l offre un processus de sablage parfaitement contr\u00f4l\u00e9, sans sacrifier la puissance ou l&rsquo;efficacit\u00e9.<\/p>\n<p><strong>Caract\u00e9ristiques principales :<\/strong><br \/>\n&#8211; Capacit\u00e9 de la bouilloire : 25 litres &#8211; id\u00e9ale pour les projets de sablage de petite et moyenne envergure<br \/>\n&#8211; Dimensions : Diam\u00e8tre 270 mm \u00d7 Largeur 470 mm \u00d7 Hauteur 1220 mm x Profondeur 520 mm<br \/>\n&#8211; Compact et portable : Facile \u00e0 d\u00e9placer, m\u00eame dans les espaces restreints<br \/>\n&#8211; Pression de sablage constante : pour des r\u00e9sultats de sablage pr\u00e9cis et r\u00e9guliers<br \/>\n&#8211; Construction durable : r\u00e9siste \u00e0 une utilisation professionnelle intensive<br \/>\n&#8211; Qualit\u00e9 Airblast : norme mondiale en mati\u00e8re de technologie de sablage et de fiabilit\u00e9<\/p>\n<p><strong>Applications :<\/strong><br \/>\nLe bac de sablage Airblast Accu-Blast 25 l est parfait pour les travaux d&rsquo;entretien et de nettoyage, les r\u00e9novations g\u00e9n\u00e9rales, les travaux de sablage dans la construction navale, la m\u00e9tallurgie, les installations industrielles, ou le traitement local de surfaces telles que les fa\u00e7ades, les meubles et les pi\u00e8ces de moteur.<\/p>\n<p><strong>Pourquoi choisir Euromat ?<\/strong><br \/>\nEuromat fournit des \u00e9quipements de sablage de haute qualit\u00e9 de marques renomm\u00e9es telles qu&rsquo;Airblast, avec des formules de location flexibles et l&rsquo;assistance de professionnels exp\u00e9riment\u00e9s. Que vous planifiez une intervention de courte dur\u00e9e ou un projet \u00e0 long terme, nous vous garantissons un fonctionnement sans heurts sur le site.<\/p>\n<p>\u2714\ufe0f Les pots de sablage Airblast de 25 l sont facilement disponibles.<br \/>\n\u2714\ufe0f Maintenance technique, s\u00e9curit\u00e9 et fiabilit\u00e9<br \/>\n\u2714\ufe0f Conseils et assistance des sp\u00e9cialistes du sablage d&rsquo;Euromat<\/p>\n<\/div><\/div><\/div><\/div><\/div><\/div><\/div><\/section>\n","protected":false},"excerpt":{"rendered":"<p>Airblast Accu-Blast Location d&rsquo;un pot de sablage de 25 l ? Compact, portable et professionnel pour un d\u00e9capage pr\u00e9cis de la peinture, de la rouille et de la calamine. Id\u00e9al pour les projets de sablage de petite et moyenne envergure pour la r\u00e9novation du bois, des escaliers, des meubles, des voitures de collection sur site ou en atelier.<\/p>\n","protected":false},"featured_media":2306,"template":"","meta":{"_acf_changed":false},"product_brand":[],"product_cat":[1367,2960,1365],"product_tag":[],"class_list":{"0":"post-6196","1":"product","2":"type-product","3":"status-publish","4":"has-post-thumbnail","6":"product_cat-materiels-de-sablage","7":"product_cat-sableuses","8":"product_cat-traitement-de-surface","9":"pa_aansluiting-perslucht-klauwkoppeling-3-4-fr","10":"pa_afmetingen-hxdxdxb-820x270x520x470-mm-fr","11":"pa_gewicht-35-kg-met-lege-tank-fr","12":"pa_lengte-10-m-straal-en-luchtslang-met-berschermende-buitenslang-fr","13":"pa_persluchtverbruik-l-min-avec-buse-de-5-mm--1-200-l-min-a-une-pression-de-service-de-5-bars-avec-buse-de-5-mm--1-750-l-min-a-une-pression-de-service-de-7-bars","14":"pa_ral-kleur-9005-zwart-fr","15":"pa_standaard-nozzle-o-5-mm-cilindrisch-fr","16":"pa_werkdruk-traploos-instelbaar-van-01-tot-8-bar-fr","18":"first","19":"instock","20":"purchasable","21":"product-type-simple"},"acf":[],"_links":{"self":[{"href":"https:\/\/www.euromat.be\/fr\/wp-json\/wp\/v2\/product\/6196","targetHints":{"allow":["GET"]}}],"collection":[{"href":"https:\/\/www.euromat.be\/fr\/wp-json\/wp\/v2\/product"}],"about":[{"href":"https:\/\/www.euromat.be\/fr\/wp-json\/wp\/v2\/types\/product"}],"wp:featuredmedia":[{"embeddable":true,"href":"https:\/\/www.euromat.be\/fr\/wp-json\/wp\/v2\/media\/2306"}],"wp:attachment":[{"href":"https:\/\/www.euromat.be\/fr\/wp-json\/wp\/v2\/media?parent=6196"}],"wp:term":[{"taxonomy":"product_brand","embeddable":true,"href":"https:\/\/www.euromat.be\/fr\/wp-json\/wp\/v2\/product_brand?post=6196"},{"taxonomy":"product_cat","embeddable":true,"href":"https:\/\/www.euromat.be\/fr\/wp-json\/wp\/v2\/product_cat?post=6196"},{"taxonomy":"product_tag","embeddable":true,"href":"https:\/\/www.euromat.be\/fr\/wp-json\/wp\/v2\/product_tag?post=6196"}],"curies":[{"name":"wp","href":"https:\/\/api.w.org\/{rel}","templated":true}]}}