{"id":6197,"date":"2025-09-10T14:02:43","date_gmt":"2025-09-10T12:02:43","guid":{"rendered":"https:\/\/www.euromat.be\/product\/straalketel-accu-blast-45-l\/"},"modified":"2025-09-11T11:35:56","modified_gmt":"2025-09-11T09:35:56","slug":"sableuse-accu-blast-45-l","status":"publish","type":"product","link":"https:\/\/www.euromat.be\/fr\/produit\/sableuse-accu-blast-45-l\/","title":{"rendered":"Sableuse accu-blast 45 l"},"content":{"rendered":"<section class=\"l-section wpb_row height_auto\"><div class=\"l-section-h i-cf\"><div class=\"g-cols vc_row via_flex valign_top type_default stacking_default\"><div class=\"vc_col-sm-12 wpb_column vc_column_container\"><div class=\"vc_column-inner\"><div class=\"wpb_wrapper\"><div class=\"wpb_text_column\"><div class=\"wpb_wrapper\"><p><strong>Bouilloire Airblast Blast Accu-Blast 45 l<\/strong><\/p>\n<p>Pot de sablage professionnel pour des travaux de sablage intensifs et flexibles<\/p>\n<p>L&rsquo;Accu-Blast 45 litres d&rsquo;Airblast, disponible chez Euromat, est un pot de sablage puissant et polyvalent \u00e0 usage professionnel. Avec une capacit\u00e9 de 45 litres, cet appareil offre un \u00e9quilibre id\u00e9al entre capacit\u00e9 et mobilit\u00e9. Elle convient aux applications de sablage de moyenne \u00e0 grande envergure dans des secteurs aussi divers que la m\u00e9tallurgie, l&rsquo;entretien, la r\u00e9novation et le nettoyage industriel.<\/p>\n<p>Avec les pots de sablage Airblast Accu-Blast 45 litres, vous pouvez contr\u00f4ler avec pr\u00e9cision la quantit\u00e9 d&rsquo;abrasif. L&rsquo;abrasif peut \u00eatre utilis\u00e9 avec une granulom\u00e9trie de 38 \u03bcm \u00e0 un maximum de 1 mm les abrasifs secs peuvent \u00eatre utilis\u00e9s avec diff\u00e9rents poids sp\u00e9cifiques.<\/p>\n<p>L&rsquo;Accu-Blast 45 l d&rsquo;Airblast garantit des performances de sablage constantes, un contr\u00f4le optimal et une grande efficacit\u00e9. Gr\u00e2ce \u00e0 sa conception robuste et \u00e0 son utilisation conviviale, ce pot de sablage peut \u00eatre utilis\u00e9 sur les chantiers, dans les ateliers ou pour des interventions mobiles, m\u00eame dans des conditions exigeantes.<\/p>\n<p><strong>Caract\u00e9ristiques principales :<\/strong><br \/>\n&#8211; Capacit\u00e9 de la chaudi\u00e8re : 45 litres &#8211; convient aux travaux de sablage intensifs et de longue dur\u00e9e<br \/>\n&#8211; Dimensions de l&rsquo;appareil : Diam\u00e8tre 270 mm \u00d7 largeur 470 mm \u00d7 hauteur 880 mm x profondeur 520 mm<br \/>\n&#8211; Conception mobile : facile \u00e0 d\u00e9placer, id\u00e9ale pour une utilisation flexible sur site<br \/>\n&#8211; Contr\u00f4le constant de la pression : pour des r\u00e9sultats de sablage r\u00e9guliers et contr\u00f4l\u00e9s<br \/>\n&#8211; Construction durable : R\u00e9siste \u00e0 une utilisation professionnelle intensive<br \/>\n&#8211; Technologie Airblast : r\u00e9f\u00e9rence mondiale en mati\u00e8re d&rsquo;\u00e9quipement de sablage<\/p>\n<p><strong>Applications :<\/strong><br \/>\nLe bac de sablage Airblast Accu-Blast 25 l est parfait pour les travaux d&rsquo;entretien et de nettoyage, les r\u00e9novations g\u00e9n\u00e9rales, les travaux de sablage dans la construction navale, la m\u00e9tallurgie, les installations industrielles, ou le traitement local de surfaces telles que les fa\u00e7ades, les meubles et les pi\u00e8ces de moteur.<\/p>\n<p><strong>Pourquoi choisir Euromat ?<\/strong><br \/>\nEuromat associe des marques de premier plan telles qu&rsquo;Airblast \u00e0 un savoir-faire technique et \u00e0 un service orient\u00e9 vers le client. Chez nous, vous ne louez pas seulement un appareil, mais aussi une s\u00e9curit\u00e9 : un \u00e9quipement entretenu de mani\u00e8re professionnelle, une disponibilit\u00e9 rapide et les conseils de sp\u00e9cialistes exp\u00e9riment\u00e9s.<\/p>\n<p>\u2714\ufe0f Location d&rsquo;un pot de sablage Airblast 45 l avec d\u00e9lai flexible<br \/>\n\u2714\ufe0f Livraison rapide, mat\u00e9riel pr\u00eat \u00e0 l&#8217;emploi<br \/>\n\u2714\ufe0f Assistance technique par les experts d&rsquo;Euromat<\/p>\n<\/div><\/div><\/div><\/div><\/div><\/div><\/div><\/section>\n","protected":false},"excerpt":{"rendered":"<p>Airblast Accu-Blast 45 l pots de sablage \u00e0 louer ? Puissants, mobiles et durables pour les projets de sablage de moyenne et grande envergure. Id\u00e9al pour les travaux de m\u00e9tallurgie, de r\u00e9novation, de nettoyage industriel et d&rsquo;entretien des b\u00e2timents et des fa\u00e7ades sur site.<\/p>\n","protected":false},"featured_media":2336,"template":"","meta":{"_acf_changed":false},"product_brand":[],"product_cat":[1367,2960,1365],"product_tag":[],"class_list":{"0":"post-6197","1":"product","2":"type-product","3":"status-publish","4":"has-post-thumbnail","6":"product_cat-materiels-de-sablage","7":"product_cat-sableuses","8":"product_cat-traitement-de-surface","9":"pa_aansluiting-perslucht-klauwkoppeling-3-4-fr","10":"pa_afmetingen-hxdxdxb-1220x270x520x470-mm-fr","11":"pa_gewicht-50-kg-met-lege-tank-fr","12":"pa_lengte-10-m-straal-en-luchtslang-met-berschermende-buitenslang-fr","13":"pa_persluchtverbruik-l-min-avec-buse-de-5-mm--1-200-l-min-a-une-pression-de-service-de-5-bars-avec-buse-de-5-mm--1-750-l-min-a-une-pression-de-service-de-7-bars","14":"pa_ral-kleur-9005-zwart-fr","15":"pa_standaard-nozzle-o-5-mm-cilindrisch-fr","16":"pa_werkdruk-traploos-instelbaar-van-01-tot-10-bar-fr","18":"first","19":"instock","20":"purchasable","21":"product-type-simple"},"acf":[],"_links":{"self":[{"href":"https:\/\/www.euromat.be\/fr\/wp-json\/wp\/v2\/product\/6197","targetHints":{"allow":["GET"]}}],"collection":[{"href":"https:\/\/www.euromat.be\/fr\/wp-json\/wp\/v2\/product"}],"about":[{"href":"https:\/\/www.euromat.be\/fr\/wp-json\/wp\/v2\/types\/product"}],"wp:featuredmedia":[{"embeddable":true,"href":"https:\/\/www.euromat.be\/fr\/wp-json\/wp\/v2\/media\/2336"}],"wp:attachment":[{"href":"https:\/\/www.euromat.be\/fr\/wp-json\/wp\/v2\/media?parent=6197"}],"wp:term":[{"taxonomy":"product_brand","embeddable":true,"href":"https:\/\/www.euromat.be\/fr\/wp-json\/wp\/v2\/product_brand?post=6197"},{"taxonomy":"product_cat","embeddable":true,"href":"https:\/\/www.euromat.be\/fr\/wp-json\/wp\/v2\/product_cat?post=6197"},{"taxonomy":"product_tag","embeddable":true,"href":"https:\/\/www.euromat.be\/fr\/wp-json\/wp\/v2\/product_tag?post=6197"}],"curies":[{"name":"wp","href":"https:\/\/api.w.org\/{rel}","templated":true}]}}