{"id":6199,"date":"2025-09-10T14:02:43","date_gmt":"2025-09-10T12:02:43","guid":{"rendered":"https:\/\/www.euromat.be\/product\/straalketel-voor-droogstralen-80l\/"},"modified":"2025-09-11T11:35:56","modified_gmt":"2025-09-11T09:35:56","slug":"sableuse-pour-sablage-a-sec-80l","status":"publish","type":"product","link":"https:\/\/www.euromat.be\/fr\/produit\/sableuse-pour-sablage-a-sec-80l\/","title":{"rendered":"Sableuse pour sablage \u00e0 sec 80l"},"content":{"rendered":"<section class=\"l-section wpb_row height_auto\"><div class=\"l-section-h i-cf\"><div class=\"g-cols vc_row via_flex valign_top type_default stacking_default\"><div class=\"vc_col-sm-12 wpb_column vc_column_container\"><div class=\"vc_column-inner\"><div class=\"wpb_wrapper\"><div class=\"wpb_text_column\"><div class=\"wpb_wrapper\"><p><strong>Pot de sablage Comet pour le sablage \u00e0 sec 80 l<\/strong><\/p>\n<p>Bac de sablage haute performance pour le sablage \u00e0 sec intensif en milieu industriel<\/p>\n<p>Le pot de sablage \u00e0 sec Comet de 80 litres, disponible chez Euromat, est con\u00e7u pour les applications de sablage difficiles et exigeantes o\u00f9 le sablage \u00e0 sec est n\u00e9cessaire. Ce pot de sablage robuste offre une grande capacit\u00e9 et des performances constantes. Il est id\u00e9al pour \u00e9liminer la peinture, la rouille, la corrosion et d&rsquo;autres contaminants tenaces sur le m\u00e9tal, le b\u00e9ton et la pierre.<\/p>\n<p>D&rsquo;une capacit\u00e9 de 80 litres, ce pot de sablage Comet est parfait pour les grandes surfaces et le sablage \u00e0 long terme. La commande de sablage avanc\u00e9e garantit un enl\u00e8vement contr\u00f4l\u00e9 des mat\u00e9riaux et une finition uniforme, m\u00eame en cas d&rsquo;utilisation intensive. Elle est donc particuli\u00e8rement adapt\u00e9e au nettoyage industriel, aux projets de r\u00e9novation et aux travaux de construction m\u00e9tallique.<\/p>\n<p><strong>Caract\u00e9ristiques principales :<\/strong><br \/>\n&#8211; Capacit\u00e9 de la cuve : 80 litres &#8211; convient aux travaux de sablage de grande envergure et de longue dur\u00e9e<br \/>\n&#8211; Syst\u00e8me de sablage \u00e0 sec : sablage efficace sans ajout d&rsquo;eau<br \/>\n&#8211; Capacit\u00e9 de sablage \u00e9lev\u00e9e : pression constante pour des r\u00e9sultats r\u00e9guliers et rapides<br \/>\n&#8211; Construction robuste : r\u00e9siste \u00e0 une utilisation intensive en milieu industriel<br \/>\n&#8211; Qualit\u00e9 Comet : marque europ\u00e9enne dont la fiabilit\u00e9 en mati\u00e8re de technologie de sablage n&rsquo;est plus \u00e0 d\u00e9montrer.<\/p>\n<p><strong>Inclus dans la livraison :<\/strong><\/p>\n<p>\u2714\ufe0f 1x Tuyau d&rsquo;air Duo 20 m &#8211; \u00d8 2 x 6 mm (gris\/bleu)<br \/>\n\u2714\ufe0f 1x Poign\u00e9e d&rsquo;homme mort \u00e0 double effet &#8211; pour la s\u00e9curit\u00e9 pendant le fonctionnement<br \/>\n\u2714\ufe0f 1x tuyau de jet 20 m &#8211; \u00d8 1&Prime;\u00a0\u00bb (25 mm)<br \/>\n\u2714\ufe0f 1x Buse de jet NLW 8 mm<br \/>\n\u2714\ufe0f 1x Tuyau d&rsquo;air 20 m &#8211; \u00d8 \u215c\u00a0\u00bb\u00a0\u00bb (10 mm)<br \/>\n\u2714\ufe0f 1x Casque de sablage North Commander II &#8211; protection optimale de l&rsquo;op\u00e9rateur<\/p>\n<p><strong>Applications :<\/strong><br \/>\nId\u00e9al pour le sablage \u00e0 sec des structures en acier, des ponts, des conteneurs, des r\u00e9servoirs, des surfaces en b\u00e9ton et des installations industrielles. Peut \u00e9galement \u00eatre utilis\u00e9 pour la pr\u00e9paration des surfaces avant l&rsquo;application d&rsquo;un rev\u00eatement ou d&rsquo;une peinture.<\/p>\n<p><strong>Pourquoi choisir Euromat ?<\/strong><br \/>\nChez Euromat, vous trouverez non seulement des pots de sablage Comet de haute qualit\u00e9, mais aussi des connaissances sp\u00e9cialis\u00e9es, une assistance technique et des formules de location flexibles. Nous veillons \u00e0 ce que chaque unit\u00e9 soit pr\u00eate \u00e0 l&#8217;emploi &#8211; adapt\u00e9e \u00e0 votre chantier et \u00e0 votre application.<\/p>\n<p>\u2714\ufe0f Location d&rsquo;un pot de sablage Comet de 80 l avec assistance technique<br \/>\n\u2714\ufe0f Livraison rapide et instructions claires<br \/>\n\u2714\ufe0f Assistance par des sp\u00e9cialistes exp\u00e9riment\u00e9s d&rsquo;Euromat<\/p>\n<\/div><\/div><\/div><\/div><\/div><\/div><\/div><\/section>\n","protected":false},"excerpt":{"rendered":"<p>Location d&rsquo;une cabine de sablage \u00e0 sec Comet 80 l ? Puissante, robuste et id\u00e9ale pour les grands projets de sablage industriels. Parfait pour enlever la peinture, la rouille et la corrosion sur le m\u00e9tal, le b\u00e9ton et la pierre.<\/p>\n","protected":false},"featured_media":2300,"template":"","meta":{"_acf_changed":false},"product_brand":[1396],"product_cat":[1367,2960,1365],"product_tag":[],"class_list":{"0":"post-6199","1":"product","2":"type-product","3":"status-publish","4":"has-post-thumbnail","6":"product_brand-comet","7":"product_cat-materiels-de-sablage","8":"product_cat-sableuses","9":"product_cat-traitement-de-surface","10":"pa_breedte-mm-450-mm-fr","11":"pa_diameter-mm-450-mm-fr","12":"pa_gewicht-80-kg-fr","13":"pa_hoogte-mm-1050-mm-fr","14":"pa_model-80-l-fr","16":"first","17":"instock","18":"purchasable","19":"product-type-simple"},"acf":[],"_links":{"self":[{"href":"https:\/\/www.euromat.be\/fr\/wp-json\/wp\/v2\/product\/6199","targetHints":{"allow":["GET"]}}],"collection":[{"href":"https:\/\/www.euromat.be\/fr\/wp-json\/wp\/v2\/product"}],"about":[{"href":"https:\/\/www.euromat.be\/fr\/wp-json\/wp\/v2\/types\/product"}],"wp:featuredmedia":[{"embeddable":true,"href":"https:\/\/www.euromat.be\/fr\/wp-json\/wp\/v2\/media\/2300"}],"wp:attachment":[{"href":"https:\/\/www.euromat.be\/fr\/wp-json\/wp\/v2\/media?parent=6199"}],"wp:term":[{"taxonomy":"product_brand","embeddable":true,"href":"https:\/\/www.euromat.be\/fr\/wp-json\/wp\/v2\/product_brand?post=6199"},{"taxonomy":"product_cat","embeddable":true,"href":"https:\/\/www.euromat.be\/fr\/wp-json\/wp\/v2\/product_cat?post=6199"},{"taxonomy":"product_tag","embeddable":true,"href":"https:\/\/www.euromat.be\/fr\/wp-json\/wp\/v2\/product_tag?post=6199"}],"curies":[{"name":"wp","href":"https:\/\/api.w.org\/{rel}","templated":true}]}}