{"id":6202,"date":"2025-09-10T14:02:43","date_gmt":"2025-09-10T12:02:43","guid":{"rendered":"https:\/\/www.euromat.be\/product\/verlengstraalset-20m\/"},"modified":"2025-09-11T11:35:54","modified_gmt":"2025-09-11T09:35:54","slug":"kit-de-rallonge-de-sablage-20m","status":"publish","type":"product","link":"https:\/\/www.euromat.be\/fr\/produit\/kit-de-rallonge-de-sablage-20m\/","title":{"rendered":"Kit de rallonge de sablage 20m"},"content":{"rendered":"<section class=\"l-section wpb_row height_auto\"><div class=\"l-section-h i-cf\"><div class=\"g-cols vc_row via_flex valign_top type_default stacking_default\"><div class=\"vc_col-sm-12 wpb_column vc_column_container\"><div class=\"vc_column-inner\"><div class=\"wpb_wrapper\"><div class=\"wpb_text_column\"><div class=\"wpb_wrapper\"><p>Le kit d&rsquo;extension de sablage 20 m en option est con\u00e7u pour rendre vos op\u00e9rations de sablage plus efficaces et plus flexibles. Ce kit se compose d&rsquo;un tuyau de sablage de 20 m\u00e8tres (diam\u00e8tre 19\/25\/32 mm) et d&rsquo;un tuyau d&rsquo;air duo de 20 m\u00e8tres (2 \u00d7 6 mm, gris\/bleu), ce qui vous donne une plus grande libert\u00e9 de mouvement lors des op\u00e9rations de nettoyage et de sablage. Id\u00e9al pour les endroits difficiles d&rsquo;acc\u00e8s ou lorsqu&rsquo;une distance de travail suppl\u00e9mentaire est n\u00e9cessaire. Ce kit d&rsquo;extension est le compl\u00e9ment id\u00e9al de votre \u00e9quipement de sablage existant et garantit un d\u00e9bit d&rsquo;air et de sablage optimal sans perte de qualit\u00e9.<\/p>\n<\/div><\/div><\/div><\/div><\/div><\/div><\/div><\/section>\n","protected":false},"excerpt":{"rendered":"<p>Ensemble complet de jets de 20 m\u00e8tres avec tuyau de jet et tuyau d&rsquo;air duo pour une flexibilit\u00e9 et une port\u00e9e accrues.<\/p>\n","protected":false},"featured_media":2298,"template":"","meta":{"_acf_changed":false},"product_brand":[],"product_cat":[1368,3054,1365],"product_tag":[],"class_list":{"0":"post-6202","1":"product","2":"type-product","3":"status-publish","4":"has-post-thumbnail","6":"product_cat-accessoires-traitement-de-surface","7":"product_cat-kit-de-rallonge-de-sablage","8":"product_cat-traitement-de-surface","10":"first","11":"instock","12":"purchasable","13":"product-type-simple"},"acf":[],"_links":{"self":[{"href":"https:\/\/www.euromat.be\/fr\/wp-json\/wp\/v2\/product\/6202","targetHints":{"allow":["GET"]}}],"collection":[{"href":"https:\/\/www.euromat.be\/fr\/wp-json\/wp\/v2\/product"}],"about":[{"href":"https:\/\/www.euromat.be\/fr\/wp-json\/wp\/v2\/types\/product"}],"wp:featuredmedia":[{"embeddable":true,"href":"https:\/\/www.euromat.be\/fr\/wp-json\/wp\/v2\/media\/2298"}],"wp:attachment":[{"href":"https:\/\/www.euromat.be\/fr\/wp-json\/wp\/v2\/media?parent=6202"}],"wp:term":[{"taxonomy":"product_brand","embeddable":true,"href":"https:\/\/www.euromat.be\/fr\/wp-json\/wp\/v2\/product_brand?post=6202"},{"taxonomy":"product_cat","embeddable":true,"href":"https:\/\/www.euromat.be\/fr\/wp-json\/wp\/v2\/product_cat?post=6202"},{"taxonomy":"product_tag","embeddable":true,"href":"https:\/\/www.euromat.be\/fr\/wp-json\/wp\/v2\/product_tag?post=6202"}],"curies":[{"name":"wp","href":"https:\/\/api.w.org\/{rel}","templated":true}]}}