{"id":6203,"date":"2025-09-10T14:02:43","date_gmt":"2025-09-10T12:02:43","guid":{"rendered":"https:\/\/www.euromat.be\/product\/straalhelm-north-commander-ii\/"},"modified":"2025-09-11T11:35:52","modified_gmt":"2025-09-11T09:35:52","slug":"casque-de-sablage-north-commander-ii","status":"publish","type":"product","link":"https:\/\/www.euromat.be\/fr\/produit\/casque-de-sablage-north-commander-ii\/","title":{"rendered":"Casque de sablage North Commander II"},"content":{"rendered":"<section class=\"l-section wpb_row height_auto\"><div class=\"l-section-h i-cf\"><div class=\"g-cols vc_row via_flex valign_top type_default stacking_default\"><div class=\"vc_col-sm-12 wpb_column vc_column_container\"><div class=\"vc_column-inner\"><div class=\"wpb_wrapper\"><div class=\"wpb_text_column\"><div class=\"wpb_wrapper\"><p><strong>Casque North Commander II Jet<\/strong><\/p>\n<p>Protection et confort optimaux lors de travaux de sablage intensifs<\/p>\n<p>Pour des travaux de dynamitage s\u00fbrs et efficaces, Euromat propose le casque de dynamitage North Commander II, un mod\u00e8le phare de la c\u00e9l\u00e8bre marque North Commander. Ce casque de dynamitage allie des caract\u00e9ristiques de s\u00e9curit\u00e9 avanc\u00e9es \u00e0 un grand confort, ce qui vous permet de travailler en toute s\u00e9curit\u00e9 et de vous concentrer pendant des heures, m\u00eame dans les environnements de travail les plus difficiles.<\/p>\n<p>Le North Commander II est sp\u00e9cialement con\u00e7u pour les professionnels du jet qui souhaitent b\u00e9n\u00e9ficier d&rsquo;une protection maximale sans sacrifier le confort respiratoire et la visibilit\u00e9. Avec son syst\u00e8me de filtre innovant et son design ergonomique, ce casque est indispensable pour toute op\u00e9ration de dynamitage.<\/p>\n<p><strong>Caract\u00e9ristiques principales :<\/strong><br \/>\n&#8211; Protection optimale : syst\u00e8me de filtrage de haute qualit\u00e9 contre la poussi\u00e8re, les agents de sablage et les particules nocives<br \/>\n&#8211; Conception confortable : poids l\u00e9ger avec sangle r\u00e9glable et doublure int\u00e9rieure pour un confort durable<br \/>\n&#8211; Excellente visibilit\u00e9 : Grandes visi\u00e8res r\u00e9sistantes aux rayures pour une vision claire au travail<br \/>\n&#8211; S\u00e9curit\u00e9 certifi\u00e9e : Conforme \u00e0 toutes les normes de s\u00e9curit\u00e9 applicables aux casques de protection contre les explosions<br \/>\n&#8211; Qualit\u00e9 North Commander : marque de confiance ayant fait ses preuves en mati\u00e8re de s\u00e9curit\u00e9 contre les explosions<\/p>\n<p><strong>Applications :<\/strong><br \/>\nLe casque de sablage North Commander II est id\u00e9al pour tous les types de travaux de sablage, y compris le sablage, le sablage fin et le sablage \u00e0 sec dans les projets industriels et de r\u00e9novation. Prot\u00e9gez-vous de mani\u00e8re optimale de la poussi\u00e8re, des mat\u00e9riaux abrasifs et des substances nocives pendant le sablage.<\/p>\n<p><strong>Pourquoi choisir Euromat ?<\/strong><br \/>\nEuromat ne se contente pas de fournir des casques anti-souffle de qualit\u00e9 sup\u00e9rieure de marques telles que North Commander, mais offre \u00e9galement une assistance experte et des options de location flexibles. Nous fournissons un \u00e9quipement de protection professionnellement entretenu et imm\u00e9diatement d\u00e9ployable, adapt\u00e9 \u00e0 vos besoins en mati\u00e8re de s\u00e9curit\u00e9 et de projet.<\/p>\n<p>\u2714\ufe0f Location de casques anti-souffle North Commander II avec des conditions de location flexibles<br \/>\n\u2714\ufe0f Service professionnel d&rsquo;entretien et de nettoyage<br \/>\n\u2714\ufe0f Assistance personnelle par les sp\u00e9cialistes du grenaillage d&rsquo;Euromat<\/p>\n<\/div><\/div><\/div><\/div><\/div><\/div><\/div><\/section>\n","protected":false},"excerpt":{"rendered":"<p>Location d&rsquo;un casque de dynamitage Arbin North Honeywell Commander II ? L\u00e9ger, confortable et dot\u00e9 d&rsquo;un syst\u00e8me de filtration de haute qualit\u00e9 pour une protection et une visibilit\u00e9 optimales lors de travaux de sablage intensifs. Id\u00e9al pour le sablage industriel, le sablage fin et le sablage \u00e0 sec.<\/p>\n","protected":false},"featured_media":2907,"template":"","meta":{"_acf_changed":false},"product_brand":[],"product_cat":[1368,3056,1365],"product_tag":[],"class_list":{"0":"post-6203","1":"product","2":"type-product","3":"status-publish","4":"has-post-thumbnail","6":"product_cat-accessoires-traitement-de-surface","7":"product_cat-casques-de-sablage","8":"product_cat-traitement-de-surface","9":"pa_gewicht-3-kg-fr","10":"pa_model-north-commander-ii-fr","12":"first","13":"instock","14":"purchasable","15":"product-type-simple"},"acf":[],"_links":{"self":[{"href":"https:\/\/www.euromat.be\/fr\/wp-json\/wp\/v2\/product\/6203","targetHints":{"allow":["GET"]}}],"collection":[{"href":"https:\/\/www.euromat.be\/fr\/wp-json\/wp\/v2\/product"}],"about":[{"href":"https:\/\/www.euromat.be\/fr\/wp-json\/wp\/v2\/types\/product"}],"wp:featuredmedia":[{"embeddable":true,"href":"https:\/\/www.euromat.be\/fr\/wp-json\/wp\/v2\/media\/2907"}],"wp:attachment":[{"href":"https:\/\/www.euromat.be\/fr\/wp-json\/wp\/v2\/media?parent=6203"}],"wp:term":[{"taxonomy":"product_brand","embeddable":true,"href":"https:\/\/www.euromat.be\/fr\/wp-json\/wp\/v2\/product_brand?post=6203"},{"taxonomy":"product_cat","embeddable":true,"href":"https:\/\/www.euromat.be\/fr\/wp-json\/wp\/v2\/product_cat?post=6203"},{"taxonomy":"product_tag","embeddable":true,"href":"https:\/\/www.euromat.be\/fr\/wp-json\/wp\/v2\/product_tag?post=6203"}],"curies":[{"name":"wp","href":"https:\/\/api.w.org\/{rel}","templated":true}]}}