{"id":6205,"date":"2025-09-10T14:02:43","date_gmt":"2025-09-10T12:02:43","guid":{"rendered":"https:\/\/www.euromat.be\/product\/neveljet-comet-80l\/"},"modified":"2025-10-21T12:03:30","modified_gmt":"2025-10-21T10:03:30","slug":"neveljet-comet-80l","status":"publish","type":"product","link":"https:\/\/www.euromat.be\/fr\/produit\/neveljet-comet-80l\/","title":{"rendered":"Neveljet"},"content":{"rendered":"<section class=\"l-section wpb_row height_auto\"><div class=\"l-section-h i-cf\"><div class=\"g-cols vc_row via_flex valign_top type_default stacking_default\"><div class=\"vc_col-sm-12 wpb_column vc_column_container\"><div class=\"vc_column-inner\"><div class=\"wpb_wrapper\"><div class=\"wpb_text_column\"><div class=\"wpb_wrapper\"><p><strong>Neveljet<\/strong><\/p>\n<p>Solution de sablage flexible et mobile pour le traitement intensif des surfaces<\/p>\n<p>Le Neveljet 80L, disponible chez Euromat, est un puissant \u00e9quipement de sablage mont\u00e9 sur remorque, id\u00e9al pour les applications de sablage \u00e0 sec \u00e0 basse pression sur site. Gr\u00e2ce \u00e0 sa conception compacte sur remorque et \u00e0 son compresseur int\u00e9gr\u00e9 (7\/41 ou 7\/53), cette unit\u00e9 de sablage est tr\u00e8s mobile et convient aux projets o\u00f9 la flexibilit\u00e9 et l&rsquo;efficacit\u00e9 sont essentielles. Cet ensemble de sablage comprend une chaudi\u00e8re de 80 litres, des tuyaux d&rsquo;air et des tuyaux de sablage de haute qualit\u00e9, un refroidisseur final int\u00e9gr\u00e9 et divers dispositifs de s\u00e9curit\u00e9, notamment une commande \u00e0 distance et un casque de sablage. Il garantit une utilisation s\u00fbre et confortable pendant le sablage.<\/p>\n<p><strong>Caract\u00e9ristiques principales :<\/strong><br \/>\n&#8211; Ensemble de sablage mobile sur remorque : Facile \u00e0 d\u00e9placer et \u00e0 d\u00e9ployer sur diff\u00e9rents chantiers<br \/>\n&#8211; Capacit\u00e9 du r\u00e9servoir : 80 litres &#8211; convient aux travaux intensifs de sablage \u00e0 sec \u00e0 basse pression<br \/>\n&#8211; Compresseur : choix de Comet 7\/51 ou 7\/53 pour une alimentation fiable en air comprim\u00e9<\/p>\n<p><strong>Accessoires inclus :<\/strong><br \/>\n&#8211; 2x tuyau d&rsquo;air 20 m, 3\/8&Prime;\u00a0\u00bb dia 10 mm<br \/>\n&#8211; 1x tuyau de soufflage 20 m, 1&Prime;\u00a0\u00bb dia 25 mm<br \/>\n&#8211; Post-refroidisseur int\u00e9gr\u00e9 pour une qualit\u00e9 optimale de l&rsquo;air comprim\u00e9<br \/>\n&#8211; Buse utilis\u00e9e NLW6\/NLW8<br \/>\n&#8211; Syst\u00e8me de s\u00e9curit\u00e9 pour un fonctionnement s\u00fbr<br \/>\n&#8211; T\u00e9l\u00e9commande pour une utilisation facile \u00e0 distance<br \/>\n&#8211; Casque \u00e0 jet North Commander II pour une protection maximale<br \/>\n&#8211; S\u00e9parateur d&rsquo;eau pour la s\u00e9paration de l&rsquo;eau et de l&rsquo;air comprim\u00e9<\/p>\n<p><strong>Sablage humide en option, avec le Comet mist jet 80L, vous pouvez \u00e9galement effectuer un sablage humide, \u00e0 condition de louer la t\u00eate de lavage humide :<\/strong><br \/>\n&#8211; Prix de location Natwaskop : Mois \u20ac10\/jour, Semaine \u20ac12\/jour, Jour \u20ac18\/jour<br \/>\n&#8211; Tuyau SLU10 bleu\/eau 20m disponible : Mois \u20ac6\/jour, Semaine \u20ac7\/jour, Jour \u20ac8\/jour<\/p>\n<p><strong>Le sablage humide avec cette machine, pour lequel vous avez besoin de.. :<\/strong><br \/>\n&#8211; T\u00eate de lavage humide : Mois \u20ac10\/jour, Semaine : \u20ac12\/jour, Jour : \u20ac18\/jour.<br \/>\n&#8211; Tuyau SLU10 bleu\/eau 20m : Mois \u20ac6\/jour, Semaine : \u20ac7\/jour, Jour : \u20ac8\/jour.<\/p>\n<p>Le prix de location comprend 8 heures de fonctionnement. Les heures de fonctionnement suppl\u00e9mentaires sont factur\u00e9es s\u00e9par\u00e9ment en fonction de la consommation. Des frais de nettoyage peuvent \u00eatre factur\u00e9s en fonction de l&rsquo;\u00e9tat dans lequel le pot de sablage est rendu.<\/p>\n<p><strong>Applications :<\/strong><br \/>\nParfait pour le sablage \u00e0 sec \u00e0 basse pression de structures en acier, de ponts, de r\u00e9servoirs et d&rsquo;autres surfaces industrielles, avec la possibilit\u00e9 d&rsquo;un sablage humide pour une puissance de nettoyage et une r\u00e9duction de la poussi\u00e8re accrues.<\/p>\n<p><strong>Pourquoi choisir Euromat ?<\/strong><br \/>\nChez Euromat, vous louez des \u00e9quipements de sablage Comet de haute qualit\u00e9 avec un service et une assistance complets. Nous proposons des conditions de location flexibles, une livraison rapide et une assistance technique professionnelle pour garantir que votre projet de dynamitage se d\u00e9roule en douceur et en toute s\u00e9curit\u00e9.<\/p>\n<p>\u2714\ufe0f Location d&rsquo;un jet de brouillard Comet 80L avec accessoires complets et t\u00e9l\u00e9commande<br \/>\n\u2714\ufe0f Possibilit\u00e9 de sablage humide avec des accessoires en option<br \/>\n\u2714\ufe0f Conseils d&rsquo;experts et maintenance par les sp\u00e9cialistes d&rsquo;Euromat<\/p>\n<\/div><\/div><\/div><\/div><\/div><\/div><\/div><\/section>\n","protected":false},"excerpt":{"rendered":"<p>Location Neveljet ? Unit\u00e9 mobile de sablage \u00e0 sec \u00e0 basse pression sur remorque avec compresseur int\u00e9gr\u00e9, refroidisseur final et accessoires complets. Possibilit\u00e9 de sablage humide en option. Id\u00e9al pour un sablage flexible sur site.<\/p>\n","protected":false},"featured_media":2310,"template":"","meta":{"_acf_changed":false},"product_brand":[1396],"product_cat":[2959,1367,1365],"product_tag":[],"class_list":{"0":"post-6205","1":"product","2":"type-product","3":"status-publish","4":"has-post-thumbnail","6":"product_brand-comet","7":"product_cat-kit-de-sablage","8":"product_cat-materiels-de-sablage","9":"product_cat-traitement-de-surface","10":"pa_geschikt-voor-lagedruk-droogstralen-fr","11":"pa_productsoort-straalset-op-aanhangwagen-fr","12":"pa_verplicht-rijbewijs-be-fr","14":"first","15":"instock","16":"purchasable","17":"product-type-simple"},"acf":[],"_links":{"self":[{"href":"https:\/\/www.euromat.be\/fr\/wp-json\/wp\/v2\/product\/6205","targetHints":{"allow":["GET"]}}],"collection":[{"href":"https:\/\/www.euromat.be\/fr\/wp-json\/wp\/v2\/product"}],"about":[{"href":"https:\/\/www.euromat.be\/fr\/wp-json\/wp\/v2\/types\/product"}],"wp:featuredmedia":[{"embeddable":true,"href":"https:\/\/www.euromat.be\/fr\/wp-json\/wp\/v2\/media\/2310"}],"wp:attachment":[{"href":"https:\/\/www.euromat.be\/fr\/wp-json\/wp\/v2\/media?parent=6205"}],"wp:term":[{"taxonomy":"product_brand","embeddable":true,"href":"https:\/\/www.euromat.be\/fr\/wp-json\/wp\/v2\/product_brand?post=6205"},{"taxonomy":"product_cat","embeddable":true,"href":"https:\/\/www.euromat.be\/fr\/wp-json\/wp\/v2\/product_cat?post=6205"},{"taxonomy":"product_tag","embeddable":true,"href":"https:\/\/www.euromat.be\/fr\/wp-json\/wp\/v2\/product_tag?post=6205"}],"curies":[{"name":"wp","href":"https:\/\/api.w.org\/{rel}","templated":true}]}}