{"id":6206,"date":"2025-09-10T14:02:43","date_gmt":"2025-09-10T12:02:43","guid":{"rendered":"https:\/\/www.euromat.be\/product\/straalsilo-12-ton\/"},"modified":"2025-09-11T11:35:53","modified_gmt":"2025-09-11T09:35:53","slug":"silo-de-sablage-12-tonnesnes-hors-abrasif","status":"publish","type":"product","link":"https:\/\/www.euromat.be\/fr\/produit\/silo-de-sablage-12-tonnesnes-hors-abrasif\/","title":{"rendered":"Silo de sablage 12 tonnesnes hors abrasif"},"content":{"rendered":"<section class=\"l-section wpb_row height_auto\"><div class=\"l-section-h i-cf\"><div class=\"g-cols vc_row via_flex valign_top type_default stacking_default\"><div class=\"vc_col-sm-12 wpb_column vc_column_container\"><div class=\"vc_column-inner\"><div class=\"wpb_wrapper\"><div class=\"wpb_text_column\"><div class=\"wpb_wrapper\"><p><strong>Silo \u00e0 poutrelles 12 tonnes<\/strong><\/p>\n<p>Grande capacit\u00e9 pour une efficacit\u00e9 maximale dans les projets de dynamitage \u00e0 grande \u00e9chelle<\/p>\n<p>Pour les projets de sablage intensifs n\u00e9cessitant un approvisionnement continu en abrasif, Euromat propose le silo de sablage de 12 tonnes. Ce silo de sablage industriel est con\u00e7u pour un stockage et une distribution fiables de l&rsquo;abrasif sur les grands sites tels que les chantiers navals, les structures en acier ou les projets de r\u00e9novation industrielle. Avec une capacit\u00e9 de 12,5 m\u00b3 et un poids de remplissage maximal de 20 000 kg, ce silo permet des op\u00e9rations \u00e0 long terme sans interruption.<\/p>\n<p>Le silo de grenaillage est \u00e9quip\u00e9 de quatre sorties DN100 pour le raccordement simultan\u00e9 de plusieurs pots de grenaillage, d&rsquo;un solide tuyau de remplissage de 2,5&Prime;\u00a0\u00bb avec capuchon de pluie et d&rsquo;un syst\u00e8me de levage par c\u00e2ble NCH. Gr\u00e2ce \u00e0 sa construction robuste conforme aux normes 3.1B (AD 2000HP0), il peut r\u00e9sister \u00e0 une utilisation industrielle intensive.<\/p>\n<p><strong>Caract\u00e9ristiques principales :<\/strong><br \/>\n&#8211; Grande capacit\u00e9 de stockage : volume de 12,5 m\u00b3 &#8211; jusqu&rsquo;\u00e0 20 000 kg d&rsquo;abrasifs<br \/>\n&#8211; Quatre sorties (DN100) : Pour le raccordement simultan\u00e9 de plusieurs pots de sablage<br \/>\n&#8211; 1x tuyau de remplissage 2,5&Prime;\u00a0\u00bb avec capuchon de pluie et sortie<br \/>\n&#8211; Construction industrielle : en mat\u00e9riau 3.1B &#8211; conforme \u00e0 AD 2000HP0<br \/>\n&#8211; Syst\u00e8me de remplissage et de transport efficace : tuyau de remplissage \u00e0 paroi \u00e9paisse de 2,5&Prime;\u00a0\u00bb avec capuchon de pluie<br \/>\n&#8211; Possibilit\u00e9 de levage : \u00e9quip\u00e9 d&rsquo;un syst\u00e8me de c\u00e2ble NCH pour l&rsquo;utilisation d&rsquo;une grue<br \/>\n&#8211; Dimensions : longueur du ch\u00e2ssis 5240 mm x diam\u00e8tre du silo : 2500 mm<br \/>\n&#8211; Poids \u00e0 vide : 1700 kg<\/p>\n<p><strong>Applications :<\/strong><br \/>\nCe silo de sablage de 12 tonnes est id\u00e9al pour les projets de sablage industriel n\u00e9cessitant de grandes quantit\u00e9s d&rsquo;abrasif, tels que la construction et la maintenance navales, la r\u00e9novation de structures en acier, le nettoyage du b\u00e9ton \u00e0 grande \u00e9chelle, les installations de sablage avec plusieurs pots de sablage.<\/p>\n<p><strong>Pourquoi choisir Euromat ?<\/strong><br \/>\nEuromat fournit des solutions de sablage industriel, compl\u00e9t\u00e9es par une assistance technique et des formules de location flexibles. Chaque unit\u00e9 est livr\u00e9e pr\u00eate \u00e0 l&#8217;emploi, adapt\u00e9e \u00e0 votre chantier sp\u00e9cifique.<\/p>\n<p>\u2714\ufe0f Silos de grenaillage \u00e0 d\u00e9ploiement rapide<br \/>\n\u2714\ufe0f Liaison possible avec plusieurs chaudi\u00e8res<br \/>\n\u2714\ufe0f Maintenance experte et livraison sur site<\/p>\n<\/div><\/div><\/div><\/div><\/div><\/div><\/div><\/section>\n","protected":false},"excerpt":{"rendered":"<p>Louer un silo de 12 tonnes ? Grande capacit\u00e9 de stockage (12,5 m\u00b3 \/ 20 000 kg) avec quatre sorties pour plusieurs pots de sablage. Robuste, hissable et id\u00e9al pour les projets de sablage industriel \u00e0 grande \u00e9chelle.<\/p>\n","protected":false},"featured_media":2330,"template":"","meta":{"_acf_changed":false},"product_brand":[],"product_cat":[1367,2961,1365],"product_tag":[],"class_list":{"0":"post-6206","1":"product","2":"type-product","3":"status-publish","4":"has-post-thumbnail","6":"product_cat-materiels-de-sablage","7":"product_cat-silos-de-sablage","8":"product_cat-traitement-de-surface","9":"pa_afmetingen-frame-5240-mm-fr","10":"pa_diameter-mm-2500-mm-fr","11":"pa_gewicht-1700-kg-leeg-fr","12":"pa_materiaal-31b-ad-2000hp0-fr","13":"pa_max-vulgewicht-20000-kg-fr","14":"pa_oppaksysteem-nch-kabel-systeem-kraan-fr","15":"pa_outlets-voor-ketels-4x-dn100-fr","16":"pa_volume-silo-125-m-fr","17":"pa_vulpijp-25dikwandig-incl-regenkap-uitlaat-fr","19":"first","20":"instock","21":"purchasable","22":"product-type-simple"},"acf":[],"_links":{"self":[{"href":"https:\/\/www.euromat.be\/fr\/wp-json\/wp\/v2\/product\/6206","targetHints":{"allow":["GET"]}}],"collection":[{"href":"https:\/\/www.euromat.be\/fr\/wp-json\/wp\/v2\/product"}],"about":[{"href":"https:\/\/www.euromat.be\/fr\/wp-json\/wp\/v2\/types\/product"}],"wp:featuredmedia":[{"embeddable":true,"href":"https:\/\/www.euromat.be\/fr\/wp-json\/wp\/v2\/media\/2330"}],"wp:attachment":[{"href":"https:\/\/www.euromat.be\/fr\/wp-json\/wp\/v2\/media?parent=6206"}],"wp:term":[{"taxonomy":"product_brand","embeddable":true,"href":"https:\/\/www.euromat.be\/fr\/wp-json\/wp\/v2\/product_brand?post=6206"},{"taxonomy":"product_cat","embeddable":true,"href":"https:\/\/www.euromat.be\/fr\/wp-json\/wp\/v2\/product_cat?post=6206"},{"taxonomy":"product_tag","embeddable":true,"href":"https:\/\/www.euromat.be\/fr\/wp-json\/wp\/v2\/product_tag?post=6206"}],"curies":[{"name":"wp","href":"https:\/\/api.w.org\/{rel}","templated":true}]}}