{"id":6207,"date":"2025-09-10T14:02:43","date_gmt":"2025-09-10T12:02:43","guid":{"rendered":"https:\/\/www.euromat.be\/product\/straalsilo-1-ton-op-sokkel\/"},"modified":"2025-09-11T11:35:53","modified_gmt":"2025-09-11T09:35:53","slug":"silo-de-sablage-1-tonnesnes-hors-abrasif","status":"publish","type":"product","link":"https:\/\/www.euromat.be\/fr\/produit\/silo-de-sablage-1-tonnesnes-hors-abrasif\/","title":{"rendered":"Silo de sablage 1 tonnesnes hors abrasif"},"content":{"rendered":"<section class=\"l-section wpb_row height_auto\"><div class=\"l-section-h i-cf\"><div class=\"g-cols vc_row via_flex valign_top type_default stacking_default\"><div class=\"vc_col-sm-12 wpb_column vc_column_container\"><div class=\"vc_column-inner\"><div class=\"wpb_wrapper\"><div class=\"wpb_text_column\"><div class=\"wpb_wrapper\"><p><strong>Silo \u00e0 poutre 1 tonne sur socle<\/strong><\/p>\n<p>Gestion efficace et s\u00fbre des abrasifs pour les projets de sablage \u00e0 petite et moyenne \u00e9chelle<\/p>\n<p>Le silo de sablage d&rsquo;une tonne sur socle, disponible chez Euromat, est la solution id\u00e9ale pour ceux qui recherchent un approvisionnement en abrasif compact et fiable sur site. Avec une capacit\u00e9 de 1 m\u00b3 et un poids de remplissage maximum de 1500 kg, ce silo est parfait pour les projets o\u00f9 la pr\u00e9cision, la mobilit\u00e9 et la s\u00e9curit\u00e9 sont essentielles &#8211; sans compromis sur la capacit\u00e9.<\/p>\n<p>Gr\u00e2ce \u00e0 son socle robuste et \u00e0 son syst\u00e8me de ramassage en 4 points, le silo est facile \u00e0 d\u00e9placer \u00e0 l&rsquo;aide d&rsquo;une grue, ce qui permet de l&rsquo;utiliser sur une grande vari\u00e9t\u00e9 de chantiers. \u00c9quip\u00e9 d&rsquo;une sortie pour le raccordement direct \u00e0 un pot de sablage, le silo de sablage garantit une alimentation constante en abrasif pour un processus de sablage intermittent.<\/p>\n<p><strong>Caract\u00e9ristiques principales :<\/strong><br \/>\n&#8211; Volume du silo : 1 m\u00b3 &#8211; id\u00e9al pour les travaux de sablage pr\u00e9cis et \u00e0 petite \u00e9chelle<br \/>\n&#8211; Poids de remplissage maximal : 1500 kg de capacit\u00e9 d&rsquo;abrasif<br \/>\n&#8211; Conception solide du socle : id\u00e9al pour le placement sur site ou dans l&rsquo;atelier<br \/>\n&#8211; 1 raccord d&rsquo;abrasif : raccordement facile au pot de sablage<br \/>\n&#8211; Syst\u00e8me de ramassage : \u00e9quip\u00e9 d&rsquo;un anneau de levage \u00e0 4 points &#8211; s\u00fbr et grutable<br \/>\n&#8211; Poids \u00e0 vide : 500 kg<br \/>\n&#8211; Poids de remplissage max. : 1500 kg<\/p>\n<p><strong>Applications :<\/strong><br \/>\nLe silo de sablage d&rsquo;une tonne est id\u00e9al pour les travaux de sablage dans des endroits difficiles d&rsquo;acc\u00e8s ou compacts o\u00f9 l&rsquo;espace est limit\u00e9. Gr\u00e2ce \u00e0 son syst\u00e8me d&rsquo;alimentation contr\u00f4l\u00e9e, ce silo est id\u00e9al pour les projets n\u00e9cessitant un approvisionnement constant et pr\u00e9cis en abrasifs, tels que les travaux de maintenance industrielle, les projets de r\u00e9novation ou les unit\u00e9s de sablage mobiles. Dans des secteurs tels que la construction navale, la construction et la m\u00e9tallurgie, ce silo compact offre \u00e9galement une solution fiable et flexible.<\/p>\n<p><strong>Pourquoi choisir Euromat ?<\/strong><br \/>\nAvec Euromat, vous choisissez des solutions de qualit\u00e9 combin\u00e9es \u00e0 une assistance technique, des formules de location flexibles et une livraison rapide. Nos silos de grenaillage sont pr\u00eats \u00e0 l&#8217;emploi et peuvent \u00eatre d\u00e9ploy\u00e9s sur n&rsquo;importe quel chantier.<\/p>\n<p>\u2714\ufe0f Location de silos \u00e0 sablage compacts avec d\u00e9lai de livraison court<br \/>\n\u2714\ufe0f Assistance par des sp\u00e9cialistes exp\u00e9riment\u00e9s d&rsquo;Euromat<br \/>\n\u2714\ufe0f Solutions de chantier s\u00fbres et flexibles avec la technologie Comet<\/p>\n<\/div><\/div><\/div><\/div><\/div><\/div><\/div><\/section>\n","protected":false},"excerpt":{"rendered":"<p>Location d&rsquo;un silo de sablage d&rsquo;une tonne sur socle ? Compact, grutable et s\u00fbr pour une alimentation efficace en abrasif sur des projets de sablage de petite \u00e0 moyenne envergure. Id\u00e9al pour les travaux de maintenance industrielle, la r\u00e9novation et les unit\u00e9s de sablage mobiles.<\/p>\n","protected":false},"featured_media":2334,"template":"","meta":{"_acf_changed":false},"product_brand":[],"product_cat":[1367,2961,1365],"product_tag":[],"class_list":{"0":"post-6207","1":"product","2":"type-product","3":"status-publish","4":"has-post-thumbnail","6":"product_cat-materiels-de-sablage","7":"product_cat-silos-de-sablage","8":"product_cat-traitement-de-surface","9":"pa_gewicht-500-kg-leeg-fr","10":"pa_max-vulgewicht-1500-kg-fr","11":"pa_oppaksysteem-4-punt-ketting-oog-fr","12":"pa_outlets-voor-ketels-1-fr","13":"pa_volume-silo-1-m-fr","15":"first","16":"instock","17":"purchasable","18":"product-type-simple"},"acf":[],"_links":{"self":[{"href":"https:\/\/www.euromat.be\/fr\/wp-json\/wp\/v2\/product\/6207","targetHints":{"allow":["GET"]}}],"collection":[{"href":"https:\/\/www.euromat.be\/fr\/wp-json\/wp\/v2\/product"}],"about":[{"href":"https:\/\/www.euromat.be\/fr\/wp-json\/wp\/v2\/types\/product"}],"wp:featuredmedia":[{"embeddable":true,"href":"https:\/\/www.euromat.be\/fr\/wp-json\/wp\/v2\/media\/2334"}],"wp:attachment":[{"href":"https:\/\/www.euromat.be\/fr\/wp-json\/wp\/v2\/media?parent=6207"}],"wp:term":[{"taxonomy":"product_brand","embeddable":true,"href":"https:\/\/www.euromat.be\/fr\/wp-json\/wp\/v2\/product_brand?post=6207"},{"taxonomy":"product_cat","embeddable":true,"href":"https:\/\/www.euromat.be\/fr\/wp-json\/wp\/v2\/product_cat?post=6207"},{"taxonomy":"product_tag","embeddable":true,"href":"https:\/\/www.euromat.be\/fr\/wp-json\/wp\/v2\/product_tag?post=6207"}],"curies":[{"name":"wp","href":"https:\/\/api.w.org\/{rel}","templated":true}]}}