{"id":6209,"date":"2025-09-10T14:02:43","date_gmt":"2025-09-10T12:02:43","guid":{"rendered":"https:\/\/www.euromat.be\/product\/torbocar-set\/"},"modified":"2025-09-11T11:35:53","modified_gmt":"2025-09-11T09:35:53","slug":"torbocar-set","status":"publish","type":"product","link":"https:\/\/www.euromat.be\/fr\/produit\/torbocar-set\/","title":{"rendered":"Torbocar (set)"},"content":{"rendered":"<section class=\"l-section wpb_row height_auto\"><div class=\"l-section-h i-cf\"><div class=\"g-cols vc_row via_flex valign_top type_default stacking_default\"><div class=\"vc_col-sm-12 wpb_column vc_column_container\"><div class=\"vc_column-inner\"><div class=\"wpb_wrapper\"><div class=\"wpb_text_column\"><div class=\"wpb_wrapper\"><p><strong>Ensemble Torbo Torbocar<\/strong><\/p>\n<p>Sablage humide professionnel sans poussi\u00e8re &#8211; simple, puissant et polyvalent<\/p>\n<p>L&rsquo;ensemble Torbo Torbocar, disponible chez Euromat, est une machine de sablage humide de pointe de la marque Torbo. Cette solution de sablage mobile est mont\u00e9e sur remorque et con\u00e7ue pour le sablage humide \u00e0 haute pression dans les environnements industriels, urbains et \u00e9cologiquement sensibles. Avec son pot de sablage Torbo de 120 litres, son puissant compresseur 7\/45, son refroidisseur final int\u00e9gr\u00e9 et son ensemble complet d&rsquo;accessoires, la Torbocar est id\u00e9ale pour un sablage intensif et sans poussi\u00e8re.<\/p>\n<p>L&rsquo;un des principaux avantages de la technologie Torbo est sa faible teneur en poussi\u00e8re. Lors du remplissage de la cuve, l&rsquo;abrasif est pr\u00e9-m\u00e9lang\u00e9 avec de l&rsquo;eau. Pendant le sablage, l&rsquo;abrasif est introduit dans le flux d&rsquo;air sous l&rsquo;effet de la pression de l&rsquo;eau, ce qui cr\u00e9e un film d&rsquo;eau autour de chaque bille de sablage. Cela permet d&rsquo;\u00e9viter la production de poussi\u00e8re jusqu&rsquo;\u00e0 95 % &#8211; un avantage crucial pour le nettoyage des fa\u00e7ades, les b\u00e2timents class\u00e9s, le nettoyage industriel ou les projets de r\u00e9novation dans les zones urbaines.<\/p>\n<p>La grenailleuse Torbo\u00ae est facile \u00e0 utiliser par une seule personne, apr\u00e8s une br\u00e8ve formation. La t\u00e9l\u00e9commande fournie permet \u00e0 l&rsquo;op\u00e9rateur de choisir entre le sablage, le rin\u00e7age ou le nettoyage par pression d&rsquo;air. La pression de sablage (de tr\u00e8s puissante \u00e0 extr\u00eamement douce) et le rapport de m\u00e9lange eau\/sable sont tous deux r\u00e9glables. Le Torbocar est donc non seulement polyvalent, mais aussi exceptionnellement pr\u00e9cis et \u00e9conomique \u00e0 l&rsquo;usage.<\/p>\n<p><strong>Caract\u00e9ristiques principales :<\/strong><\/p>\n<p>&#8211; Cuve de sablage Torbo de 120 litres &#8211; longue dur\u00e9e de sablage sans interruption<br \/>\n&#8211; Tuyau d&rsquo;air : 3\/8&Prime;\u00a0\u00bb &#8211; diam\u00e8tre 10 mm<br \/>\n&#8211; Tuyau de sablage : 25 mm de diam\u00e8tre<br \/>\n&#8211; Compresseur 7\/45 &#8211; pression d&rsquo;air constante pour des performances \u00e9lev\u00e9es<br \/>\n&#8211; Post-refroidisseur et s\u00e9parateur d&rsquo;eau &#8211; de l&rsquo;air sec et propre pour plus de fiabilit\u00e9<br \/>\n&#8211; Pression du jet et rapport eau\/sable r\u00e9glables &#8211; contr\u00f4le maximal dans chaque application<br \/>\n-Facilit\u00e9 d&rsquo;utilisation gr\u00e2ce \u00e0 la t\u00e9l\u00e9commande &#8211; peut \u00eatre utilis\u00e9e par une seule personne<br \/>\n&#8211; Sablage sans poussi\u00e8re &#8211; gr\u00e2ce \u00e0 une technologie unique de sablage humide avec film d&rsquo;eau<\/p>\n<p><strong>Fourni avec :<\/strong><\/p>\n<p>\u2714\ufe0f Buse<br \/>\n\u2714\ufe0f Arr\u00eat d&rsquo;urgence<br \/>\n\u2714\ufe0f T\u00e9l\u00e9commande<br \/>\n\u2714\ufe0f Casque de jet<br \/>\n\u2714\ufe0f Enrouleur<br \/>\n\u2714\ufe0f S\u00e9parateur d&rsquo;eau<\/p>\n<p><strong>Applications :<\/strong><br \/>\nLa Torbo Torbocar est id\u00e9ale pour le nettoyage de fa\u00e7ades sans poussi\u00e8re, la restauration de monuments, l&rsquo;\u00e9limination des graffitis, le nettoyage du b\u00e9ton, l&rsquo;\u00e9limination de la peinture, l&rsquo;entretien des installations industrielles et des structures en acier. La pression de sablage et le dosage d&rsquo;eau r\u00e9glables font de cette machine un outil id\u00e9al pour les applications de sablage lourdes et d\u00e9licates.<\/p>\n<p><strong>Pourquoi choisir Euromat ?<\/strong><br \/>\nEn tant que partenaire exclusif de location de grandes marques telles que Torbo, Euromat propose des machines parfaitement entretenues et pr\u00eates \u00e0 \u00eatre utilis\u00e9es imm\u00e9diatement. Vous b\u00e9n\u00e9ficiez de formules de location flexibles, de conseils techniques et d&rsquo;un service fiable pour chaque projet.<\/p>\n<p>\u2714\ufe0f Location de Torbo Torbocar avec \u00e9quipement complet<br \/>\n\u2714\ufe0f Sans poussi\u00e8re, \u00e9conome en \u00e9nergie et facile \u00e0 utiliser<br \/>\n\u2714\ufe0f Assistance professionnelle et livraison rapide<\/p>\n<\/div><\/div><\/div><\/div><\/div><\/div><\/div><\/section>\n","protected":false},"excerpt":{"rendered":"<p>Torbo Torbocar \u00e0 louer ? Unit\u00e9 mobile de sablage humide de 120 l sur remorque avec compresseur, refroidisseur final et accessoires complets. Sans poussi\u00e8re jusqu&rsquo;\u00e0 95 % et r\u00e9glable pour des applications de sablage puissantes et d\u00e9licates, id\u00e9ale pour le nettoyage de fa\u00e7ades, la r\u00e9novation et la maintenance industrielle.<\/p>\n","protected":false},"featured_media":2314,"template":"","meta":{"_acf_changed":false},"product_brand":[],"product_cat":[2959,1367,1365],"product_tag":[],"class_list":{"0":"post-6209","1":"product","2":"type-product","3":"status-publish","4":"has-post-thumbnail","6":"product_cat-kit-de-sablage","7":"product_cat-materiels-de-sablage","8":"product_cat-traitement-de-surface","9":"pa_geschikt-voor-hogedruk-natstralen-fr","10":"pa_verplicht-rijbewijs-be-fr","12":"first","13":"instock","14":"purchasable","15":"product-type-simple"},"acf":[],"_links":{"self":[{"href":"https:\/\/www.euromat.be\/fr\/wp-json\/wp\/v2\/product\/6209","targetHints":{"allow":["GET"]}}],"collection":[{"href":"https:\/\/www.euromat.be\/fr\/wp-json\/wp\/v2\/product"}],"about":[{"href":"https:\/\/www.euromat.be\/fr\/wp-json\/wp\/v2\/types\/product"}],"wp:featuredmedia":[{"embeddable":true,"href":"https:\/\/www.euromat.be\/fr\/wp-json\/wp\/v2\/media\/2314"}],"wp:attachment":[{"href":"https:\/\/www.euromat.be\/fr\/wp-json\/wp\/v2\/media?parent=6209"}],"wp:term":[{"taxonomy":"product_brand","embeddable":true,"href":"https:\/\/www.euromat.be\/fr\/wp-json\/wp\/v2\/product_brand?post=6209"},{"taxonomy":"product_cat","embeddable":true,"href":"https:\/\/www.euromat.be\/fr\/wp-json\/wp\/v2\/product_cat?post=6209"},{"taxonomy":"product_tag","embeddable":true,"href":"https:\/\/www.euromat.be\/fr\/wp-json\/wp\/v2\/product_tag?post=6209"}],"curies":[{"name":"wp","href":"https:\/\/api.w.org\/{rel}","templated":true}]}}