{"id":6210,"date":"2025-09-10T14:02:43","date_gmt":"2025-09-10T12:02:43","guid":{"rendered":"https:\/\/www.euromat.be\/product\/vacuumblast-unit-voor-stofvrij-stralen-ab-1070\/"},"modified":"2025-09-11T11:35:53","modified_gmt":"2025-09-11T09:35:53","slug":"unite-de-sablage-sous-vide-pour-un-sablage-sans-poussiere-ab-1070","status":"publish","type":"product","link":"https:\/\/www.euromat.be\/fr\/produit\/unite-de-sablage-sous-vide-pour-un-sablage-sans-poussiere-ab-1070\/","title":{"rendered":"Unit\u00e9 de sablage sous vide pour un sablage sans poussi\u00e8re AB-1070"},"content":{"rendered":"<section class=\"l-section wpb_row height_auto\"><div class=\"l-section-h i-cf\"><div class=\"g-cols vc_row via_flex valign_top type_default stacking_default\"><div class=\"vc_col-sm-12 wpb_column vc_column_container\"><div class=\"vc_column-inner\"><div class=\"wpb_wrapper\"><div class=\"wpb_text_column\"><div class=\"wpb_wrapper\"><p><strong>AB-1070 Unit\u00e9 de soufflage sous vide<\/strong><\/p>\n<p>Sablage sans poussi\u00e8re avec un maximum d&rsquo;efficacit\u00e9 et de contr\u00f4le<\/p>\n<p>Pour les projets o\u00f9 des conditions de travail sans poussi\u00e8re sont essentielles, Euromat propose la puissante unit\u00e9 de sablage sous vide AB-1070. Cette unit\u00e9 de sablage ferm\u00e9e combine le sablage et l&rsquo;aspiration en un seul syst\u00e8me, ce qui permet de collecter directement l&rsquo;abrasif et de le r\u00e9utiliser. Elle est id\u00e9ale pour une utilisation en int\u00e9rieur, pour les projets de r\u00e9novation ou pour les environnements de travail o\u00f9 d&rsquo;autres activit\u00e9s se d\u00e9roulent simultan\u00e9ment. Cette unit\u00e9 de sablage sous vide AB-1070 est con\u00e7ue pour le sablage \u00e0 sec sans production de poussi\u00e8re. Avec une pression de soufflage r\u00e9glable de 1,5 \u00e0 8 bars et une largeur de 50 \u00e0 75 mm, cette unit\u00e9 fournit un soufflage contr\u00f4l\u00e9 et puissant. Les besoins en air varient entre 3 500 et 10 000 l\/min, en fonction de l&rsquo;application. Gr\u00e2ce \u00e0 sa conception en circuit ferm\u00e9, cet appareil peut \u00eatre utilis\u00e9 pendant de longues p\u00e9riodes et de mani\u00e8re efficace, tout en maintenant le lieu de travail propre et s\u00fbr.<\/p>\n<p><strong>Avantages pour l&rsquo;utilisateur :<\/strong><br \/>\nL&rsquo;unit\u00e9 de sablage sous vide fonctionne sans poussi\u00e8re, ce qui garantit non seulement un environnement de travail propre, mais aussi une s\u00e9curit\u00e9 et une efficacit\u00e9 accrues. Les autres travaux peuvent se poursuivre sans probl\u00e8me \u00e0 proximit\u00e9 de la zone de sablage. Les faibles co\u00fbts d&rsquo;exploitation, gr\u00e2ce aux abrasifs r\u00e9utilisables, rendent cette unit\u00e9 tr\u00e8s rentable.<\/p>\n<p><strong>Caract\u00e9ristiques principales :<\/strong><br \/>\n&#8211; Capacit\u00e9 d&rsquo;abrasif : 24 litres &#8211; avec r\u00e9cup\u00e9ration automatique de l&rsquo;abrasif<br \/>\n&#8211; Longueur maximale du tuyau : 45 \u00e0 60 m\u00e8tres &#8211; utilisation flexible dans des zones de travail plus vastes<br \/>\n&#8211; Consommation d&rsquo;air : 3 500 \u00e0 10 000 l\/min &#8211; fonctionnement puissant avec le bon compresseur<br \/>\n&#8211; Pression de sablage r\u00e9glable : 1,5 \u00e0 8 bars &#8211; convient \u00e0 diverses applications de sablage<br \/>\n&#8211; Dimensions (lxlxh) : 157 x 75 x 186 cm &#8211; compacte et mobile<br \/>\n&#8211; Poids (\u00e0 vide) : 500 kg &#8211; robuste et stable<br \/>\n&#8211; Taille maximale des abrasifs : 1,5 mm &#8211; optimal pour les abrasifs fins et r\u00e9utilisables<br \/>\n&#8211; Largeur du faisceau : 50 \u00e0 75 mm &#8211; faisceau pr\u00e9cis et r\u00e9gulier<\/p>\n<p><strong>Applications :<\/strong><br \/>\nLa grenailleuse \u00e0 vide AB-1070 d&rsquo;Euromat est parfaite pour les applications de sablage sans poussi\u00e8re dans les endroits sensibles, tels que les r\u00e9novations int\u00e9rieures, les b\u00e2timents class\u00e9s, les installations industrielles ou \u00e0 proximit\u00e9 de travaux en cours. Gr\u00e2ce \u00e0 son syst\u00e8me ferm\u00e9, le nettoyage, la restauration ou le sablage pr\u00e9paratoire peuvent \u00eatre effectu\u00e9s en toute s\u00e9curit\u00e9 sans contamination par la poussi\u00e8re. L&rsquo;utilisation d&rsquo;abrasifs en acier rend \u00e9galement cette installation rentable \u00e0 long terme.<\/p>\n<p>L&rsquo;utilisation est simple : apr\u00e8s une br\u00e8ve formation, une personne peut manipuler l&rsquo;installation sans probl\u00e8me. La t\u00e9l\u00e9commande permet de basculer entre le sablage, le rin\u00e7age ou le nettoyage \u00e0 l&rsquo;air comprim\u00e9, tandis que la pression de sablage et le rapport eau\/sable sont tous deux r\u00e9glables. Lors du remplissage, l&rsquo;abrasif est m\u00e9lang\u00e9 \u00e0 l&rsquo;eau et, gr\u00e2ce au film d&rsquo;eau entourant les grains, aucune poussi\u00e8re ne s&rsquo;accumule.<\/p>\n<p><strong>Pour utiliser correctement cette machine, les accessoires suivants sont n\u00e9cessaires :<\/strong><br \/>\n\u2714\ufe0f 1x compresseur 10 m\u00b3 avec aftercooler int\u00e9gr\u00e9<br \/>\n\u2714\ufe0f 1x tuyau d&rsquo;air type SLU 38 light de 20 m\u00e8tres<\/p>\n<p><strong>Abrasif \u00e0 utiliser :<\/strong><br \/>\n\u2714\ufe0f Corundum F22\/40 &#8211; recommand\u00e9 pour une performance optimale dans ce syst\u00e8me ferm\u00e9<\/p>\n<p><strong>Pourquoi choisir Euromat ?<\/strong><br \/>\nChez Euromat, vous louez des unit\u00e9s de sablage sous vide de pointe telles que l&rsquo;AB-1070 avec l&rsquo;assurance de la qualit\u00e9, d&rsquo;une assistance technique et de formules de location flexibles. Nous fournissons des instructions claires, un service fiable et un \u00e9quipement rapidement d\u00e9ployable adapt\u00e9 \u00e0 votre projet.<\/p>\n<p>\u2714\ufe0f Sablage sans poussi\u00e8re gr\u00e2ce \u00e0 un syst\u00e8me ferm\u00e9<br \/>\n\u2714\ufe0f Faibles co\u00fbts de consommation gr\u00e2ce aux abrasifs r\u00e9utilisables<br \/>\n\u2714\ufe0f Livraison rapide gr\u00e2ce \u00e0 l&rsquo;assistance technique des sp\u00e9cialistes d&rsquo;Euromat<\/p>\n<\/div><\/div><\/div><\/div><\/div><\/div><\/div><\/section>\n","protected":false},"excerpt":{"rendered":"<p>Location de l&rsquo;unit\u00e9 de sablage sous vide AB-1070 ? Syst\u00e8me de sablage ferm\u00e9, sans poussi\u00e8re, avec recyclage automatique de l&rsquo;abrasif et pression r\u00e9glable (1,5-8 bar). Id\u00e9ale pour la r\u00e9novation int\u00e9rieure, les b\u00e2timents class\u00e9s et les applications industrielles n\u00e9cessitant des conditions de travail propres.<\/p>\n","protected":false},"featured_media":2324,"template":"","meta":{"_acf_changed":false},"product_brand":[],"product_cat":[1367,1365,2962],"product_tag":[],"class_list":{"0":"post-6210","1":"product","2":"type-product","3":"status-publish","4":"has-post-thumbnail","6":"product_cat-materiels-de-sablage","7":"product_cat-traitement-de-surface","8":"product_cat-vacuumblast","9":"pa_afmetingen-lxbxh-157x75x186-cm-fr","10":"pa_breedte-straalpatroon-50-75-mm-fr","11":"pa_capaciteit-straalmiddel-24l-fr","12":"pa_gewicht-500-kg-leeg-fr","13":"pa_lengte-45-tot-50m-fr","14":"pa_luchtverbruik-m-min-3500-tot-10000-l-min-fr","15":"pa_max-straal-druk-bar-15-tot-8","16":"pa_max-straalmiddelgrootte-15-mm-fr","18":"first","19":"instock","20":"purchasable","21":"product-type-simple"},"acf":[],"_links":{"self":[{"href":"https:\/\/www.euromat.be\/fr\/wp-json\/wp\/v2\/product\/6210","targetHints":{"allow":["GET"]}}],"collection":[{"href":"https:\/\/www.euromat.be\/fr\/wp-json\/wp\/v2\/product"}],"about":[{"href":"https:\/\/www.euromat.be\/fr\/wp-json\/wp\/v2\/types\/product"}],"wp:featuredmedia":[{"embeddable":true,"href":"https:\/\/www.euromat.be\/fr\/wp-json\/wp\/v2\/media\/2324"}],"wp:attachment":[{"href":"https:\/\/www.euromat.be\/fr\/wp-json\/wp\/v2\/media?parent=6210"}],"wp:term":[{"taxonomy":"product_brand","embeddable":true,"href":"https:\/\/www.euromat.be\/fr\/wp-json\/wp\/v2\/product_brand?post=6210"},{"taxonomy":"product_cat","embeddable":true,"href":"https:\/\/www.euromat.be\/fr\/wp-json\/wp\/v2\/product_cat?post=6210"},{"taxonomy":"product_tag","embeddable":true,"href":"https:\/\/www.euromat.be\/fr\/wp-json\/wp\/v2\/product_tag?post=6210"}],"curies":[{"name":"wp","href":"https:\/\/api.w.org\/{rel}","templated":true}]}}