{"id":6211,"date":"2025-09-10T14:02:43","date_gmt":"2025-09-10T12:02:43","guid":{"rendered":"https:\/\/www.euromat.be\/product\/vacuumblast-educt-o-matic\/"},"modified":"2025-09-11T11:35:54","modified_gmt":"2025-09-11T09:35:54","slug":"vacuumblast-educt-o-matic","status":"publish","type":"product","link":"https:\/\/www.euromat.be\/fr\/produit\/vacuumblast-educt-o-matic\/","title":{"rendered":"Vacu\u00fcmblast educt-o-matic"},"content":{"rendered":"<section class=\"l-section wpb_row height_auto\"><div class=\"l-section-h i-cf\"><div class=\"g-cols vc_row via_flex valign_top type_default stacking_default\"><div class=\"vc_col-sm-12 wpb_column vc_column_container\"><div class=\"vc_column-inner\"><div class=\"wpb_wrapper\"><div class=\"wpb_text_column\"><div class=\"wpb_wrapper\"><p>Le Vacuumblast Educt-O-Matic (R\u00e9f. 113.20) est un appareil de sablage innovant qui recueille l&rsquo;abrasif et la poussi\u00e8re directement pendant le sablage. Gr\u00e2ce \u00e0 la fonction d&rsquo;aspiration int\u00e9gr\u00e9e, il est possible de travailler proprement et efficacement sans r\u00e9pandre d&rsquo;abrasif ou de poussi\u00e8re dans l&rsquo;environnement. Avec une largeur de sablage de \u00b1 32 mm, une pression de fonctionnement de 6-8 bars et une consommation d&rsquo;air de 3500-4000 l\/min, cet appareil est particuli\u00e8rement adapt\u00e9 aux travaux de nettoyage, d&rsquo;entretien et de r\u00e9paration locaux. Son faible poids (3 + 2 kg d&rsquo;abrasif) garantit \u00e9galement une utilisation confortable et de longue dur\u00e9e. Id\u00e9ale pour les applications o\u00f9 il est n\u00e9cessaire de travailler sans poussi\u00e8re.<\/p>\n<\/div><\/div><\/div><\/div><\/div><\/div><\/div><\/section>\n","protected":false},"excerpt":{"rendered":"<p>Sableuse compacte avec fonction d&rsquo;aspiration pour un travail sans poussi\u00e8re, id\u00e9ale pour les petites surfaces et les traitements localis\u00e9s.<\/p>\n","protected":false},"featured_media":2316,"template":"","meta":{"_acf_changed":false},"product_brand":[1406],"product_cat":[1367,1365,2962],"product_tag":[],"class_list":{"0":"post-6211","1":"product","2":"type-product","3":"status-publish","4":"has-post-thumbnail","6":"product_brand-educt-o-matic","7":"product_cat-materiels-de-sablage","8":"product_cat-traitement-de-surface","9":"product_cat-vacuumblast","10":"pa_breedte-straalpatroon-32-mm-fr","11":"pa_gewicht-3-2-kg-straalmiddel-fr","12":"pa_luchtverbruik-m-min-3500-4000-l-min-fr","13":"pa_max-straal-druk-bar-6-tot-8","15":"first","16":"instock","17":"purchasable","18":"product-type-simple"},"acf":[],"_links":{"self":[{"href":"https:\/\/www.euromat.be\/fr\/wp-json\/wp\/v2\/product\/6211","targetHints":{"allow":["GET"]}}],"collection":[{"href":"https:\/\/www.euromat.be\/fr\/wp-json\/wp\/v2\/product"}],"about":[{"href":"https:\/\/www.euromat.be\/fr\/wp-json\/wp\/v2\/types\/product"}],"wp:featuredmedia":[{"embeddable":true,"href":"https:\/\/www.euromat.be\/fr\/wp-json\/wp\/v2\/media\/2316"}],"wp:attachment":[{"href":"https:\/\/www.euromat.be\/fr\/wp-json\/wp\/v2\/media?parent=6211"}],"wp:term":[{"taxonomy":"product_brand","embeddable":true,"href":"https:\/\/www.euromat.be\/fr\/wp-json\/wp\/v2\/product_brand?post=6211"},{"taxonomy":"product_cat","embeddable":true,"href":"https:\/\/www.euromat.be\/fr\/wp-json\/wp\/v2\/product_cat?post=6211"},{"taxonomy":"product_tag","embeddable":true,"href":"https:\/\/www.euromat.be\/fr\/wp-json\/wp\/v2\/product_tag?post=6211"}],"curies":[{"name":"wp","href":"https:\/\/api.w.org\/{rel}","templated":true}]}}