{"id":6212,"date":"2025-09-10T14:02:18","date_gmt":"2025-09-10T12:02:18","guid":{"rendered":"https:\/\/www.euromat.be\/product\/persluchtslang-40m-6-4-38-mm\/"},"modified":"2025-09-11T11:35:56","modified_gmt":"2025-09-11T09:35:56","slug":"tuyaux-dair-40m-6-4-38-mm","status":"publish","type":"product","link":"https:\/\/www.euromat.be\/fr\/produit\/tuyaux-dair-40m-6-4-38-mm\/","title":{"rendered":"Tuyaux d&rsquo;air 40m 6\/4&Prime; &#8211; 38 mm"},"content":{"rendered":"<section class=\"l-section wpb_row height_auto\"><div class=\"l-section-h i-cf\"><div class=\"g-cols vc_row via_flex valign_top type_default stacking_default\"><div class=\"vc_col-sm-12 wpb_column vc_column_container\"><div class=\"vc_column-inner\"><div class=\"wpb_wrapper\"><div class=\"wpb_text_column\"><div class=\"wpb_wrapper\"><p>D&rsquo;une longueur de 40 m\u00e8tres, ce tuyau d&rsquo;air comprim\u00e9 offre une port\u00e9e maximale pour les op\u00e9rations intensives. Le diam\u00e8tre de 38 mm garantit un d\u00e9bit d&rsquo;air suffisant, ce qui rend ce tuyau id\u00e9al pour les projets industriels \u00e0 grande \u00e9chelle ou les chantiers de construction sur de longues distances.<\/p>\n<\/div><\/div><\/div><\/div><\/div><\/div><\/div><\/section>\n","protected":false},"excerpt":{"rendered":"<p>Tuyau d&rsquo;air comprim\u00e9 extra-long de 40 m\u00e8tres et de 38 mm de diam\u00e8tre, id\u00e9al pour les grands chantiers.<\/p>\n","protected":false},"featured_media":3469,"template":"","meta":{"_acf_changed":false},"product_brand":[],"product_cat":[1359,1355,2919],"product_tag":[],"class_list":{"0":"post-6212","1":"product","2":"type-product","3":"status-publish","4":"has-post-thumbnail","6":"product_cat-accessoires-compresseurs","7":"product_cat-compresseurs","8":"product_cat-reservoirs-dair-2","9":"pa_diameter-mm-6-4-38-mm-fr","10":"pa_lengte-40-m-fr","12":"first","13":"instock","14":"purchasable","15":"product-type-simple"},"acf":[],"_links":{"self":[{"href":"https:\/\/www.euromat.be\/fr\/wp-json\/wp\/v2\/product\/6212","targetHints":{"allow":["GET"]}}],"collection":[{"href":"https:\/\/www.euromat.be\/fr\/wp-json\/wp\/v2\/product"}],"about":[{"href":"https:\/\/www.euromat.be\/fr\/wp-json\/wp\/v2\/types\/product"}],"wp:featuredmedia":[{"embeddable":true,"href":"https:\/\/www.euromat.be\/fr\/wp-json\/wp\/v2\/media\/3469"}],"wp:attachment":[{"href":"https:\/\/www.euromat.be\/fr\/wp-json\/wp\/v2\/media?parent=6212"}],"wp:term":[{"taxonomy":"product_brand","embeddable":true,"href":"https:\/\/www.euromat.be\/fr\/wp-json\/wp\/v2\/product_brand?post=6212"},{"taxonomy":"product_cat","embeddable":true,"href":"https:\/\/www.euromat.be\/fr\/wp-json\/wp\/v2\/product_cat?post=6212"},{"taxonomy":"product_tag","embeddable":true,"href":"https:\/\/www.euromat.be\/fr\/wp-json\/wp\/v2\/product_tag?post=6212"}],"curies":[{"name":"wp","href":"https:\/\/api.w.org\/{rel}","templated":true}]}}