{"id":6213,"date":"2025-09-10T14:02:18","date_gmt":"2025-09-10T12:02:18","guid":{"rendered":"https:\/\/www.euromat.be\/product\/persluchtslang-10m-2-hd-50-mm\/"},"modified":"2025-09-11T11:35:59","modified_gmt":"2025-09-11T09:35:59","slug":"tuyaux-dair-10m-2-hd-50-mm","status":"publish","type":"product","link":"https:\/\/www.euromat.be\/fr\/produit\/tuyaux-dair-10m-2-hd-50-mm\/","title":{"rendered":"Tuyaux d&rsquo;air 10m 2&Prime; hd &#8211; 50 mm"},"content":{"rendered":"<section class=\"l-section wpb_row height_auto\"><div class=\"l-section-h i-cf\"><div class=\"g-cols vc_row via_flex valign_top type_default stacking_default\"><div class=\"vc_col-sm-12 wpb_column vc_column_container\"><div class=\"vc_column-inner\"><div class=\"wpb_wrapper\"><div class=\"wpb_text_column\"><div class=\"wpb_wrapper\"><p>Ce tuyau d&rsquo;air comprim\u00e9 de 10 m\u00e8tres, d&rsquo;un diam\u00e8tre impressionnant de 50 mm, est con\u00e7u pour les applications d&rsquo;air comprim\u00e9 les plus difficiles. Il est id\u00e9al pour alimenter de gros \u00e9quipements ou des installations n\u00e9cessitant des volumes d&rsquo;air \u00e9lev\u00e9s et continus. Sa construction robuste garantit sa fiabilit\u00e9 dans des conditions difficiles.<\/p>\n<\/div><\/div><\/div><\/div><\/div><\/div><\/div><\/section>\n","protected":false},"excerpt":{"rendered":"<p>Tuyau d&rsquo;air comprim\u00e9 puissant de 10 m\u00e8tres et de 50 mm de diam\u00e8tre pour les applications \u00e0 tr\u00e8s haute capacit\u00e9 d&rsquo;air.<\/p>\n","protected":false},"featured_media":3463,"template":"","meta":{"_acf_changed":false},"product_brand":[],"product_cat":[1359,1355,2919],"product_tag":[],"class_list":{"0":"post-6213","1":"product","2":"type-product","3":"status-publish","4":"has-post-thumbnail","6":"product_cat-accessoires-compresseurs","7":"product_cat-compresseurs","8":"product_cat-reservoirs-dair-2","9":"pa_diameter-mm-2-hd-50-mm-fr","10":"pa_lengte-10-m-fr","12":"first","13":"instock","14":"purchasable","15":"product-type-simple"},"acf":[],"_links":{"self":[{"href":"https:\/\/www.euromat.be\/fr\/wp-json\/wp\/v2\/product\/6213","targetHints":{"allow":["GET"]}}],"collection":[{"href":"https:\/\/www.euromat.be\/fr\/wp-json\/wp\/v2\/product"}],"about":[{"href":"https:\/\/www.euromat.be\/fr\/wp-json\/wp\/v2\/types\/product"}],"wp:featuredmedia":[{"embeddable":true,"href":"https:\/\/www.euromat.be\/fr\/wp-json\/wp\/v2\/media\/3463"}],"wp:attachment":[{"href":"https:\/\/www.euromat.be\/fr\/wp-json\/wp\/v2\/media?parent=6213"}],"wp:term":[{"taxonomy":"product_brand","embeddable":true,"href":"https:\/\/www.euromat.be\/fr\/wp-json\/wp\/v2\/product_brand?post=6213"},{"taxonomy":"product_cat","embeddable":true,"href":"https:\/\/www.euromat.be\/fr\/wp-json\/wp\/v2\/product_cat?post=6213"},{"taxonomy":"product_tag","embeddable":true,"href":"https:\/\/www.euromat.be\/fr\/wp-json\/wp\/v2\/product_tag?post=6213"}],"curies":[{"name":"wp","href":"https:\/\/api.w.org\/{rel}","templated":true}]}}