{"id":6214,"date":"2025-09-10T14:02:18","date_gmt":"2025-09-10T12:02:18","guid":{"rendered":"https:\/\/www.euromat.be\/product\/breekhamer-tot-3-kg-pneumatisch\/"},"modified":"2025-09-11T11:35:59","modified_gmt":"2025-09-11T09:35:59","slug":"marteau-piqueur-jusqua-3-kg-pneumatique","status":"publish","type":"product","link":"https:\/\/www.euromat.be\/fr\/produit\/marteau-piqueur-jusqua-3-kg-pneumatique\/","title":{"rendered":"Marteau piqueur jusqu&rsquo;\u00e0 3 kg pneumatique"},"content":{"rendered":"<section class=\"l-section wpb_row height_auto\"><div class=\"l-section-h i-cf\"><div class=\"g-cols vc_row via_flex valign_top type_default stacking_default\"><div class=\"vc_col-sm-12 wpb_column vc_column_container\"><div class=\"vc_column-inner\"><div class=\"wpb_wrapper\"><div class=\"wpb_text_column\"><div class=\"wpb_wrapper\"><p>Le marteau pneumatique de 3 kg (IR3PS) est un marteau compact et puissant pour les travaux de cassage et de d\u00e9molition plus l\u00e9gers. Avec un poids de seulement 3,5 kg et une fr\u00e9quence \u00e9lev\u00e9e de 3850 coups par minute, ce marteau est particuli\u00e8rement adapt\u00e9 aux travaux de pr\u00e9cision et \u00e0 une utilisation prolong\u00e9e sans fatigue. Gr\u00e2ce \u00e0 sa faible consommation d&rsquo;air de 0,35 m\u00b3\/min, le marteau peut \u00eatre utilis\u00e9 efficacement avec des compresseurs plus petits. Parfait pour les projets de r\u00e9novation et les travaux de d\u00e9molition l\u00e9gers.<\/p>\n<\/div><\/div><\/div><\/div><\/div><\/div><\/div><\/section>\n","protected":false},"excerpt":{"rendered":"<p>Marteau pneumatique l\u00e9ger de 3 kg \u00e0 louer ? Id\u00e9al pour la d\u00e9molition fine et les travaux de pr\u00e9cision, avec une fr\u00e9quence d&rsquo;impact \u00e9lev\u00e9e pour un travail efficace.<\/p>\n","protected":false},"featured_media":2140,"template":"","meta":{"_acf_changed":false},"product_brand":[],"product_cat":[1359,1355,2920],"product_tag":[],"class_list":{"0":"post-6214","1":"product","2":"type-product","3":"status-publish","4":"has-post-thumbnail","6":"product_cat-accessoires-compresseurs","7":"product_cat-compresseurs","8":"product_cat-marteaux-piqueurs","9":"pa_frequentie-spm-3850-fr","10":"pa_gewicht-35-kg-fr","11":"pa_insteek-19-hex-fr","12":"pa_luchtverbruik-m-min-035-m-min-fr","13":"pa_model-ir3ps-fr","15":"first","16":"instock","17":"purchasable","18":"product-type-simple"},"acf":[],"_links":{"self":[{"href":"https:\/\/www.euromat.be\/fr\/wp-json\/wp\/v2\/product\/6214","targetHints":{"allow":["GET"]}}],"collection":[{"href":"https:\/\/www.euromat.be\/fr\/wp-json\/wp\/v2\/product"}],"about":[{"href":"https:\/\/www.euromat.be\/fr\/wp-json\/wp\/v2\/types\/product"}],"wp:featuredmedia":[{"embeddable":true,"href":"https:\/\/www.euromat.be\/fr\/wp-json\/wp\/v2\/media\/2140"}],"wp:attachment":[{"href":"https:\/\/www.euromat.be\/fr\/wp-json\/wp\/v2\/media?parent=6214"}],"wp:term":[{"taxonomy":"product_brand","embeddable":true,"href":"https:\/\/www.euromat.be\/fr\/wp-json\/wp\/v2\/product_brand?post=6214"},{"taxonomy":"product_cat","embeddable":true,"href":"https:\/\/www.euromat.be\/fr\/wp-json\/wp\/v2\/product_cat?post=6214"},{"taxonomy":"product_tag","embeddable":true,"href":"https:\/\/www.euromat.be\/fr\/wp-json\/wp\/v2\/product_tag?post=6214"}],"curies":[{"name":"wp","href":"https:\/\/api.w.org\/{rel}","templated":true}]}}