{"id":6215,"date":"2025-09-10T14:02:18","date_gmt":"2025-09-10T12:02:18","guid":{"rendered":"https:\/\/www.euromat.be\/product\/breekhamer-tot-5-kg-pneumatisch\/"},"modified":"2025-09-11T11:35:59","modified_gmt":"2025-09-11T09:35:59","slug":"marteau-piqueur-jusqua-5-kg-pneumatique","status":"publish","type":"product","link":"https:\/\/www.euromat.be\/fr\/produit\/marteau-piqueur-jusqua-5-kg-pneumatique\/","title":{"rendered":"Marteau piqueur jusqu&rsquo;\u00e0 5 kg pneumatique"},"content":{"rendered":"<section class=\"l-section wpb_row height_auto\"><div class=\"l-section-h i-cf\"><div class=\"g-cols vc_row via_flex valign_top type_default stacking_default\"><div class=\"vc_col-sm-12 wpb_column vc_column_container\"><div class=\"vc_column-inner\"><div class=\"wpb_wrapper\"><div class=\"wpb_text_column\"><div class=\"wpb_wrapper\"><p>Le marteau pneumatique de 5 kg (IR5PS) allie maniabilit\u00e9 et puissance. Avec un poids de 5 kg et une vitesse de percussion de 2650 coups par minute, ce marteau offre d&rsquo;excellentes performances dans les travaux de cassage l\u00e9gers et moyens. Sa consommation d&rsquo;air de 0,43 m\u00b3\/min le rend \u00e9conomique et utilisable avec des compresseurs compacts. Convient pour la r\u00e9novation, le carrelage et les travaux l\u00e9gers de b\u00e9ton et de ma\u00e7onnerie.<\/p>\n<\/div><\/div><\/div><\/div><\/div><\/div><\/div><\/section>\n","protected":false},"excerpt":{"rendered":"<p>Location d&rsquo;un marteau de d\u00e9molition pneumatique de 5 kg ? Compact et puissant, id\u00e9al pour les travaux de d\u00e9molition l\u00e9gers \u00e0 moyens.<\/p>\n","protected":false},"featured_media":2142,"template":"","meta":{"_acf_changed":false},"product_brand":[],"product_cat":[1359,1355,2920],"product_tag":[],"class_list":{"0":"post-6215","1":"product","2":"type-product","3":"status-publish","4":"has-post-thumbnail","6":"product_cat-accessoires-compresseurs","7":"product_cat-compresseurs","8":"product_cat-marteaux-piqueurs","9":"pa_frequentie-spm-2650-fr","10":"pa_gewicht-5-kg-fr","11":"pa_insteek-19-hex-fr","12":"pa_luchtverbruik-m-min-043-m-min-fr","13":"pa_model-ir5ps-fr","15":"first","16":"instock","17":"purchasable","18":"product-type-simple"},"acf":[],"_links":{"self":[{"href":"https:\/\/www.euromat.be\/fr\/wp-json\/wp\/v2\/product\/6215","targetHints":{"allow":["GET"]}}],"collection":[{"href":"https:\/\/www.euromat.be\/fr\/wp-json\/wp\/v2\/product"}],"about":[{"href":"https:\/\/www.euromat.be\/fr\/wp-json\/wp\/v2\/types\/product"}],"wp:featuredmedia":[{"embeddable":true,"href":"https:\/\/www.euromat.be\/fr\/wp-json\/wp\/v2\/media\/2142"}],"wp:attachment":[{"href":"https:\/\/www.euromat.be\/fr\/wp-json\/wp\/v2\/media?parent=6215"}],"wp:term":[{"taxonomy":"product_brand","embeddable":true,"href":"https:\/\/www.euromat.be\/fr\/wp-json\/wp\/v2\/product_brand?post=6215"},{"taxonomy":"product_cat","embeddable":true,"href":"https:\/\/www.euromat.be\/fr\/wp-json\/wp\/v2\/product_cat?post=6215"},{"taxonomy":"product_tag","embeddable":true,"href":"https:\/\/www.euromat.be\/fr\/wp-json\/wp\/v2\/product_tag?post=6215"}],"curies":[{"name":"wp","href":"https:\/\/api.w.org\/{rel}","templated":true}]}}