{"id":6216,"date":"2025-09-10T14:02:18","date_gmt":"2025-09-10T12:02:18","guid":{"rendered":"https:\/\/www.euromat.be\/product\/breekhamer-tot-10-kg-pneumatisch\/"},"modified":"2025-09-11T11:36:00","modified_gmt":"2025-09-11T09:36:00","slug":"marteau-piqueur-jusqua-10-kg-pneumatique","status":"publish","type":"product","link":"https:\/\/www.euromat.be\/fr\/produit\/marteau-piqueur-jusqua-10-kg-pneumatique\/","title":{"rendered":"Marteau piqueur jusqu&rsquo;\u00e0 10 kg pneumatique"},"content":{"rendered":"<section class=\"l-section wpb_row height_auto\"><div class=\"l-section-h i-cf\"><div class=\"g-cols vc_row via_flex valign_top type_default stacking_default\"><div class=\"vc_col-sm-12 wpb_column vc_column_container\"><div class=\"vc_column-inner\"><div class=\"wpb_wrapper\"><div class=\"wpb_text_column\"><div class=\"wpb_wrapper\"><p>Le marteau de d\u00e9molition pneumatique de 10 kg (TCD-20 \/ TCD30 \/ IR12PS) est une machine robuste qui allie puissance et contr\u00f4le. Avec une vitesse de percussion de 2000 coups par minute et une consommation d&rsquo;air de 1,1 m\u00b3\/min, ce marteau est particuli\u00e8rement adapt\u00e9 aux travaux de d\u00e9molition de moyenne envergure, tels que le d\u00e9mant\u00e8lement de sols, de fondations et de murs. Gr\u00e2ce \u00e0 sa conception compacte, le marteau reste facile \u00e0 manipuler, m\u00eame lors de travaux plus longs.<\/p>\n<\/div><\/div><\/div><\/div><\/div><\/div><\/div><\/section>\n","protected":false},"excerpt":{"rendered":"<p>Location d&rsquo;un marteau pneumatique de 10 kg ? Un outil puissant et polyvalent pour les travaux de cassage moyens dans le b\u00e9ton et la ma\u00e7onnerie.<\/p>\n","protected":false},"featured_media":2132,"template":"","meta":{"_acf_changed":false},"product_brand":[],"product_cat":[1359,1355,2920],"product_tag":[],"class_list":{"0":"post-6216","1":"product","2":"type-product","3":"status-publish","4":"has-post-thumbnail","6":"product_cat-accessoires-compresseurs","7":"product_cat-compresseurs","8":"product_cat-marteaux-piqueurs","9":"pa_frequentie-spm-2000-fr","10":"pa_gewicht-10-kg-fr","11":"pa_insteek-22-hex-fr","12":"pa_luchtverbruik-m-min-110-m-min-fr","13":"pa_model-tcd20-tcd30-ir12ps-fr","15":"first","16":"instock","17":"purchasable","18":"product-type-simple"},"acf":[],"_links":{"self":[{"href":"https:\/\/www.euromat.be\/fr\/wp-json\/wp\/v2\/product\/6216","targetHints":{"allow":["GET"]}}],"collection":[{"href":"https:\/\/www.euromat.be\/fr\/wp-json\/wp\/v2\/product"}],"about":[{"href":"https:\/\/www.euromat.be\/fr\/wp-json\/wp\/v2\/types\/product"}],"wp:featuredmedia":[{"embeddable":true,"href":"https:\/\/www.euromat.be\/fr\/wp-json\/wp\/v2\/media\/2132"}],"wp:attachment":[{"href":"https:\/\/www.euromat.be\/fr\/wp-json\/wp\/v2\/media?parent=6216"}],"wp:term":[{"taxonomy":"product_brand","embeddable":true,"href":"https:\/\/www.euromat.be\/fr\/wp-json\/wp\/v2\/product_brand?post=6216"},{"taxonomy":"product_cat","embeddable":true,"href":"https:\/\/www.euromat.be\/fr\/wp-json\/wp\/v2\/product_cat?post=6216"},{"taxonomy":"product_tag","embeddable":true,"href":"https:\/\/www.euromat.be\/fr\/wp-json\/wp\/v2\/product_tag?post=6216"}],"curies":[{"name":"wp","href":"https:\/\/api.w.org\/{rel}","templated":true}]}}