{"id":6218,"date":"2025-09-10T14:02:18","date_gmt":"2025-09-10T12:02:18","guid":{"rendered":"https:\/\/www.euromat.be\/product\/breekhamer-tot-21-kg-pneumatisch\/"},"modified":"2025-09-11T11:36:00","modified_gmt":"2025-09-11T09:36:00","slug":"marteau-piqueur-jusqua-21-kg-pneumatique","status":"publish","type":"product","link":"https:\/\/www.euromat.be\/fr\/produit\/marteau-piqueur-jusqua-21-kg-pneumatique\/","title":{"rendered":"Marteau piqueur jusqu&rsquo;\u00e0 21 kg pneumatique"},"content":{"rendered":"<section class=\"l-section wpb_row height_auto\"><div class=\"l-section-h i-cf\"><div class=\"g-cols vc_row via_flex valign_top type_default stacking_default\"><div class=\"vc_col-sm-12 wpb_column vc_column_container\"><div class=\"vc_column-inner\"><div class=\"wpb_wrapper\"><div class=\"wpb_text_column\"><div class=\"wpb_wrapper\"><p>Le marteau pneumatique de 21 kg (DCT20BV) est un v\u00e9ritable concentr\u00e9 de puissance pour les travaux de d\u00e9molition lourds. Avec une vitesse de percussion de 1 320 coups par minute et une consommation d&rsquo;air de 1,4 m\u00b3\/min, ce marteau offre une force d&rsquo;impact maximale pour enlever les couches de b\u00e9ton \u00e9paisses, l&rsquo;asphalte et les fondations. Gr\u00e2ce \u00e0 sa construction robuste, ce marteau est adapt\u00e9 \u00e0 une utilisation intensive \u00e0 long terme sur les chantiers de construction.<\/p>\n<\/div><\/div><\/div><\/div><\/div><\/div><\/div><\/section>\n","protected":false},"excerpt":{"rendered":"<p>Location d&rsquo;un marteau pneumatique de 21 kg ? Marteau puissant pour les travaux lourds de b\u00e9tonnage et de d\u00e9molition de fondations.<\/p>\n","protected":false},"featured_media":2136,"template":"","meta":{"_acf_changed":false},"product_brand":[],"product_cat":[1359,1355,2920],"product_tag":[],"class_list":{"0":"post-6218","1":"product","2":"type-product","3":"status-publish","4":"has-post-thumbnail","6":"product_cat-accessoires-compresseurs","7":"product_cat-compresseurs","8":"product_cat-marteaux-piqueurs","9":"pa_frequentie-spm-1320-fr","10":"pa_gewicht-21-kg-fr","11":"pa_insteek-25-hex-fr","12":"pa_luchtverbruik-m-min-140-m-min-fr","13":"pa_model-dct20bv-fr","15":"first","16":"instock","17":"purchasable","18":"product-type-simple"},"acf":[],"_links":{"self":[{"href":"https:\/\/www.euromat.be\/fr\/wp-json\/wp\/v2\/product\/6218","targetHints":{"allow":["GET"]}}],"collection":[{"href":"https:\/\/www.euromat.be\/fr\/wp-json\/wp\/v2\/product"}],"about":[{"href":"https:\/\/www.euromat.be\/fr\/wp-json\/wp\/v2\/types\/product"}],"wp:featuredmedia":[{"embeddable":true,"href":"https:\/\/www.euromat.be\/fr\/wp-json\/wp\/v2\/media\/2136"}],"wp:attachment":[{"href":"https:\/\/www.euromat.be\/fr\/wp-json\/wp\/v2\/media?parent=6218"}],"wp:term":[{"taxonomy":"product_brand","embeddable":true,"href":"https:\/\/www.euromat.be\/fr\/wp-json\/wp\/v2\/product_brand?post=6218"},{"taxonomy":"product_cat","embeddable":true,"href":"https:\/\/www.euromat.be\/fr\/wp-json\/wp\/v2\/product_cat?post=6218"},{"taxonomy":"product_tag","embeddable":true,"href":"https:\/\/www.euromat.be\/fr\/wp-json\/wp\/v2\/product_tag?post=6218"}],"curies":[{"name":"wp","href":"https:\/\/api.w.org\/{rel}","templated":true}]}}