{"id":6220,"date":"2025-09-10T14:02:18","date_gmt":"2025-09-10T12:02:18","guid":{"rendered":"https:\/\/www.euromat.be\/product\/breekhamer-tot-30-kg-pneumatisch\/"},"modified":"2025-09-11T11:36:01","modified_gmt":"2025-09-11T09:36:01","slug":"marteau-piqueur-jusqua-30-kg-pneumatique","status":"publish","type":"product","link":"https:\/\/www.euromat.be\/fr\/produit\/marteau-piqueur-jusqua-30-kg-pneumatique\/","title":{"rendered":"Marteau piqueur jusqu&rsquo;\u00e0 30 kg pneumatique"},"content":{"rendered":"<section class=\"l-section wpb_row height_auto\"><div class=\"l-section-h i-cf\"><div class=\"g-cols vc_row via_flex valign_top type_default stacking_default\"><div class=\"vc_col-sm-12 wpb_column vc_column_container\"><div class=\"vc_column-inner\"><div class=\"wpb_wrapper\"><div class=\"wpb_text_column\"><div class=\"wpb_wrapper\"><p>Le marteau de d\u00e9molition pneumatique de 30 kg (TPB-60 \/ TPB-73) est le marteau le plus lourd de notre gamme. Avec un poids de 30-31 kg, une fr\u00e9quence de frappe de 1200-1400 coups par minute et une consommation d&rsquo;air allant jusqu&rsquo;\u00e0 1,8 m\u00b3\/min, ce marteau d\u00e9livre une puissance pure pour les travaux de d\u00e9molition extr\u00eames. Il convient \u00e0 la d\u00e9molition de sols en b\u00e9ton \u00e9pais, de fondations lourdes et de grandes structures. Le choix id\u00e9al pour les applications industrielles intensives.<\/p>\n<\/div><\/div><\/div><\/div><\/div><\/div><\/div><\/section>\n","protected":false},"excerpt":{"rendered":"<p>Location d&rsquo;un marteau pneumatique de 30 kg ? Force d&rsquo;impact maximale pour les travaux de cassage les plus difficiles.<\/p>\n","protected":false},"featured_media":2144,"template":"","meta":{"_acf_changed":false},"product_brand":[],"product_cat":[1359,1355,2920],"product_tag":[],"class_list":{"0":"post-6220","1":"product","2":"type-product","3":"status-publish","4":"has-post-thumbnail","6":"product_cat-accessoires-compresseurs","7":"product_cat-compresseurs","8":"product_cat-marteaux-piqueurs","9":"pa_frequentie-spm-1400-1200-fr","10":"pa_gewicht-30-31-kg-fr","11":"pa_insteek-32-hex-fr","12":"pa_luchtverbruik-m-min-165-180-m-min-fr","13":"pa_model-tpb-60-tpb-73-fr","15":"first","16":"instock","17":"purchasable","18":"product-type-simple"},"acf":[],"_links":{"self":[{"href":"https:\/\/www.euromat.be\/fr\/wp-json\/wp\/v2\/product\/6220","targetHints":{"allow":["GET"]}}],"collection":[{"href":"https:\/\/www.euromat.be\/fr\/wp-json\/wp\/v2\/product"}],"about":[{"href":"https:\/\/www.euromat.be\/fr\/wp-json\/wp\/v2\/types\/product"}],"wp:featuredmedia":[{"embeddable":true,"href":"https:\/\/www.euromat.be\/fr\/wp-json\/wp\/v2\/media\/2144"}],"wp:attachment":[{"href":"https:\/\/www.euromat.be\/fr\/wp-json\/wp\/v2\/media?parent=6220"}],"wp:term":[{"taxonomy":"product_brand","embeddable":true,"href":"https:\/\/www.euromat.be\/fr\/wp-json\/wp\/v2\/product_brand?post=6220"},{"taxonomy":"product_cat","embeddable":true,"href":"https:\/\/www.euromat.be\/fr\/wp-json\/wp\/v2\/product_cat?post=6220"},{"taxonomy":"product_tag","embeddable":true,"href":"https:\/\/www.euromat.be\/fr\/wp-json\/wp\/v2\/product_tag?post=6220"}],"curies":[{"name":"wp","href":"https:\/\/api.w.org\/{rel}","templated":true}]}}