{"id":6221,"date":"2025-09-10T14:02:18","date_gmt":"2025-09-10T12:02:18","guid":{"rendered":"https:\/\/www.euromat.be\/product\/boorhamer-tot-5-kg-pneumatisch\/"},"modified":"2025-09-11T11:35:59","modified_gmt":"2025-09-11T09:35:59","slug":"marteau-perforateur-jusqua-5-kg-pneumatique","status":"publish","type":"product","link":"https:\/\/www.euromat.be\/fr\/produit\/marteau-perforateur-jusqua-5-kg-pneumatique\/","title":{"rendered":"Marteau perforateur jusqu&rsquo;\u00e0 5 kg pneumatique"},"content":{"rendered":"<section class=\"l-section wpb_row height_auto\"><div class=\"l-section-h i-cf\"><div class=\"g-cols vc_row via_flex valign_top type_default stacking_default\"><div class=\"vc_col-sm-12 wpb_column vc_column_container\"><div class=\"vc_column-inner\"><div class=\"wpb_wrapper\"><div class=\"wpb_text_column\"><div class=\"wpb_wrapper\"><p>Le marteau piqueur pneumatique jusqu&rsquo;\u00e0 5 kg (IR5JS \/ DCT5JS) est une machine compacte et puissante qui excelle dans les travaux de per\u00e7age et de cassage l\u00e9gers. Pesant seulement 5 kg, le marteau est facile \u00e0 manipuler et convient \u00e0 un travail prolong\u00e9 sans fatigue. Gr\u00e2ce \u00e0 sa vitesse de percussion \u00e9lev\u00e9e de 3450 coups par minute et \u00e0 sa faible consommation d&rsquo;air de 0,48 m\u00b3\/min, cette percussion rotative travaille efficacement et rapidement. Elle est id\u00e9ale pour les projets de r\u00e9novation, les travaux l\u00e9gers sur le b\u00e9ton et le per\u00e7age de pr\u00e9cision.<\/p>\n<\/div><\/div><\/div><\/div><\/div><\/div><\/div><\/section>\n","protected":false},"excerpt":{"rendered":"<p>Location d&rsquo;un marteau perforateur pneumatique l\u00e9ger de 5 kg ? Id\u00e9al pour les travaux de pr\u00e9cision et les applications l\u00e9g\u00e8res de per\u00e7age et de cassage.<\/p>\n","protected":false},"featured_media":2130,"template":"","meta":{"_acf_changed":false},"product_brand":[],"product_cat":[1359,1355,2921],"product_tag":[],"class_list":{"0":"post-6221","1":"product","2":"type-product","3":"status-publish","4":"has-post-thumbnail","6":"product_cat-accessoires-compresseurs","7":"product_cat-compresseurs","8":"product_cat-marteaux-perforateurs","9":"pa_frequentie-spm-3450-fr","10":"pa_gewicht-5-kg-fr","11":"pa_insteek-19-hex-fr","12":"pa_luchtverbruik-m-min-048-m-min-fr","13":"pa_model-ir5js-dct5js-fr","15":"first","16":"instock","17":"purchasable","18":"product-type-simple"},"acf":[],"_links":{"self":[{"href":"https:\/\/www.euromat.be\/fr\/wp-json\/wp\/v2\/product\/6221","targetHints":{"allow":["GET"]}}],"collection":[{"href":"https:\/\/www.euromat.be\/fr\/wp-json\/wp\/v2\/product"}],"about":[{"href":"https:\/\/www.euromat.be\/fr\/wp-json\/wp\/v2\/types\/product"}],"wp:featuredmedia":[{"embeddable":true,"href":"https:\/\/www.euromat.be\/fr\/wp-json\/wp\/v2\/media\/2130"}],"wp:attachment":[{"href":"https:\/\/www.euromat.be\/fr\/wp-json\/wp\/v2\/media?parent=6221"}],"wp:term":[{"taxonomy":"product_brand","embeddable":true,"href":"https:\/\/www.euromat.be\/fr\/wp-json\/wp\/v2\/product_brand?post=6221"},{"taxonomy":"product_cat","embeddable":true,"href":"https:\/\/www.euromat.be\/fr\/wp-json\/wp\/v2\/product_cat?post=6221"},{"taxonomy":"product_tag","embeddable":true,"href":"https:\/\/www.euromat.be\/fr\/wp-json\/wp\/v2\/product_tag?post=6221"}],"curies":[{"name":"wp","href":"https:\/\/api.w.org\/{rel}","templated":true}]}}