{"id":6222,"date":"2025-09-10T14:02:18","date_gmt":"2025-09-10T12:02:18","guid":{"rendered":"https:\/\/www.euromat.be\/product\/boorhamer-tot-15-kg-pneumatisch\/"},"modified":"2025-09-11T11:35:59","modified_gmt":"2025-09-11T09:35:59","slug":"marteau-perforateur-jusqua-15-kg-pneumatique","status":"publish","type":"product","link":"https:\/\/www.euromat.be\/fr\/produit\/marteau-perforateur-jusqua-15-kg-pneumatique\/","title":{"rendered":"Marteau perforateur jusqu&rsquo;\u00e0 15 kg pneumatique"},"content":{"rendered":"<section class=\"l-section wpb_row height_auto\"><div class=\"l-section-h i-cf\"><div class=\"g-cols vc_row via_flex valign_top type_default stacking_default\"><div class=\"vc_col-sm-12 wpb_column vc_column_container\"><div class=\"vc_column-inner\"><div class=\"wpb_wrapper\"><div class=\"wpb_text_column\"><div class=\"wpb_wrapper\"><p>Le marteau-piqueur pneumatique jusqu&rsquo;\u00e0 15 kg (TJ-15) est con\u00e7u pour les travaux de forage et de d\u00e9molition de moyenne envergure dans le b\u00e9ton et la pierre. Avec un poids de 14,1 kg et une vitesse de percussion de 2 450 coups par minute, cette machine offre des performances impressionnantes. Sa consommation d&rsquo;air de 1,6 m\u00b3\/min permet une utilisation intensive dans les projets de construction et de r\u00e9novation. Gr\u00e2ce \u00e0 sa construction robuste et \u00e0 sa force de frappe puissante, cette percussion rotative est le choix id\u00e9al pour les applications professionnelles o\u00f9 la fiabilit\u00e9 et la puissance sont essentielles.<\/p>\n<\/div><\/div><\/div><\/div><\/div><\/div><\/div><\/section>\n","protected":false},"excerpt":{"rendered":"<p>Location d&rsquo;un marteau piqueur de 15 kg ? Machine puissante pour les applications de per\u00e7age et de cassage \u00e0 usage moyen.<\/p>\n","protected":false},"featured_media":2128,"template":"","meta":{"_acf_changed":false},"product_brand":[],"product_cat":[1359,1355,2921],"product_tag":[],"class_list":{"0":"post-6222","1":"product","2":"type-product","3":"status-publish","4":"has-post-thumbnail","6":"product_cat-accessoires-compresseurs","7":"product_cat-compresseurs","8":"product_cat-marteaux-perforateurs","9":"pa_frequentie-spm-2450-fr","10":"pa_gewicht-15-kg-fr","11":"pa_insteek-22-hex-fr","12":"pa_luchtverbruik-m-min-160-m-min-fr","13":"pa_model-tj-15-fr","15":"first","16":"instock","17":"purchasable","18":"product-type-simple"},"acf":[],"_links":{"self":[{"href":"https:\/\/www.euromat.be\/fr\/wp-json\/wp\/v2\/product\/6222","targetHints":{"allow":["GET"]}}],"collection":[{"href":"https:\/\/www.euromat.be\/fr\/wp-json\/wp\/v2\/product"}],"about":[{"href":"https:\/\/www.euromat.be\/fr\/wp-json\/wp\/v2\/types\/product"}],"wp:featuredmedia":[{"embeddable":true,"href":"https:\/\/www.euromat.be\/fr\/wp-json\/wp\/v2\/media\/2128"}],"wp:attachment":[{"href":"https:\/\/www.euromat.be\/fr\/wp-json\/wp\/v2\/media?parent=6222"}],"wp:term":[{"taxonomy":"product_brand","embeddable":true,"href":"https:\/\/www.euromat.be\/fr\/wp-json\/wp\/v2\/product_brand?post=6222"},{"taxonomy":"product_cat","embeddable":true,"href":"https:\/\/www.euromat.be\/fr\/wp-json\/wp\/v2\/product_cat?post=6222"},{"taxonomy":"product_tag","embeddable":true,"href":"https:\/\/www.euromat.be\/fr\/wp-json\/wp\/v2\/product_tag?post=6222"}],"curies":[{"name":"wp","href":"https:\/\/api.w.org\/{rel}","templated":true}]}}