{"id":6223,"date":"2025-09-10T14:02:18","date_gmt":"2025-09-10T12:02:18","guid":{"rendered":"https:\/\/www.euromat.be\/product\/afsteekhamer-voor-muren-pneumatisch\/"},"modified":"2025-09-11T11:35:58","modified_gmt":"2025-09-11T09:35:58","slug":"marteau-decrepisseur-pneumatique-pour-murs","status":"publish","type":"product","link":"https:\/\/www.euromat.be\/fr\/produit\/marteau-decrepisseur-pneumatique-pour-murs\/","title":{"rendered":"Marteau d\u00e9cr\u00e9pisseur pneumatique pour murs"},"content":{"rendered":"<section class=\"l-section wpb_row height_auto\"><div class=\"l-section-h i-cf\"><div class=\"g-cols vc_row via_flex valign_top type_default stacking_default\"><div class=\"vc_col-sm-12 wpb_column vc_column_container\"><div class=\"vc_column-inner\"><div class=\"wpb_wrapper\"><div class=\"wpb_text_column\"><div class=\"wpb_wrapper\"><p>Le marteau pneumatique pour le burinage des murs (VH 25-90) est une machine compacte et efficace, sp\u00e9cialement con\u00e7ue pour les travaux de pr\u00e9cision sur les surfaces verticales. Pesant seulement 3,4 kg, le marteau est facile \u00e0 manipuler, m\u00eame en cas d&rsquo;utilisation prolong\u00e9e. Gr\u00e2ce \u00e0 son taux de percussion \u00e9lev\u00e9 de 3 200 coups par minute, il offre d&rsquo;excellentes performances lors de l&rsquo;enl\u00e8vement de pl\u00e2tre, de carreaux ou d&rsquo;autres rev\u00eatements muraux. La consommation d&rsquo;air de 190 l\/min (\u00e0 6 bars) rend le marteau de d\u00e9coffrage \u00e9conomique et fiable. L&rsquo;insert VOGT de 14 mm assure \u00e9galement une fixation s\u00fbre des lames de d\u00e9coffrage.<\/p>\n<\/div><\/div><\/div><\/div><\/div><\/div><\/div><\/section>\n","protected":false},"excerpt":{"rendered":"<p>Marteau de d\u00e9molition pneumatique l\u00e9ger pour murs, id\u00e9al pour des travaux de d\u00e9molition pr\u00e9cis et rapides.<\/p>\n","protected":false},"featured_media":8896,"template":"","meta":{"_acf_changed":false},"product_brand":[],"product_cat":[1359,1355,2922],"product_tag":[],"class_list":{"0":"post-6223","1":"product","2":"type-product","3":"status-publish","4":"has-post-thumbnail","6":"product_cat-accessoires-compresseurs","7":"product_cat-compresseurs","8":"product_cat-marteaux-decrepisseurs","9":"pa_frequentie-spm-3200-fr","10":"pa_gewicht-34-kg-fr","11":"pa_insteek-vogt-14-mm-fr","12":"pa_luchtverbruik-m-min-190-m-min-bij-6-bar-fr","13":"pa_model-vh-25-90-fr","15":"first","16":"instock","17":"purchasable","18":"product-type-simple"},"acf":[],"_links":{"self":[{"href":"https:\/\/www.euromat.be\/fr\/wp-json\/wp\/v2\/product\/6223","targetHints":{"allow":["GET"]}}],"collection":[{"href":"https:\/\/www.euromat.be\/fr\/wp-json\/wp\/v2\/product"}],"about":[{"href":"https:\/\/www.euromat.be\/fr\/wp-json\/wp\/v2\/types\/product"}],"wp:featuredmedia":[{"embeddable":true,"href":"https:\/\/www.euromat.be\/fr\/wp-json\/wp\/v2\/media\/8896"}],"wp:attachment":[{"href":"https:\/\/www.euromat.be\/fr\/wp-json\/wp\/v2\/media?parent=6223"}],"wp:term":[{"taxonomy":"product_brand","embeddable":true,"href":"https:\/\/www.euromat.be\/fr\/wp-json\/wp\/v2\/product_brand?post=6223"},{"taxonomy":"product_cat","embeddable":true,"href":"https:\/\/www.euromat.be\/fr\/wp-json\/wp\/v2\/product_cat?post=6223"},{"taxonomy":"product_tag","embeddable":true,"href":"https:\/\/www.euromat.be\/fr\/wp-json\/wp\/v2\/product_tag?post=6223"}],"curies":[{"name":"wp","href":"https:\/\/api.w.org\/{rel}","templated":true}]}}