{"id":6224,"date":"2025-09-10T14:02:18","date_gmt":"2025-09-10T12:02:18","guid":{"rendered":"https:\/\/www.euromat.be\/product\/afsteekhamer-voor-vloeren-pneumatisch\/"},"modified":"2025-09-11T11:35:57","modified_gmt":"2025-09-11T09:35:57","slug":"marteau-decrepisseur-pneumatique-pour-sol","status":"publish","type":"product","link":"https:\/\/www.euromat.be\/fr\/produit\/marteau-decrepisseur-pneumatique-pour-sol\/","title":{"rendered":"Marteau d\u00e9cr\u00e9pisseur pneumatique pour sol"},"content":{"rendered":"<section class=\"l-section wpb_row height_auto\"><div class=\"l-section-h i-cf\"><div class=\"g-cols vc_row via_flex valign_top type_default stacking_default\"><div class=\"vc_col-sm-12 wpb_column vc_column_container\"><div class=\"vc_column-inner\"><div class=\"wpb_wrapper\"><div class=\"wpb_text_column\"><div class=\"wpb_wrapper\"><p>Le marteau pneumatique \u00e0 d\u00e9caper les sols (VH 50-130) est une machine robuste id\u00e9ale pour enlever les rev\u00eatements de sol tels que le carrelage, les enduits ou les r\u00e9sidus de colle. Pesant 5,7 kg, ce marteau offre une stabilit\u00e9 et une puissance suffisantes pour les applications horizontales. La cadence de 1960 coups par minute offre des performances puissantes, tandis que la consommation d&rsquo;air de 255 l\/min (\u00e0 6 bars) garantit un fonctionnement constant et fiable. L&rsquo;insert VOGT de 18 mm permet de monter facilement et en toute s\u00e9curit\u00e9 les lames ad\u00e9quates. Ce marteau est parfait pour les projets de r\u00e9novation et de d\u00e9molition intensifs o\u00f9 l&rsquo;efficacit\u00e9 et la durabilit\u00e9 sont primordiales.<\/p>\n<\/div><\/div><\/div><\/div><\/div><\/div><\/div><\/section>\n","protected":false},"excerpt":{"rendered":"<p>Marteau pneumatique puissant pour le d\u00e9capage des sols, con\u00e7u pour les applications lourdes et intensives.<\/p>\n","protected":false},"featured_media":2122,"template":"","meta":{"_acf_changed":false},"product_brand":[],"product_cat":[1359,1355,2922],"product_tag":[],"class_list":{"0":"post-6224","1":"product","2":"type-product","3":"status-publish","4":"has-post-thumbnail","6":"product_cat-accessoires-compresseurs","7":"product_cat-compresseurs","8":"product_cat-marteaux-decrepisseurs","9":"pa_frequentie-spm-1960-fr","10":"pa_gewicht-57-kg-fr","11":"pa_insteek-vogt-18-mm-fr","12":"pa_luchtverbruik-m-min-255-m-min-bij-6-bar-fr","13":"pa_model-vh-50-130-fr","15":"first","16":"instock","17":"purchasable","18":"product-type-simple"},"acf":[],"_links":{"self":[{"href":"https:\/\/www.euromat.be\/fr\/wp-json\/wp\/v2\/product\/6224","targetHints":{"allow":["GET"]}}],"collection":[{"href":"https:\/\/www.euromat.be\/fr\/wp-json\/wp\/v2\/product"}],"about":[{"href":"https:\/\/www.euromat.be\/fr\/wp-json\/wp\/v2\/types\/product"}],"wp:featuredmedia":[{"embeddable":true,"href":"https:\/\/www.euromat.be\/fr\/wp-json\/wp\/v2\/media\/2122"}],"wp:attachment":[{"href":"https:\/\/www.euromat.be\/fr\/wp-json\/wp\/v2\/media?parent=6224"}],"wp:term":[{"taxonomy":"product_brand","embeddable":true,"href":"https:\/\/www.euromat.be\/fr\/wp-json\/wp\/v2\/product_brand?post=6224"},{"taxonomy":"product_cat","embeddable":true,"href":"https:\/\/www.euromat.be\/fr\/wp-json\/wp\/v2\/product_cat?post=6224"},{"taxonomy":"product_tag","embeddable":true,"href":"https:\/\/www.euromat.be\/fr\/wp-json\/wp\/v2\/product_tag?post=6224"}],"curies":[{"name":"wp","href":"https:\/\/api.w.org\/{rel}","templated":true}]}}