{"id":6225,"date":"2025-09-10T14:02:18","date_gmt":"2025-09-10T12:02:18","guid":{"rendered":"https:\/\/www.euromat.be\/product\/breekhamer-elektrisch-295kg\/"},"modified":"2025-09-11T11:35:57","modified_gmt":"2025-09-11T09:35:57","slug":"marteau-piqueur-electrique-295kg","status":"publish","type":"product","link":"https:\/\/www.euromat.be\/fr\/produit\/marteau-piqueur-electrique-295kg\/","title":{"rendered":"Marteau piqueur \u00e9lectrique 29,5kg"},"content":{"rendered":"<section class=\"l-section wpb_row height_auto\"><div class=\"l-section-h i-cf\"><div class=\"g-cols vc_row via_flex valign_top type_default stacking_default\"><div class=\"vc_col-sm-12 wpb_column vc_column_container\"><div class=\"vc_column-inner\"><div class=\"wpb_wrapper\"><div class=\"wpb_text_column\"><div class=\"wpb_wrapper\"><p>Le marteau \u00e9lectrique H90SG est con\u00e7u pour les travaux de d\u00e9molition intensifs et l&rsquo;enl\u00e8vement efficace du b\u00e9ton et des substrats durs. D&rsquo;un poids de 29,5 kg et d&rsquo;une puissance de 2000 W, cette machine d\u00e9livre une force d&rsquo;impact de pas moins de 62 joules, ce qui permet de r\u00e9aliser rapidement et efficacement les travaux les plus difficiles. Avec une cadence de 1 000 coups par minute, la H90SG allie force brute et performances fiables. La conception ergonomique avec des poign\u00e9es robustes assure un meilleur contr\u00f4le et un plus grand confort lors d&rsquo;une utilisation prolong\u00e9e. Ce marteau est le choix id\u00e9al pour les professionnels qui ont besoin de puissance et de durabilit\u00e9 pour les projets de d\u00e9molition \u00e0 grande \u00e9chelle.<\/p>\n<\/div><\/div><\/div><\/div><\/div><\/div><\/div><\/section>\n","protected":false},"excerpt":{"rendered":"<p>Marteau \u00e9lectrique puissant avec une force d&rsquo;impact \u00e9lev\u00e9e, id\u00e9al pour les travaux lourds de d\u00e9molition et de cassage.<\/p>\n","protected":false},"featured_media":2146,"template":"","meta":{"_acf_changed":false},"product_brand":[],"product_cat":[1359,1355,2920],"product_tag":[],"class_list":{"0":"post-6225","1":"product","2":"type-product","3":"status-publish","4":"has-post-thumbnail","6":"product_cat-accessoires-compresseurs","7":"product_cat-compresseurs","8":"product_cat-marteaux-piqueurs","9":"pa_frequentie-spm-1000-fr","10":"pa_gewicht-295-kg-fr","11":"pa_model-h90sg-fr","12":"pa_slagkracht-j-62-fr","13":"pa_vermogen-w-2000-w-fr","15":"first","16":"instock","17":"purchasable","18":"product-type-simple"},"acf":[],"_links":{"self":[{"href":"https:\/\/www.euromat.be\/fr\/wp-json\/wp\/v2\/product\/6225","targetHints":{"allow":["GET"]}}],"collection":[{"href":"https:\/\/www.euromat.be\/fr\/wp-json\/wp\/v2\/product"}],"about":[{"href":"https:\/\/www.euromat.be\/fr\/wp-json\/wp\/v2\/types\/product"}],"wp:featuredmedia":[{"embeddable":true,"href":"https:\/\/www.euromat.be\/fr\/wp-json\/wp\/v2\/media\/2146"}],"wp:attachment":[{"href":"https:\/\/www.euromat.be\/fr\/wp-json\/wp\/v2\/media?parent=6225"}],"wp:term":[{"taxonomy":"product_brand","embeddable":true,"href":"https:\/\/www.euromat.be\/fr\/wp-json\/wp\/v2\/product_brand?post=6225"},{"taxonomy":"product_cat","embeddable":true,"href":"https:\/\/www.euromat.be\/fr\/wp-json\/wp\/v2\/product_cat?post=6225"},{"taxonomy":"product_tag","embeddable":true,"href":"https:\/\/www.euromat.be\/fr\/wp-json\/wp\/v2\/product_tag?post=6225"}],"curies":[{"name":"wp","href":"https:\/\/api.w.org\/{rel}","templated":true}]}}