{"id":6226,"date":"2025-09-10T14:02:18","date_gmt":"2025-09-10T12:02:18","guid":{"rendered":"https:\/\/www.euromat.be\/product\/lijnsmeerder-combi-1-uitgang\/"},"modified":"2025-09-11T11:35:57","modified_gmt":"2025-09-11T09:35:57","slug":"graisseur-de-ligne-combi","status":"publish","type":"product","link":"https:\/\/www.euromat.be\/fr\/produit\/graisseur-de-ligne-combi\/","title":{"rendered":"Graisseur de ligne combi"},"content":{"rendered":"<section class=\"l-section wpb_row height_auto\"><div class=\"l-section-h i-cf\"><div class=\"g-cols vc_row via_flex valign_top type_default stacking_default\"><div class=\"vc_col-sm-12 wpb_column vc_column_container\"><div class=\"vc_column-inner\"><div class=\"wpb_wrapper\"><div class=\"wpb_text_column\"><div class=\"wpb_wrapper\"><p>Le Line Muster Combi &#8211; 1 sortie est un kit complet d&rsquo;alimentation en air comprim\u00e9, sp\u00e9cialement construit avec des composants Wilkerson et mont\u00e9 sur un chariot durable en acier inoxydable 316. Avec un d\u00e9bit maximum de 4 m\u00b3\/min, cette unit\u00e9 est id\u00e9ale pour une utilisation sur les sols de travail, les plates-formes ext\u00e9rieures et les environnements maritimes. L&rsquo;ensemble comprend un filtre et un r\u00e9gulateur de pression, un manom\u00e8tre et un contr\u00f4leur de brouillard d&rsquo;huile, garantissant une qualit\u00e9 d&rsquo;air comprim\u00e9 optimale et un fonctionnement fiable de vos outils. Gr\u00e2ce \u00e0 sa conception compacte et robuste, le lubrificateur en ligne est facile \u00e0 d\u00e9placer et souple d&rsquo;utilisation. En option, un r\u00e9partiteur \u00e0 deux sorties peut \u00eatre ajout\u00e9 pour plus de commodit\u00e9.<\/p>\n<\/div><\/div><\/div><\/div><\/div><\/div><\/div><\/section>\n","protected":false},"excerpt":{"rendered":"<p>Kit compact et portable d&rsquo;entretien de l&rsquo;air comprim\u00e9 comprenant un filtre, un r\u00e9gulateur de pression, un manom\u00e8tre et un pulv\u00e9risateur d&rsquo;huile.<\/p>\n","protected":false},"featured_media":2705,"template":"","meta":{"_acf_changed":false},"product_brand":[],"product_cat":[1359,1355,2923],"product_tag":[],"class_list":{"0":"post-6226","1":"product","2":"type-product","3":"status-publish","4":"has-post-thumbnail","6":"product_cat-accessoires-compresseurs","7":"product_cat-compresseurs","8":"product_cat-graisseurs-de-ligne","9":"pa_debiet-4-m-min-fr","11":"first","12":"instock","13":"purchasable","14":"product-type-simple"},"acf":[],"_links":{"self":[{"href":"https:\/\/www.euromat.be\/fr\/wp-json\/wp\/v2\/product\/6226","targetHints":{"allow":["GET"]}}],"collection":[{"href":"https:\/\/www.euromat.be\/fr\/wp-json\/wp\/v2\/product"}],"about":[{"href":"https:\/\/www.euromat.be\/fr\/wp-json\/wp\/v2\/types\/product"}],"wp:featuredmedia":[{"embeddable":true,"href":"https:\/\/www.euromat.be\/fr\/wp-json\/wp\/v2\/media\/2705"}],"wp:attachment":[{"href":"https:\/\/www.euromat.be\/fr\/wp-json\/wp\/v2\/media?parent=6226"}],"wp:term":[{"taxonomy":"product_brand","embeddable":true,"href":"https:\/\/www.euromat.be\/fr\/wp-json\/wp\/v2\/product_brand?post=6226"},{"taxonomy":"product_cat","embeddable":true,"href":"https:\/\/www.euromat.be\/fr\/wp-json\/wp\/v2\/product_cat?post=6226"},{"taxonomy":"product_tag","embeddable":true,"href":"https:\/\/www.euromat.be\/fr\/wp-json\/wp\/v2\/product_tag?post=6226"}],"curies":[{"name":"wp","href":"https:\/\/api.w.org\/{rel}","templated":true}]}}