{"id":6227,"date":"2025-09-10T14:02:18","date_gmt":"2025-09-10T12:02:18","guid":{"rendered":"https:\/\/www.euromat.be\/product\/aries-palenrammer-pneumatisch\/"},"modified":"2025-09-11T11:35:57","modified_gmt":"2025-09-11T09:35:57","slug":"enfonce-pieux-pneumatique","status":"publish","type":"product","link":"https:\/\/www.euromat.be\/fr\/produit\/enfonce-pieux-pneumatique\/","title":{"rendered":"Enfonce-pieux pneumatique"},"content":{"rendered":"<section class=\"l-section wpb_row height_auto\"><div class=\"l-section-h i-cf\"><div class=\"g-cols vc_row via_flex valign_top type_default stacking_default\"><div class=\"vc_col-sm-12 wpb_column vc_column_container\"><div class=\"vc_column-inner\"><div class=\"wpb_wrapper\"><div class=\"wpb_text_column\"><div class=\"wpb_wrapper\"><p>La pilonneuse pneumatique Ari\u00e8s est sp\u00e9cialement con\u00e7ue pour pilonner efficacement et en toute s\u00e9curit\u00e9 des pieux en bois, en m\u00e9tal ou en plastique. Avec un poids de 26 kg, une consommation d&rsquo;air de 1,5 m\u00b3\/min et une cadence de 1600 coups par minute, cette pilonneuse offre des performances fiables, m\u00eame dans des conditions difficiles. Gr\u00e2ce au syst\u00e8me d&rsquo;entra\u00eenement pneumatique, la machine est durable, n\u00e9cessite peu d&rsquo;entretien et convient \u00e0 une utilisation intensive sur les chantiers de construction, les sites agricoles et le secteur maritime. Sa conception compacte et puissante la rend facile \u00e0 manipuler et \u00e0 d\u00e9ployer dans divers endroits.<\/p>\n<\/div><\/div><\/div><\/div><\/div><\/div><\/div><\/section>\n","protected":false},"excerpt":{"rendered":"<p>Robuste pilonneuse pneumatique pour enfoncer les piquets dans le sol rapidement et efficacement, avec un rythme de frappe puissant et un poids de 26 kg.<\/p>\n","protected":false},"featured_media":2905,"template":"","meta":{"_acf_changed":false},"product_brand":[],"product_cat":[1359,1355,2924],"product_tag":[],"class_list":{"0":"post-6227","1":"product","2":"type-product","3":"status-publish","4":"has-post-thumbnail","6":"product_cat-accessoires-compresseurs","7":"product_cat-compresseurs","8":"product_cat-enfonce-pieux","9":"pa_frequentie-spm-1600-fr","10":"pa_luchtverbruik-m-min-vanaf-15-m-min-fr","12":"first","13":"instock","14":"purchasable","15":"product-type-simple"},"acf":[],"_links":{"self":[{"href":"https:\/\/www.euromat.be\/fr\/wp-json\/wp\/v2\/product\/6227","targetHints":{"allow":["GET"]}}],"collection":[{"href":"https:\/\/www.euromat.be\/fr\/wp-json\/wp\/v2\/product"}],"about":[{"href":"https:\/\/www.euromat.be\/fr\/wp-json\/wp\/v2\/types\/product"}],"wp:featuredmedia":[{"embeddable":true,"href":"https:\/\/www.euromat.be\/fr\/wp-json\/wp\/v2\/media\/2905"}],"wp:attachment":[{"href":"https:\/\/www.euromat.be\/fr\/wp-json\/wp\/v2\/media?parent=6227"}],"wp:term":[{"taxonomy":"product_brand","embeddable":true,"href":"https:\/\/www.euromat.be\/fr\/wp-json\/wp\/v2\/product_brand?post=6227"},{"taxonomy":"product_cat","embeddable":true,"href":"https:\/\/www.euromat.be\/fr\/wp-json\/wp\/v2\/product_cat?post=6227"},{"taxonomy":"product_tag","embeddable":true,"href":"https:\/\/www.euromat.be\/fr\/wp-json\/wp\/v2\/product_tag?post=6227"}],"curies":[{"name":"wp","href":"https:\/\/api.w.org\/{rel}","templated":true}]}}