{"id":6228,"date":"2025-09-10T14:02:18","date_gmt":"2025-09-10T12:02:18","guid":{"rendered":"https:\/\/www.euromat.be\/product\/naaldhamer-pneumatisch-26-kg\/"},"modified":"2025-09-11T11:35:58","modified_gmt":"2025-09-11T09:35:58","slug":"marteau-aiguille-pneumatique-26-kg","status":"publish","type":"product","link":"https:\/\/www.euromat.be\/fr\/produit\/marteau-aiguille-pneumatique-26-kg\/","title":{"rendered":"Marteau aiguille pneumatique 2,6 kg"},"content":{"rendered":"<section class=\"l-section wpb_row height_auto\"><div class=\"l-section-h i-cf\"><div class=\"g-cols vc_row via_flex valign_top type_default stacking_default\"><div class=\"vc_col-sm-12 wpb_column vc_column_container\"><div class=\"vc_column-inner\"><div class=\"wpb_wrapper\"><div class=\"wpb_text_column\"><div class=\"wpb_wrapper\"><p>Le marteau \u00e0 aiguilles 23NP est un outil pneumatique l\u00e9ger et efficace qui ne p\u00e8se que 2,6 kg. \u00c9quip\u00e9 de 19 aiguilles (3 mm de diam\u00e8tre) et d&rsquo;une faible consommation d&rsquo;air de 0,10 m\u00b3\/min, ce mod\u00e8le est particuli\u00e8rement adapt\u00e9 au nettoyage des surfaces m\u00e9talliques, \u00e0 l&rsquo;\u00e9limination de la rouille, de la peinture et d&rsquo;autres d\u00e9p\u00f4ts. Gr\u00e2ce \u00e0 sa conception compacte et \u00e0 sa maniabilit\u00e9, le marteau peut facilement \u00eatre utilis\u00e9 dans les zones difficiles d&rsquo;acc\u00e8s. Ce marteau est robuste et n\u00e9cessite peu d&rsquo;entretien, ce qui le rend id\u00e9al pour une utilisation industrielle r\u00e9guli\u00e8re.<\/p>\n<\/div><\/div><\/div><\/div><\/div><\/div><\/div><\/section>\n","protected":false},"excerpt":{"rendered":"<p>Marteau pneumatique compact avec 19 aiguilles, id\u00e9al pour enlever la rouille l\u00e9g\u00e8re et la peinture.<\/p>\n","protected":false},"featured_media":2148,"template":"","meta":{"_acf_changed":false},"product_brand":[],"product_cat":[1359,1355,2925],"product_tag":[],"class_list":{"0":"post-6228","1":"product","2":"type-product","3":"status-publish","4":"has-post-thumbnail","6":"product_cat-accessoires-compresseurs","7":"product_cat-compresseurs","8":"product_cat-marteaux-aiguilles","9":"pa_gewicht-26-kg-fr","10":"pa_luchtverbruik-m-min-0100-m-min-fr","11":"pa_model-23np-fr","13":"first","14":"instock","15":"purchasable","16":"product-type-simple"},"acf":[],"_links":{"self":[{"href":"https:\/\/www.euromat.be\/fr\/wp-json\/wp\/v2\/product\/6228","targetHints":{"allow":["GET"]}}],"collection":[{"href":"https:\/\/www.euromat.be\/fr\/wp-json\/wp\/v2\/product"}],"about":[{"href":"https:\/\/www.euromat.be\/fr\/wp-json\/wp\/v2\/types\/product"}],"wp:featuredmedia":[{"embeddable":true,"href":"https:\/\/www.euromat.be\/fr\/wp-json\/wp\/v2\/media\/2148"}],"wp:attachment":[{"href":"https:\/\/www.euromat.be\/fr\/wp-json\/wp\/v2\/media?parent=6228"}],"wp:term":[{"taxonomy":"product_brand","embeddable":true,"href":"https:\/\/www.euromat.be\/fr\/wp-json\/wp\/v2\/product_brand?post=6228"},{"taxonomy":"product_cat","embeddable":true,"href":"https:\/\/www.euromat.be\/fr\/wp-json\/wp\/v2\/product_cat?post=6228"},{"taxonomy":"product_tag","embeddable":true,"href":"https:\/\/www.euromat.be\/fr\/wp-json\/wp\/v2\/product_tag?post=6228"}],"curies":[{"name":"wp","href":"https:\/\/api.w.org\/{rel}","templated":true}]}}