{"id":6229,"date":"2025-09-10T14:02:18","date_gmt":"2025-09-10T12:02:18","guid":{"rendered":"https:\/\/www.euromat.be\/product\/naaldhamer-pneumatisch-32-kg\/"},"modified":"2025-09-11T11:35:58","modified_gmt":"2025-09-11T09:35:58","slug":"marteau-aiguille-pneumatique-32-kg","status":"publish","type":"product","link":"https:\/\/www.euromat.be\/fr\/produit\/marteau-aiguille-pneumatique-32-kg\/","title":{"rendered":"Marteau aiguille pneumatique 3,2 kg"},"content":{"rendered":"<section class=\"l-section wpb_row height_auto\"><div class=\"l-section-h i-cf\"><div class=\"g-cols vc_row via_flex valign_top type_default stacking_default\"><div class=\"vc_col-sm-12 wpb_column vc_column_container\"><div class=\"vc_column-inner\"><div class=\"wpb_wrapper\"><div class=\"wpb_text_column\"><div class=\"wpb_wrapper\"><p>Le marteau \u00e0 aiguilles 34NP offre une puissance de frappe suppl\u00e9mentaire gr\u00e2ce \u00e0 ses 28 aiguilles (3 mm de diam\u00e8tre), ce qui le rend tr\u00e8s adapt\u00e9 pour s&rsquo;attaquer aux couches tenaces de rouille, de peinture et de corrosion. Avec un poids de 3,2 kg et une consommation d&rsquo;air de 0,125 m\u00b3\/min, ce marteau allie puissance et efficacit\u00e9. Sa construction robuste garantit sa durabilit\u00e9, tandis que sa conception ergonomique assure une utilisation confortable, m\u00eame pour les travaux de longue dur\u00e9e. Ce marteau est id\u00e9al pour les chantiers navals, les structures en acier et autres applications industrielles exigeantes.<\/p>\n<\/div><\/div><\/div><\/div><\/div><\/div><\/div><\/section>\n","protected":false},"excerpt":{"rendered":"<p>Puissant marteau pneumatique \u00e0 aiguilles avec 28 aiguilles pour les t\u00e2ches de nettoyage plus lourdes.<\/p>\n","protected":false},"featured_media":2150,"template":"","meta":{"_acf_changed":false},"product_brand":[],"product_cat":[1359,1355,2925],"product_tag":[],"class_list":{"0":"post-6229","1":"product","2":"type-product","3":"status-publish","4":"has-post-thumbnail","6":"product_cat-accessoires-compresseurs","7":"product_cat-compresseurs","8":"product_cat-marteaux-aiguilles","9":"pa_gewicht-32-kg-fr","10":"pa_luchtverbruik-m-min-0125-m-min-fr","11":"pa_model-34np-fr","13":"first","14":"instock","15":"purchasable","16":"product-type-simple"},"acf":[],"_links":{"self":[{"href":"https:\/\/www.euromat.be\/fr\/wp-json\/wp\/v2\/product\/6229","targetHints":{"allow":["GET"]}}],"collection":[{"href":"https:\/\/www.euromat.be\/fr\/wp-json\/wp\/v2\/product"}],"about":[{"href":"https:\/\/www.euromat.be\/fr\/wp-json\/wp\/v2\/types\/product"}],"wp:featuredmedia":[{"embeddable":true,"href":"https:\/\/www.euromat.be\/fr\/wp-json\/wp\/v2\/media\/2150"}],"wp:attachment":[{"href":"https:\/\/www.euromat.be\/fr\/wp-json\/wp\/v2\/media?parent=6229"}],"wp:term":[{"taxonomy":"product_brand","embeddable":true,"href":"https:\/\/www.euromat.be\/fr\/wp-json\/wp\/v2\/product_brand?post=6229"},{"taxonomy":"product_cat","embeddable":true,"href":"https:\/\/www.euromat.be\/fr\/wp-json\/wp\/v2\/product_cat?post=6229"},{"taxonomy":"product_tag","embeddable":true,"href":"https:\/\/www.euromat.be\/fr\/wp-json\/wp\/v2\/product_tag?post=6229"}],"curies":[{"name":"wp","href":"https:\/\/api.w.org\/{rel}","templated":true}]}}