{"id":6232,"date":"2025-09-10T14:01:55","date_gmt":"2025-09-10T12:01:55","guid":{"rendered":"https:\/\/www.euromat.be\/product\/dh-filter-tot-10-m%c2%b3-min\/"},"modified":"2025-09-11T11:36:01","modified_gmt":"2025-09-11T09:36:01","slug":"filtre-dh-jusqua10-m%c2%b3-min","status":"publish","type":"product","link":"https:\/\/www.euromat.be\/fr\/produit\/filtre-dh-jusqua10-m%c2%b3-min\/","title":{"rendered":"Filtre DH jusqu&rsquo;\u00e010 m\u00b3\/min"},"content":{"rendered":"<section class=\"l-section wpb_row height_auto\"><div class=\"l-section-h i-cf\"><div class=\"g-cols vc_row via_flex valign_top type_default stacking_default\"><div class=\"vc_col-sm-12 wpb_column vc_column_container\"><div class=\"vc_column-inner\"><div class=\"wpb_wrapper\"><div class=\"wpb_text_column\"><div class=\"wpb_wrapper\"><p>Ce filtre garantit un air comprim\u00e9 sec et propre \u00e0 un d\u00e9bit allant jusqu&rsquo;\u00e0 10 m\u00b3\/min. Indispensable pour prot\u00e9ger les machines et les outils de l&rsquo;humidit\u00e9 et de la salet\u00e9 pr\u00e9sentes dans l&rsquo;air comprim\u00e9. Compact, durable et facile \u00e0 utiliser dans les projets de construction et industriels de taille moyenne.<\/p>\n<\/div><\/div><\/div><\/div><\/div><\/div><\/div><\/section>\n","protected":false},"excerpt":{"rendered":"<p>Louer un filtre DH jusqu&rsquo;\u00e0 10 m\u00b3\/min ? Filtration fiable pour l&rsquo;air comprim\u00e9 sec dans les applications de taille moyenne.<\/p>\n","protected":false},"featured_media":2348,"template":"","meta":{"_acf_changed":false},"product_brand":[1415],"product_cat":[1359,1355,2916],"product_tag":[],"class_list":{"0":"post-6232","1":"product","2":"type-product","3":"status-publish","4":"has-post-thumbnail","6":"product_brand-ingersoll-rand","7":"product_cat-accessoires-compresseurs","8":"product_cat-compresseurs","9":"product_cat-filtres-dh","10":"pa_debiet-tot-10-m-min-fr","12":"first","13":"instock","14":"purchasable","15":"product-type-simple"},"acf":[],"_links":{"self":[{"href":"https:\/\/www.euromat.be\/fr\/wp-json\/wp\/v2\/product\/6232","targetHints":{"allow":["GET"]}}],"collection":[{"href":"https:\/\/www.euromat.be\/fr\/wp-json\/wp\/v2\/product"}],"about":[{"href":"https:\/\/www.euromat.be\/fr\/wp-json\/wp\/v2\/types\/product"}],"wp:featuredmedia":[{"embeddable":true,"href":"https:\/\/www.euromat.be\/fr\/wp-json\/wp\/v2\/media\/2348"}],"wp:attachment":[{"href":"https:\/\/www.euromat.be\/fr\/wp-json\/wp\/v2\/media?parent=6232"}],"wp:term":[{"taxonomy":"product_brand","embeddable":true,"href":"https:\/\/www.euromat.be\/fr\/wp-json\/wp\/v2\/product_brand?post=6232"},{"taxonomy":"product_cat","embeddable":true,"href":"https:\/\/www.euromat.be\/fr\/wp-json\/wp\/v2\/product_cat?post=6232"},{"taxonomy":"product_tag","embeddable":true,"href":"https:\/\/www.euromat.be\/fr\/wp-json\/wp\/v2\/product_tag?post=6232"}],"curies":[{"name":"wp","href":"https:\/\/api.w.org\/{rel}","templated":true}]}}