{"id":6233,"date":"2025-09-10T14:01:55","date_gmt":"2025-09-10T12:01:55","guid":{"rendered":"https:\/\/www.euromat.be\/product\/dh-filter-tot-20-m%c2%b3-min\/"},"modified":"2025-09-11T11:36:04","modified_gmt":"2025-09-11T09:36:04","slug":"filtre-dh-jusqua20-m%c2%b3-min","status":"publish","type":"product","link":"https:\/\/www.euromat.be\/fr\/produit\/filtre-dh-jusqua20-m%c2%b3-min\/","title":{"rendered":"Filtre DH jusqu&rsquo;\u00e020 m\u00b3\/min"},"content":{"rendered":"<section class=\"l-section wpb_row height_auto\"><div class=\"l-section-h i-cf\"><div class=\"g-cols vc_row via_flex valign_top type_default stacking_default\"><div class=\"vc_col-sm-12 wpb_column vc_column_container\"><div class=\"vc_column-inner\"><div class=\"wpb_wrapper\"><div class=\"wpb_text_column\"><div class=\"wpb_wrapper\"><p>Avec une capacit\u00e9 allant jusqu&rsquo;\u00e0 20 m\u00b3\/min, ce filtre DH est parfait pour les gros compresseurs et les applications plus lourdes. Le filtre \u00e9limine l&rsquo;humidit\u00e9 et les contaminants de l&rsquo;air comprim\u00e9, \u00e9vitant ainsi les temps d&rsquo;arr\u00eat et les dommages aux machines. Fiable, robuste et id\u00e9al pour une utilisation industrielle intensive.<\/p>\n<\/div><\/div><\/div><\/div><\/div><\/div><\/div><\/section>\n","protected":false},"excerpt":{"rendered":"<p>Louer un filtre DH jusqu&rsquo;\u00e0 20 m\u00b3\/min ? Solution robuste pour l&rsquo;air comprim\u00e9 sec dans les applications exigeantes.<\/p>\n","protected":false},"featured_media":2342,"template":"","meta":{"_acf_changed":false},"product_brand":[1415],"product_cat":[1359,1355,2916],"product_tag":[],"class_list":{"0":"post-6233","1":"product","2":"type-product","3":"status-publish","4":"has-post-thumbnail","6":"product_brand-ingersoll-rand","7":"product_cat-accessoires-compresseurs","8":"product_cat-compresseurs","9":"product_cat-filtres-dh","10":"pa_debiet-tot-20-m-min-fr","12":"first","13":"instock","14":"purchasable","15":"product-type-simple"},"acf":[],"_links":{"self":[{"href":"https:\/\/www.euromat.be\/fr\/wp-json\/wp\/v2\/product\/6233","targetHints":{"allow":["GET"]}}],"collection":[{"href":"https:\/\/www.euromat.be\/fr\/wp-json\/wp\/v2\/product"}],"about":[{"href":"https:\/\/www.euromat.be\/fr\/wp-json\/wp\/v2\/types\/product"}],"wp:featuredmedia":[{"embeddable":true,"href":"https:\/\/www.euromat.be\/fr\/wp-json\/wp\/v2\/media\/2342"}],"wp:attachment":[{"href":"https:\/\/www.euromat.be\/fr\/wp-json\/wp\/v2\/media?parent=6233"}],"wp:term":[{"taxonomy":"product_brand","embeddable":true,"href":"https:\/\/www.euromat.be\/fr\/wp-json\/wp\/v2\/product_brand?post=6233"},{"taxonomy":"product_cat","embeddable":true,"href":"https:\/\/www.euromat.be\/fr\/wp-json\/wp\/v2\/product_cat?post=6233"},{"taxonomy":"product_tag","embeddable":true,"href":"https:\/\/www.euromat.be\/fr\/wp-json\/wp\/v2\/product_tag?post=6233"}],"curies":[{"name":"wp","href":"https:\/\/api.w.org\/{rel}","templated":true}]}}