{"id":6234,"date":"2025-09-10T14:01:55","date_gmt":"2025-09-10T12:01:55","guid":{"rendered":"https:\/\/www.euromat.be\/product\/dh-filter-tot-100-m%c2%b3-min\/"},"modified":"2025-09-11T11:36:04","modified_gmt":"2025-09-11T09:36:04","slug":"filtre-dh-jusqua100-m%c2%b3-min","status":"publish","type":"product","link":"https:\/\/www.euromat.be\/fr\/produit\/filtre-dh-jusqua100-m%c2%b3-min\/","title":{"rendered":"Filtre DH jusqu&rsquo;\u00e0100 m\u00b3\/min"},"content":{"rendered":"<section class=\"l-section wpb_row height_auto\"><div class=\"l-section-h i-cf\"><div class=\"g-cols vc_row via_flex valign_top type_default stacking_default\"><div class=\"vc_col-sm-12 wpb_column vc_column_container\"><div class=\"vc_column-inner\"><div class=\"wpb_wrapper\"><div class=\"wpb_text_column\"><div class=\"wpb_wrapper\"><p>Ce filtre DH assure une filtration de haute qualit\u00e9 de l&rsquo;air comprim\u00e9 \u00e0 des d\u00e9bits allant jusqu&rsquo;\u00e0 100 m\u00b3\/min. Il est con\u00e7u pour les grands chantiers de construction et les applications industrielles o\u00f9 un approvisionnement constant en air comprim\u00e9 sec est essentiel. De construction robuste et tr\u00e8s fiable, il est id\u00e9al pour les projets \u00e0 long terme et les travaux lourds.<\/p>\n<\/div><\/div><\/div><\/div><\/div><\/div><\/div><\/section>\n","protected":false},"excerpt":{"rendered":"<p>Louer un filtre DH jusqu&rsquo;\u00e0 100 m\u00b3\/min ? Filtration puissante pour les installations et projets industriels \u00e0 grande \u00e9chelle.<\/p>\n","protected":false},"featured_media":2344,"template":"","meta":{"_acf_changed":false},"product_brand":[1415],"product_cat":[1359,1355,2916],"product_tag":[],"class_list":{"0":"post-6234","1":"product","2":"type-product","3":"status-publish","4":"has-post-thumbnail","6":"product_brand-ingersoll-rand","7":"product_cat-accessoires-compresseurs","8":"product_cat-compresseurs","9":"product_cat-filtres-dh","10":"pa_debiet-tot-100-m-min-fr","12":"first","13":"instock","14":"purchasable","15":"product-type-simple"},"acf":[],"_links":{"self":[{"href":"https:\/\/www.euromat.be\/fr\/wp-json\/wp\/v2\/product\/6234","targetHints":{"allow":["GET"]}}],"collection":[{"href":"https:\/\/www.euromat.be\/fr\/wp-json\/wp\/v2\/product"}],"about":[{"href":"https:\/\/www.euromat.be\/fr\/wp-json\/wp\/v2\/types\/product"}],"wp:featuredmedia":[{"embeddable":true,"href":"https:\/\/www.euromat.be\/fr\/wp-json\/wp\/v2\/media\/2344"}],"wp:attachment":[{"href":"https:\/\/www.euromat.be\/fr\/wp-json\/wp\/v2\/media?parent=6234"}],"wp:term":[{"taxonomy":"product_brand","embeddable":true,"href":"https:\/\/www.euromat.be\/fr\/wp-json\/wp\/v2\/product_brand?post=6234"},{"taxonomy":"product_cat","embeddable":true,"href":"https:\/\/www.euromat.be\/fr\/wp-json\/wp\/v2\/product_cat?post=6234"},{"taxonomy":"product_tag","embeddable":true,"href":"https:\/\/www.euromat.be\/fr\/wp-json\/wp\/v2\/product_tag?post=6234"}],"curies":[{"name":"wp","href":"https:\/\/api.w.org\/{rel}","templated":true}]}}