{"id":6235,"date":"2025-09-10T14:01:55","date_gmt":"2025-09-10T12:01:55","guid":{"rendered":"https:\/\/www.euromat.be\/product\/waterafscheider-contracor-ck-50\/"},"modified":"2025-09-11T11:36:04","modified_gmt":"2025-09-11T09:36:04","slug":"separateur-deau-contracor-ck-50","status":"publish","type":"product","link":"https:\/\/www.euromat.be\/fr\/produit\/separateur-deau-contracor-ck-50\/","title":{"rendered":"S\u00e9parateur d\u2019eau &#8211; Contracor CK-50"},"content":{"rendered":"<section class=\"l-section wpb_row height_auto\"><div class=\"l-section-h i-cf\"><div class=\"g-cols vc_row via_flex valign_top type_default stacking_default\"><div class=\"vc_col-sm-12 wpb_column vc_column_container\"><div class=\"vc_column-inner\"><div class=\"wpb_wrapper\"><div class=\"wpb_text_column\"><div class=\"wpb_wrapper\"><p>Le<strong>Contracor CK-50 s\u00e9parateur d&rsquo;eau<\/strong> est une solution robuste et efficace pour purifier l&rsquo;air comprim\u00e9 dans les applications intensives. Gr\u00e2ce \u00e0 son filtre coalescent int\u00e9gr\u00e9, ce s\u00e9parateur \u00e9limine les particules d&rsquo;huile et d&rsquo;eau de l&rsquo;air, r\u00e9duisant ainsi l&rsquo;usure des outils et assurant une qualit\u00e9 plus constante de l&rsquo;air comprim\u00e9.<\/p>\n<p>Avec une capacit\u00e9 maximale de 20 m\u00b3\/min et une pression de fonctionnement allant jusqu&rsquo;\u00e0 12 bars, le CK-50 est parfaitement adapt\u00e9 au sablage, aux installations industrielles et \u00e0 d&rsquo;autres applications d&rsquo;air comprim\u00e9 \u00e0 usage intensif. Sa construction robuste et sa conception conviviale &#8211; avec soupape de s\u00e9curit\u00e9, purge manuelle et raccords \u00e0 griffes robustes &#8211; font de ce s\u00e9parateur un appareil fiable et facile \u00e0 utiliser.<\/p>\n<p>\u2714\ufe0f Capacit\u00e9 jusqu&rsquo;\u00e0 20 m\u00b3\/min<br \/>\n\u2714\ufe0f \u00c9limine les particules d&rsquo;huile et d&rsquo;eau pour un air comprim\u00e9 propre<br \/>\n\u2714\ufe0f Conception robuste et mobile avec roues<br \/>\n\u2714\ufe0f Indispensable pour le sablage et les applications industrielles<\/p>\n<\/div><\/div><\/div><\/div><\/div><\/div><\/div><\/section>\n","protected":false},"excerpt":{"rendered":"<p>Louer un s\u00e9parateur d&rsquo;eau Contracor CK-50 ? S\u00e9parateur fiable avec filtre coalescent pour \u00e9liminer les particules d&rsquo;huile et d&rsquo;eau de l&rsquo;air comprim\u00e9. Id\u00e9al pour le sablage et les applications industrielles jusqu&rsquo;\u00e0 20 m\u00b3\/min.<\/p>\n","protected":false},"featured_media":3285,"template":"","meta":{"_acf_changed":false},"product_brand":[1398],"product_cat":[1359,1355,2915],"product_tag":[],"class_list":{"0":"post-6235","1":"product","2":"type-product","3":"status-publish","4":"has-post-thumbnail","6":"product_brand-contracor","7":"product_cat-accessoires-compresseurs","8":"product_cat-compresseurs","9":"product_cat-separateurs-deau","10":"pa_afmetingen-lxbxh-895x700x675-mm-fr","11":"pa_debiet-tot-20-m-min-fr","12":"pa_gewicht-44-kg-fr","13":"pa_ingang-1x-aansluiting-klauw-groot-voor-luchtslang-dia-11-2-fr","14":"pa_luchtslang-1--fr","15":"pa_uitgang-1x-aansluiting-klauw-groot-voor-luchtslang-dia-11-2-fr","16":"pa_werkdruk-12-bar-fr","18":"first","19":"instock","20":"purchasable","21":"product-type-simple"},"acf":[],"_links":{"self":[{"href":"https:\/\/www.euromat.be\/fr\/wp-json\/wp\/v2\/product\/6235","targetHints":{"allow":["GET"]}}],"collection":[{"href":"https:\/\/www.euromat.be\/fr\/wp-json\/wp\/v2\/product"}],"about":[{"href":"https:\/\/www.euromat.be\/fr\/wp-json\/wp\/v2\/types\/product"}],"wp:featuredmedia":[{"embeddable":true,"href":"https:\/\/www.euromat.be\/fr\/wp-json\/wp\/v2\/media\/3285"}],"wp:attachment":[{"href":"https:\/\/www.euromat.be\/fr\/wp-json\/wp\/v2\/media?parent=6235"}],"wp:term":[{"taxonomy":"product_brand","embeddable":true,"href":"https:\/\/www.euromat.be\/fr\/wp-json\/wp\/v2\/product_brand?post=6235"},{"taxonomy":"product_cat","embeddable":true,"href":"https:\/\/www.euromat.be\/fr\/wp-json\/wp\/v2\/product_cat?post=6235"},{"taxonomy":"product_tag","embeddable":true,"href":"https:\/\/www.euromat.be\/fr\/wp-json\/wp\/v2\/product_tag?post=6235"}],"curies":[{"name":"wp","href":"https:\/\/api.w.org\/{rel}","templated":true}]}}