{"id":6236,"date":"2025-09-10T14:01:55","date_gmt":"2025-09-10T12:01:55","guid":{"rendered":"https:\/\/www.euromat.be\/product\/waterafscheider-contracor-ck-250\/"},"modified":"2025-09-11T11:36:05","modified_gmt":"2025-09-11T09:36:05","slug":"separateur-deau-contracor-ck-250","status":"publish","type":"product","link":"https:\/\/www.euromat.be\/fr\/produit\/separateur-deau-contracor-ck-250\/","title":{"rendered":"S\u00e9parateur d\u2019eau &#8211; Contracor CK-250"},"content":{"rendered":"<section class=\"l-section wpb_row height_auto\"><div class=\"l-section-h i-cf\"><div class=\"g-cols vc_row via_flex valign_top type_default stacking_default\"><div class=\"vc_col-sm-12 wpb_column vc_column_container\"><div class=\"vc_column-inner\"><div class=\"wpb_wrapper\"><div class=\"wpb_text_column\"><div class=\"wpb_wrapper\"><p>Les<strong>Contracor CK-250 s\u00e9parateur d&rsquo;eau<\/strong> est une solution robuste pour purifier l&rsquo;air comprim\u00e9 dans les environnements exigeants. Avec une capacit\u00e9 allant jusqu&rsquo;\u00e0 45 m\u00b3\/min et une pression de travail maximale de 12 bars, il offre une filtration fiable des particules d&rsquo;huile et d&rsquo;eau gr\u00e2ce \u00e0 son filtre coalescent int\u00e9gr\u00e9. Il prolonge ainsi la dur\u00e9e de vie des outils \u00e0 air comprim\u00e9 et garantit une qualit\u00e9 constante de l&rsquo;air comprim\u00e9.<\/p>\n<p>Le CK-250 est \u00e9quip\u00e9 d&rsquo;un raccord BOSS de 2&Prime;\u00a0\u00bb pour l&rsquo;entr\u00e9e du tuyau d&rsquo;air et de deux grands raccords \u00e0 griffes \u00e0 la sortie. Gr\u00e2ce \u00e0 sa conception robuste, \u00e0 sa soupape de s\u00e9curit\u00e9 et \u00e0 sa vidange manuelle, ce s\u00e9parateur d&rsquo;eau est facile et s\u00fbr \u00e0 utiliser. Il est id\u00e9al pour le sablage, les chantiers de construction et les installations industrielles o\u00f9 de grands volumes d&rsquo;air comprim\u00e9 sont n\u00e9cessaires.<\/p>\n<p>\u2714\ufe0f Capacit\u00e9 jusqu&rsquo;\u00e0 45 m\u00b3\/min<br \/>\n\u2714\ufe0f S\u00e9paration efficace des particules d&rsquo;huile et d&rsquo;eau<br \/>\n\u2714\ufe0f \u00c9quip\u00e9 de raccords robustes et d&rsquo;une soupape de s\u00e9curit\u00e9<br \/>\n\u2714\ufe0f Fiable dans les applications industrielles lourdes<\/p>\n<\/div><\/div><\/div><\/div><\/div><\/div><\/div><\/section>\n","protected":false},"excerpt":{"rendered":"<p>Louer un s\u00e9parateur d&rsquo;eau Contracor CK-250 ? S\u00e9parateur puissant avec filtre coalescent pour \u00e9liminer les particules d&rsquo;huile et d&rsquo;eau de l&rsquo;air comprim\u00e9. Convient aux applications industrielles lourdes et aux travaux de sablage jusqu&rsquo;\u00e0 45 m\u00b3\/min.<\/p>\n","protected":false},"featured_media":3287,"template":"","meta":{"_acf_changed":false},"product_brand":[1398],"product_cat":[1359,1355,2915],"product_tag":[],"class_list":{"0":"post-6236","1":"product","2":"type-product","3":"status-publish","4":"has-post-thumbnail","6":"product_brand-contracor","7":"product_cat-accessoires-compresseurs","8":"product_cat-compresseurs","9":"product_cat-separateurs-deau","10":"pa_afmetingen-lxbxh-1305x865x887-mm-fr","11":"pa_debiet-tot-45-m-min-fr","12":"pa_gewicht-132-kg-fr","13":"pa_ingang-1x-aansluiting-2-boss-koppeling-voor-luchtslang-dia-2-fr","14":"pa_luchtslang-1--fr","15":"pa_uitgang-2x-aansluiting-klauw-groot-voor-luchtslang-dia-11-2-fr","16":"pa_werkdruk-12-bar-fr","18":"first","19":"instock","20":"purchasable","21":"product-type-simple"},"acf":[],"_links":{"self":[{"href":"https:\/\/www.euromat.be\/fr\/wp-json\/wp\/v2\/product\/6236","targetHints":{"allow":["GET"]}}],"collection":[{"href":"https:\/\/www.euromat.be\/fr\/wp-json\/wp\/v2\/product"}],"about":[{"href":"https:\/\/www.euromat.be\/fr\/wp-json\/wp\/v2\/types\/product"}],"wp:featuredmedia":[{"embeddable":true,"href":"https:\/\/www.euromat.be\/fr\/wp-json\/wp\/v2\/media\/3287"}],"wp:attachment":[{"href":"https:\/\/www.euromat.be\/fr\/wp-json\/wp\/v2\/media?parent=6236"}],"wp:term":[{"taxonomy":"product_brand","embeddable":true,"href":"https:\/\/www.euromat.be\/fr\/wp-json\/wp\/v2\/product_brand?post=6236"},{"taxonomy":"product_cat","embeddable":true,"href":"https:\/\/www.euromat.be\/fr\/wp-json\/wp\/v2\/product_cat?post=6236"},{"taxonomy":"product_tag","embeddable":true,"href":"https:\/\/www.euromat.be\/fr\/wp-json\/wp\/v2\/product_tag?post=6236"}],"curies":[{"name":"wp","href":"https:\/\/api.w.org\/{rel}","templated":true}]}}