{"id":6237,"date":"2025-09-10T14:01:55","date_gmt":"2025-09-10T12:01:55","guid":{"rendered":"https:\/\/www.euromat.be\/product\/drukregelaar-perslucht-tot-4-m%c2%b3-min\/"},"modified":"2025-09-11T11:36:05","modified_gmt":"2025-09-11T09:36:05","slug":"regulateur-de-pression-dair-comprim-jusqua-4-m%c2%b3-min","status":"publish","type":"product","link":"https:\/\/www.euromat.be\/fr\/produit\/regulateur-de-pression-dair-comprim-jusqua-4-m%c2%b3-min\/","title":{"rendered":"R\u00e9gulateur de pression d&rsquo;air comprim jusqu&rsquo;\u00e0 4 m\u00b3\/min"},"content":{"rendered":"<section class=\"l-section wpb_row height_auto\"><div class=\"l-section-h i-cf\"><div class=\"g-cols vc_row via_flex valign_top type_default stacking_default\"><div class=\"vc_col-sm-12 wpb_column vc_column_container\"><div class=\"vc_column-inner\"><div class=\"wpb_wrapper\"><div class=\"wpb_text_column\"><div class=\"wpb_wrapper\"><p>Convenant \u00e0 des d\u00e9bits allant jusqu&rsquo;\u00e0 4 m\u00b3\/min, ce r\u00e9gulateur de pression d&rsquo;air comprim\u00e9 compact offre un moyen fiable de contr\u00f4ler avec pr\u00e9cision la pression de travail. Il est parfait pour les applications l\u00e9g\u00e8res telles que les petits outils \u00e0 air comprim\u00e9, les travaux d&rsquo;assemblage ou d&rsquo;autres t\u00e2ches de pr\u00e9cision. Gr\u00e2ce \u00e0 son fonctionnement simple, ce r\u00e9gulateur de pression garantit une pression s\u00fbre et constante, ce qui vous permet de travailler en toute s\u00e9r\u00e9nit\u00e9.<\/p>\n<\/div><\/div><\/div><\/div><\/div><\/div><\/div><\/section>\n","protected":false},"excerpt":{"rendered":"<p>Louer un r\u00e9gulateur de pression d&rsquo;air comprim\u00e9 jusqu&rsquo;\u00e0 4 m\u00b3\/min ? Compact et id\u00e9al pour les applications l\u00e9g\u00e8res et les petits outils \u00e0 air comprim\u00e9 o\u00f9 un r\u00e9glage pr\u00e9cis de la pression est important.<\/p>\n","protected":false},"featured_media":2262,"template":"","meta":{"_acf_changed":false},"product_brand":[],"product_cat":[1359,1355],"product_tag":[],"class_list":{"0":"post-6237","1":"product","2":"type-product","3":"status-publish","4":"has-post-thumbnail","6":"product_cat-accessoires-compresseurs","7":"product_cat-compresseurs","8":"pa_debiet-tot-4-m-min-fr","10":"first","11":"instock","12":"purchasable","13":"product-type-simple"},"acf":[],"_links":{"self":[{"href":"https:\/\/www.euromat.be\/fr\/wp-json\/wp\/v2\/product\/6237","targetHints":{"allow":["GET"]}}],"collection":[{"href":"https:\/\/www.euromat.be\/fr\/wp-json\/wp\/v2\/product"}],"about":[{"href":"https:\/\/www.euromat.be\/fr\/wp-json\/wp\/v2\/types\/product"}],"wp:featuredmedia":[{"embeddable":true,"href":"https:\/\/www.euromat.be\/fr\/wp-json\/wp\/v2\/media\/2262"}],"wp:attachment":[{"href":"https:\/\/www.euromat.be\/fr\/wp-json\/wp\/v2\/media?parent=6237"}],"wp:term":[{"taxonomy":"product_brand","embeddable":true,"href":"https:\/\/www.euromat.be\/fr\/wp-json\/wp\/v2\/product_brand?post=6237"},{"taxonomy":"product_cat","embeddable":true,"href":"https:\/\/www.euromat.be\/fr\/wp-json\/wp\/v2\/product_cat?post=6237"},{"taxonomy":"product_tag","embeddable":true,"href":"https:\/\/www.euromat.be\/fr\/wp-json\/wp\/v2\/product_tag?post=6237"}],"curies":[{"name":"wp","href":"https:\/\/api.w.org\/{rel}","templated":true}]}}