{"id":6239,"date":"2025-09-10T14:01:55","date_gmt":"2025-09-10T12:01:55","guid":{"rendered":"https:\/\/www.euromat.be\/product\/drukregelaar-perslucht-tot-23-m%c2%b3-min\/"},"modified":"2025-09-11T11:36:05","modified_gmt":"2025-09-11T09:36:05","slug":"regulateur-de-pression-dair-comprim-jusqua-23-m%c2%b3-min","status":"publish","type":"product","link":"https:\/\/www.euromat.be\/fr\/produit\/regulateur-de-pression-dair-comprim-jusqua-23-m%c2%b3-min\/","title":{"rendered":"R\u00e9gulateur de pression d&rsquo;air comprim jusqu&rsquo;\u00e0 23 m\u00b3\/min"},"content":{"rendered":"<section class=\"l-section wpb_row height_auto\"><div class=\"l-section-h i-cf\"><div class=\"g-cols vc_row via_flex valign_top type_default stacking_default\"><div class=\"vc_col-sm-12 wpb_column vc_column_container\"><div class=\"vc_column-inner\"><div class=\"wpb_wrapper\"><div class=\"wpb_text_column\"><div class=\"wpb_wrapper\"><p>Con\u00e7u pour les applications intensives, ce r\u00e9gulateur de pression peut g\u00e9rer des d\u00e9bits d&rsquo;air comprim\u00e9 allant jusqu&rsquo;\u00e0 23 m\u00b3\/min. Il est id\u00e9al pour l&rsquo;industrie ou les applications d&rsquo;air comprim\u00e9 \u00e0 usage intensif, telles que le sablage et l&rsquo;alimentation simultan\u00e9e de plusieurs machines. Le r\u00e9gulateur fournit une pression constante, garantissant des performances et une s\u00e9curit\u00e9 optimales de l&rsquo;\u00e9quipement. Sa construction durable lui permet d&rsquo;\u00eatre utilis\u00e9 dans des environnements exigeants.<\/p>\n<\/div><\/div><\/div><\/div><\/div><\/div><\/div><\/section>\n","protected":false},"excerpt":{"rendered":"<p>Louer un r\u00e9gulateur de pression d&rsquo;air comprim\u00e9 jusqu&rsquo;\u00e0 23 m\u00b3\/min ? Robuste et puissant pour les applications industrielles \u00e0 haut d\u00e9bit d&rsquo;air.<\/p>\n","protected":false},"featured_media":2268,"template":"","meta":{"_acf_changed":false},"product_brand":[],"product_cat":[1359,1355],"product_tag":[],"class_list":{"0":"post-6239","1":"product","2":"type-product","3":"status-publish","4":"has-post-thumbnail","6":"product_cat-accessoires-compresseurs","7":"product_cat-compresseurs","8":"pa_debiet-tot-23-m-min-fr","10":"first","11":"instock","12":"purchasable","13":"product-type-simple"},"acf":[],"_links":{"self":[{"href":"https:\/\/www.euromat.be\/fr\/wp-json\/wp\/v2\/product\/6239","targetHints":{"allow":["GET"]}}],"collection":[{"href":"https:\/\/www.euromat.be\/fr\/wp-json\/wp\/v2\/product"}],"about":[{"href":"https:\/\/www.euromat.be\/fr\/wp-json\/wp\/v2\/types\/product"}],"wp:featuredmedia":[{"embeddable":true,"href":"https:\/\/www.euromat.be\/fr\/wp-json\/wp\/v2\/media\/2268"}],"wp:attachment":[{"href":"https:\/\/www.euromat.be\/fr\/wp-json\/wp\/v2\/media?parent=6239"}],"wp:term":[{"taxonomy":"product_brand","embeddable":true,"href":"https:\/\/www.euromat.be\/fr\/wp-json\/wp\/v2\/product_brand?post=6239"},{"taxonomy":"product_cat","embeddable":true,"href":"https:\/\/www.euromat.be\/fr\/wp-json\/wp\/v2\/product_cat?post=6239"},{"taxonomy":"product_tag","embeddable":true,"href":"https:\/\/www.euromat.be\/fr\/wp-json\/wp\/v2\/product_tag?post=6239"}],"curies":[{"name":"wp","href":"https:\/\/api.w.org\/{rel}","templated":true}]}}