{"id":6240,"date":"2025-09-10T14:01:55","date_gmt":"2025-09-10T12:01:55","guid":{"rendered":"https:\/\/www.euromat.be\/product\/persluchtverdeelvarken\/"},"modified":"2025-09-11T11:36:06","modified_gmt":"2025-09-11T09:36:06","slug":"distributeur-dair-comprime","status":"publish","type":"product","link":"https:\/\/www.euromat.be\/fr\/produit\/distributeur-dair-comprime\/","title":{"rendered":"Distributeur d&rsquo;air comprim\u00e9"},"content":{"rendered":"<section class=\"l-section wpb_row height_auto\"><div class=\"l-section-h i-cf\"><div class=\"g-cols vc_row via_flex valign_top type_default stacking_default\"><div class=\"vc_col-sm-12 wpb_column vc_column_container\"><div class=\"vc_column-inner\"><div class=\"wpb_wrapper\"><div class=\"wpb_text_column\"><div class=\"wpb_wrapper\"><p>Le racleur de distribution d&rsquo;air comprim\u00e9 est l&rsquo;accessoire pratique pour distribuer efficacement l&rsquo;air comprim\u00e9 d&rsquo;un compresseur vers plusieurs points de connexion. Gr\u00e2ce \u00e0 sa construction robuste et \u00e0 ses sorties multiples, vous pouvez facilement connecter plusieurs machines ou outils simultan\u00e9ment. Ce collecteur est id\u00e9al pour une utilisation sur site, dans l&rsquo;industrie ou dans les op\u00e9rations de sablage, o\u00f9 la fiabilit\u00e9 et la commodit\u00e9 sont essentielles. Une solution compacte et efficace pour toute installation d&rsquo;air comprim\u00e9.<\/p>\n<\/div><\/div><\/div><\/div><\/div><\/div><\/div><\/section>\n","protected":false},"excerpt":{"rendered":"<p>Louer un r\u00e9partiteur d&rsquo;air comprim\u00e9 ? Solution pratique pour raccorder un compresseur \u00e0 plusieurs lignes d&rsquo;air comprim\u00e9 ou machines. Compact, robuste et id\u00e9al pour la construction et les applications industrielles.<\/p>\n","protected":false},"featured_media":3279,"template":"","meta":{"_acf_changed":false},"product_brand":[],"product_cat":[1359,1355,2917],"product_tag":[],"class_list":{"0":"post-6240","1":"product","2":"type-product","3":"status-publish","4":"has-post-thumbnail","6":"product_cat-accessoires-compresseurs","7":"product_cat-compresseurs","8":"product_cat-distributeurs-dair-comprime","10":"first","11":"instock","12":"purchasable","13":"product-type-simple"},"acf":[],"_links":{"self":[{"href":"https:\/\/www.euromat.be\/fr\/wp-json\/wp\/v2\/product\/6240","targetHints":{"allow":["GET"]}}],"collection":[{"href":"https:\/\/www.euromat.be\/fr\/wp-json\/wp\/v2\/product"}],"about":[{"href":"https:\/\/www.euromat.be\/fr\/wp-json\/wp\/v2\/types\/product"}],"wp:featuredmedia":[{"embeddable":true,"href":"https:\/\/www.euromat.be\/fr\/wp-json\/wp\/v2\/media\/3279"}],"wp:attachment":[{"href":"https:\/\/www.euromat.be\/fr\/wp-json\/wp\/v2\/media?parent=6240"}],"wp:term":[{"taxonomy":"product_brand","embeddable":true,"href":"https:\/\/www.euromat.be\/fr\/wp-json\/wp\/v2\/product_brand?post=6240"},{"taxonomy":"product_cat","embeddable":true,"href":"https:\/\/www.euromat.be\/fr\/wp-json\/wp\/v2\/product_cat?post=6240"},{"taxonomy":"product_tag","embeddable":true,"href":"https:\/\/www.euromat.be\/fr\/wp-json\/wp\/v2\/product_tag?post=6240"}],"curies":[{"name":"wp","href":"https:\/\/api.w.org\/{rel}","templated":true}]}}