{"id":6241,"date":"2025-09-10T14:01:55","date_gmt":"2025-09-10T12:01:55","guid":{"rendered":"https:\/\/www.euromat.be\/product\/persluchttank-270l\/"},"modified":"2025-10-21T13:21:17","modified_gmt":"2025-10-21T11:21:17","slug":"tuyaux-dair-270l","status":"publish","type":"product","link":"https:\/\/www.euromat.be\/fr\/produit\/tuyaux-dair-270l\/","title":{"rendered":"R\u00e9servoir d\u2019air 270l"},"content":{"rendered":"<section class=\"l-section wpb_row height_auto\"><div class=\"l-section-h i-cf\"><div class=\"g-cols vc_row via_flex valign_top type_default stacking_default\"><div class=\"vc_col-sm-12 wpb_column vc_column_container\"><div class=\"vc_column-inner\"><div class=\"wpb_wrapper\"><div class=\"wpb_text_column\"><div class=\"wpb_wrapper\"><p>Ce r\u00e9servoir d&rsquo;air comprim\u00e9 de 270 litres est con\u00e7u pour tamponner et stabiliser l&rsquo;air comprim\u00e9 dans votre installation. Gr\u00e2ce \u00e0 sa taille compacte, ce r\u00e9servoir est parfait pour les petits syst\u00e8mes ou les applications mobiles o\u00f9 l&rsquo;espace est limit\u00e9. Une solution fiable pour r\u00e9duire les fluctuations de pression et augmenter l&rsquo;efficacit\u00e9 de votre compresseur.<\/p>\n<\/div><\/div><\/div><\/div><\/div><\/div><\/div><\/section>\n","protected":false},"excerpt":{"rendered":"<p>R\u00e9servoir d&rsquo;air comprim\u00e9 compact de 270 litres pour le stockage temporaire et la stabilisation de l&rsquo;air comprim\u00e9. Id\u00e9al pour les petites installations.<\/p>\n","protected":false},"featured_media":2919,"template":"","meta":{"_acf_changed":false},"product_brand":[],"product_cat":[1359,1355,2918],"product_tag":[],"class_list":{"0":"post-6241","1":"product","2":"type-product","3":"status-publish","4":"has-post-thumbnail","6":"product_cat-accessoires-compresseurs","7":"product_cat-compresseurs","8":"product_cat-reservoirs-dair","9":"pa_inhoud-l-270-l-fr","11":"first","12":"instock","13":"purchasable","14":"product-type-simple"},"acf":[],"_links":{"self":[{"href":"https:\/\/www.euromat.be\/fr\/wp-json\/wp\/v2\/product\/6241","targetHints":{"allow":["GET"]}}],"collection":[{"href":"https:\/\/www.euromat.be\/fr\/wp-json\/wp\/v2\/product"}],"about":[{"href":"https:\/\/www.euromat.be\/fr\/wp-json\/wp\/v2\/types\/product"}],"wp:featuredmedia":[{"embeddable":true,"href":"https:\/\/www.euromat.be\/fr\/wp-json\/wp\/v2\/media\/2919"}],"wp:attachment":[{"href":"https:\/\/www.euromat.be\/fr\/wp-json\/wp\/v2\/media?parent=6241"}],"wp:term":[{"taxonomy":"product_brand","embeddable":true,"href":"https:\/\/www.euromat.be\/fr\/wp-json\/wp\/v2\/product_brand?post=6241"},{"taxonomy":"product_cat","embeddable":true,"href":"https:\/\/www.euromat.be\/fr\/wp-json\/wp\/v2\/product_cat?post=6241"},{"taxonomy":"product_tag","embeddable":true,"href":"https:\/\/www.euromat.be\/fr\/wp-json\/wp\/v2\/product_tag?post=6241"}],"curies":[{"name":"wp","href":"https:\/\/api.w.org\/{rel}","templated":true}]}}