{"id":6243,"date":"2025-09-10T14:01:55","date_gmt":"2025-09-10T12:01:55","guid":{"rendered":"https:\/\/www.euromat.be\/product\/persluchttank-900l\/"},"modified":"2025-10-21T13:22:55","modified_gmt":"2025-10-21T11:22:55","slug":"tuyaux-dair-900l","status":"publish","type":"product","link":"https:\/\/www.euromat.be\/fr\/produit\/tuyaux-dair-900l\/","title":{"rendered":"R\u00e9servoir d\u2019air 900l"},"content":{"rendered":"<section class=\"l-section wpb_row height_auto\"><div class=\"l-section-h i-cf\"><div class=\"g-cols vc_row via_flex valign_top type_default stacking_default\"><div class=\"vc_col-sm-12 wpb_column vc_column_container\"><div class=\"vc_column-inner\"><div class=\"wpb_wrapper\"><div class=\"wpb_text_column\"><div class=\"wpb_wrapper\"><p>Ce r\u00e9servoir d&rsquo;air comprim\u00e9 de 900 litres convient aux installations ayant une forte demande d&rsquo;air comprim\u00e9. Le r\u00e9servoir sert de tampon pour minimiser les fluctuations de pression et prolonger la dur\u00e9e de vie du compresseur. Gr\u00e2ce \u00e0 sa grande capacit\u00e9, ce mod\u00e8le est particuli\u00e8rement adapt\u00e9 aux processus industriels intensifs ou aux applications \u00e0 long terme.<\/p>\n<\/div><\/div><\/div><\/div><\/div><\/div><\/div><\/section>\n","protected":false},"excerpt":{"rendered":"<p>R\u00e9servoir d&rsquo;air comprim\u00e9 robuste de 900 litres pour des besoins en air plus importants et un contr\u00f4le efficace de la pression.<\/p>\n","protected":false},"featured_media":2923,"template":"","meta":{"_acf_changed":false},"product_brand":[],"product_cat":[1359,1355,2918],"product_tag":[],"class_list":{"0":"post-6243","1":"product","2":"type-product","3":"status-publish","4":"has-post-thumbnail","6":"product_cat-accessoires-compresseurs","7":"product_cat-compresseurs","8":"product_cat-reservoirs-dair","9":"pa_inhoud-l-900-l-fr","11":"first","12":"instock","13":"purchasable","14":"product-type-simple"},"acf":[],"_links":{"self":[{"href":"https:\/\/www.euromat.be\/fr\/wp-json\/wp\/v2\/product\/6243","targetHints":{"allow":["GET"]}}],"collection":[{"href":"https:\/\/www.euromat.be\/fr\/wp-json\/wp\/v2\/product"}],"about":[{"href":"https:\/\/www.euromat.be\/fr\/wp-json\/wp\/v2\/types\/product"}],"wp:featuredmedia":[{"embeddable":true,"href":"https:\/\/www.euromat.be\/fr\/wp-json\/wp\/v2\/media\/2923"}],"wp:attachment":[{"href":"https:\/\/www.euromat.be\/fr\/wp-json\/wp\/v2\/media?parent=6243"}],"wp:term":[{"taxonomy":"product_brand","embeddable":true,"href":"https:\/\/www.euromat.be\/fr\/wp-json\/wp\/v2\/product_brand?post=6243"},{"taxonomy":"product_cat","embeddable":true,"href":"https:\/\/www.euromat.be\/fr\/wp-json\/wp\/v2\/product_cat?post=6243"},{"taxonomy":"product_tag","embeddable":true,"href":"https:\/\/www.euromat.be\/fr\/wp-json\/wp\/v2\/product_tag?post=6243"}],"curies":[{"name":"wp","href":"https:\/\/api.w.org\/{rel}","templated":true}]}}